{"id":29971,"date":"2022-04-01T11:38:33","date_gmt":"2022-04-01T11:38:33","guid":{"rendered":"https:\/\/evotek.md\/produse\/fara-categorie\/centrul-culinar-retigo-vision-black-edition\/"},"modified":"2022-05-27T10:01:24","modified_gmt":"2022-05-27T10:01:24","slug":"centrul-culinar-retigo-vision-black-edition","status":"publish","type":"product","link":"https:\/\/evotek.md\/ro\/produse\/echipamente-termice\/cuptoare-cu-abur-2-teplovoe-oborudovanie\/centrul-culinar-retigo-vision-black-edition\/","title":{"rendered":"CENTRUL CULINAR RETIGO VISION -BLACK EDITION- 11xGN1\/1 -B1011B"},"content":{"rendered":"<div><strong>CENTRUL CULINAR RETIGO VISION -BLACK EDITION- 11xGN1\/1 -B1011B-<\/strong> este unul dintre cele mai populare cuptoare Retigo Vision. M\u0103rimea 1011 este ideal\u0103 pentru capacit\u0103\u021bi de produc\u021bie de la 151 la 250 de por\u021bii pe zi. Dimensiunile tavelor GN 1\/1 530&#215;325 mm. Pentru m\u0103rimea 1011, pute\u021bi achizi\u021biona suplimentar o gam\u0103 larg\u0103 de accesorii &#8211; diverse tipuri de suporturi din o\u021bel inoxidabil, Vision Vent etc. Acest model 1011 poate fi instalat \u00eempreun\u0103 cu un alt cuptor. Sistemul de generare a aburului func\u021bioneaz\u0103 pe principiul unui cazan. Sursa de caldura este electrica.<\/div>\n<div><\/div>\n<div><strong>Preparare:<\/strong><\/div>\n<div>&#8211; Aer cald 30 &#8211; 300 \u00b0C<\/div>\n<div>&#8211; Mod combinat 30 &#8211; 300 \u00b0C<\/div>\n<div>&#8211; Gatire la abur 30 &#8211; 130 \u00b0C<\/div>\n<div>&#8211; G\u0103tire bio 30 &#8211; 98 \u00b0C<\/div>\n<div>G\u0103titul peste noapte economise\u0219te timp \u0219i bani. Controlul nivelului &#8211; setarea timpului pentru niveluri<\/div>\n<div>&#8211; AHC (Active Humidity Control) &#8211; control automat al umidit\u0103\u021bii &#8211; o garan\u021bie a rezultatelor excelente<\/div>\n<div>&#8211; Sistem de abur sofisticat &#8211; rezultate excelente de abur datorit\u0103 \u00eenc\u0103lzirii apei \u00een dou\u0103 trepte \u0219i recuper\u0103rii c\u0103ldurii<\/div>\n<div>&#8211; \u00cenc\u0103rcare orizontal\u0103 &#8211; siguran\u021b\u0103 \u0219i confort<\/div>\n<div>&#8211; G\u0103tire Delta T &#8211; precizie la g\u0103tirea buc\u0103\u021bilor mari G\u0103tirea la temperatur\u0103 sc\u0103zut\u0103 &#8211; pierdere redus\u0103 \u00een greutate, gust \u00eembun\u0103t\u0103\u021bit.<\/div>\n<div>&#8211; Cook &amp; Hold &#8211; dup\u0103 terminarea g\u0103tirii, trecere automat\u0103 la faza de depozitare<\/div>\n<div>&#8211; Golden Touch &#8211; culoare perfect\u0103 \u0219i crust\u0103 crocant\u0103 la atingerea unui buton<\/div>\n<div>&#8211; \u00cenc\u0103lzire\/r\u0103cire automat\u0103 a camerei de g\u0103tit cu posibilitatea de a seta temperatura dorit\u0103<\/div>\n<div>&#8211; Sous vide, Uscare, Sterilizare, Confit, Afumare &#8211; programe speciale pentru gastronomia moderna<\/div>\n<div><\/div>\n<div><strong>My Vision Comenzi:<\/strong><\/div>\n<div>Display de 8&#8243; &#8211; operare simpla si intuitiva<\/div>\n<div>MyVision &#8211; adaptare, tot ce ave\u021bi nevoie \u00een meniul principal<\/div>\n<div>Panou tactil &#8211; panoul functioneaza perfect si rapid in orice conditii, fara elemente mecanice si butoane<\/div>\n<div>Easy Cooking &#8211; cuptorul cu abur combinat recomanda tehnologia potrivita pentru rezultatul dorit<\/div>\n<div>Sond\u0103 de temperatur\u0103 \u00een 6 puncte &#8211; \u0219ase puncte de m\u0103surare pentru controlul precis al temperaturii miezului vasului<\/div>\n<div>1000 de programe \u00een 20 de etape<\/div>\n<div>Pictograme &#8211; posibilitate de pictograme pentru programe<\/div>\n<div>Func\u021bia de \u00eenv\u0103\u021bare &#8211; salvarea programului cu toate modific\u0103rile care au fost f\u0103cute \u00een timpul preg\u0103tirii preparatului<\/div>\n<div>10 recente &#8211; afi\u0219are automat\u0103 a ultimelor 10 procese de g\u0103tit<\/div>\n<div>Multitasking &#8211; o oportunitate unic\u0103 de a lucra cu afi\u0219ajul \u00een timpul g\u0103titului<\/div>\n<div>Pornire automat\u0103 &#8211; posibilitatea de a programa o pornire \u00eent\u00e2rziat\u0103<\/div>\n<div>EcoLogic &#8211; sunt afi\u0219ate date despre consumul de energie pentru fiecare proces de g\u0103tit.<\/div>\n<div>Timp infinit de g\u0103tit &#8211; economisi\u021bi timp atunci c\u00e2nd g\u0103ti\u021bi \u00een orele de v\u00e2rf<\/div>\n<div><\/div>\n<div><strong>Alt echipament:<\/strong><\/div>\n<div>Active Cleaning &#8211; sistem economic de spalare automata<\/div>\n<div>U\u0219\u0103 din sticl\u0103 tripl\u0103 &#8211; pierderi minime de c\u0103ldur\u0103, consum redus de energie, limit\u0103 de op\u0103rire<\/div>\n<div>Ventilator cu inversare automata &#8211; uniformitate de coacere<\/div>\n<div>Supap\u0103 &#8211; uscare rapid\u0103 a camerei de g\u0103tit pentru a \u00eembun\u0103t\u0103\u021bi crocanta \u0219i culoarea frumoas\u0103, sistem patentat de uscare a aerului.<\/div>\n<div>7 viteze ale ventilatorului &#8211; controlul vitezei de distribu\u021bie \u0219i func\u021bie de circula\u021bie a aerului<\/div>\n<div>Oprire ventilator &#8211; oprirea imediat\u0103 a ventilatorului \u00eempiedic\u0103 scurgerea c\u0103ldurii \u0219i aburului atunci c\u00e2nd u\u0219a este deschis\u0103 \u0219i previne arsurile personalului<\/div>\n<div>Cicluri ventilatoare &#8211; uniformitate in 3 trepte<\/div>\n<div>O\u021bel inoxidabil AISI 304 &#8211; materiale din o\u021bel inoxidabil de \u00eenalt\u0103 calitate, cu un strat special pentru a cre\u0219te durata de via\u021b\u0103.<\/div>\n<div>Du\u0219 de m\u00e2n\u0103 \u00eencorporat &#8211; pentru o cur\u0103\u021bare u\u0219oar\u0103, nu se folose\u0219te ap\u0103 dedurizat\u0103<\/div>\n<div>WSS (Water Saving System) &#8211; sistemul special de scurgere \u0219i schimb\u0103torul de c\u0103ldur\u0103 \u00eencorporat asigur\u0103 un consum foarte sc\u0103zut de ap\u0103<\/div>\n<div><\/div>\n<div><strong>Unificarea conexiunii:<\/strong><\/div>\n<div>Interfa\u021b\u0103 USB &#8211; transfer u\u0219or de date \u00een \u0219i afar\u0103 din cuptorul cu aburi combinat.<\/div>\n<div>Ethernet\/LAN &#8211; conectivitate la re\u021bea, comunicare cu browser web<\/div>\n<div>Software-ul VisionCombi &#8211; administrarea programelor \u0219i pictogramelor pe computer, vizualizarea datelor HACCP.<\/div>\n<div><\/div>\n<div><strong>\u00cenregistr\u0103ri de exploatare:<\/strong><\/div>\n<div>\u00cenregistrare HACCP &#8211; analiz\u0103 u\u0219oar\u0103 \u0219i imediat\u0103 a punctelor critice de g\u0103tit. Documenta\u021bia complet\u0103 a evenimentelor opera\u021bionale<\/div>\n<div><\/div>\n<div><strong>\u00cenregistr\u0103ri opera\u021bionale:<\/strong><\/div>\n<div>BCS (Boiler Control System) &#8211; control automat al cazanului, trecere automat\u0103 \u00een modul de injec\u021bie \u00een cazul defec\u021biunii cazanului<\/div>\n<div>Sistem de service \u0219i diagnosticare &#8211; analiza automat\u0103 a erorilor<\/div>\n<div><\/div>\n<div><strong>Caracteristici:<\/strong><\/div>\n<div>Greutate bruta: 152 kg<\/div>\n<div>Greutate: 138 kg<\/div>\n<div>Inaltime: 821 mm<\/div>\n<div>Dimensiuni: 933x1046x821 mm<\/div>\n<div>Ad\u00e2ncime: 1046 mm<\/div>\n<div>Interval de temperatur\u0103: de la 30 la 300 \u00b0 C<\/div>\n<div>Latime: 933 mm<\/div>\n<div>Consum total de energie: 18,6 kW<\/div>\n<div>Capacitate incalzire: 18 kW<\/div>\n<div>Consumul de energie al generatorului de abur: 18 kW<\/div>\n<div>Capacitate: 11 x GN1\/1<\/div>\n<div>Performan\u021b\u0103: 151-250<\/div>\n","protected":false},"excerpt":{"rendered":"<p>Centrul culinar RETIGO \u2013 BLACK EDITION 11xGN1\/1.\u00a0Greutate bruta: 152 kg; Greutate: 138 kg; Inaltime: 821 mm; Dimensiuni: 933x1046x821 mm; Ad\u00e2ncime: 1046 mm; Interval de temperatur\u0103: de la 30 la 300 \u00b0 C; Latime: 933 mm; Consum total de energie: 18,6 kW; Capacitate incalzire: 18 kW; Consumul de energie al generatorului de abur: 18 kW; Capacitate: 11 x GN1\/1; Performan\u021b\u0103: 151-250.<\/p>\n","protected":false},"featured_media":29970,"template":"","meta":[],"_links":{"self":[{"href":"https:\/\/evotek.md\/ro\/wp-json\/wp\/v2\/product\/29971"}],"collection":[{"href":"https:\/\/evotek.md\/ro\/wp-json\/wp\/v2\/product"}],"about":[{"href":"https:\/\/evotek.md\/ro\/wp-json\/wp\/v2\/types\/product"}],"wp:featuredmedia":[{"embeddable":true,"href":"https:\/\/evotek.md\/ro\/wp-json\/wp\/v2\/media\/29970"}],"wp:attachment":[{"href":"https:\/\/evotek.md\/ro\/wp-json\/wp\/v2\/media?parent=29971"}],"curies":[{"name":"wp","href":"https:\/\/api.w.org\/{rel}","templated":true}]}}