{"id":29956,"date":"2022-04-01T08:39:06","date_gmt":"2022-04-01T08:39:06","guid":{"rendered":"https:\/\/evotek.md\/produse\/fara-categorie\/29956\/"},"modified":"2022-05-27T10:01:32","modified_gmt":"2022-05-27T10:01:32","slug":"black-edition-b623i","status":"publish","type":"product","link":"https:\/\/evotek.md\/ro\/produse\/echipamente-termice\/cuptoare-cu-abur-2-teplovoe-oborudovanie\/black-edition-b623i\/","title":{"rendered":"CENTRUL CULINAR RETIGO VISION -BLACK EDITION- 6 x GN2\/3 -B623I"},"content":{"rendered":"<p><strong>CENTRUL CULINAR RETIGO VISION -BLACK EDITION- 6 x GN2\/3 -B623I-<\/strong> sunt ideale pentru capacit\u0103\u021bi de produc\u021bie de p\u00e2na la 50 de por\u021bii pe zi. Aceste cuptoare cu abur mixte pot fi instalate pe un suport standard, consol\u0103 de perete sau direct pe o mas\u0103. Sistemul de vaporizare func\u021bioneaz\u0103 numai pe principiul pulveriz\u0103rii. Sursa de c\u0103ldura este electric\u0103.<\/p>\n<p><strong>Moduri de gatit:<\/strong><br \/>\n&#8211; Aer cald 30 &#8211; 300 \u00b0C<br \/>\n&#8211; Mod combinat 30 &#8211; 300 \u00b0C<br \/>\n&#8211; Gatire la abur 30 &#8211; 130 \u00b0C<br \/>\n&#8211; G\u0103tire bio 30 &#8211; 98 \u00b0C<br \/>\n&#8211; G\u0103titul peste noapte &#8211; economise\u0219te timp \u0219i bani<br \/>\n&#8211; Controlul nivelului &#8211; setarea timpului pentru niveluri<br \/>\n&#8211; AHC (Active Humidity Control) &#8211; control automat al umidit\u0103\u021bii &#8211; o garan\u021bie a rezultatelor excelente<br \/>\n&#8211; Sistem de abur sofisticat &#8211; rezultate excelente de abur datorit\u0103 \u00eenc\u0103lzirii apei \u00een dou\u0103 trepte \u0219i recuper\u0103rii c\u0103ldurii<br \/>\n&#8211; \u00cenc\u0103rcare orizontal\u0103 &#8211; siguran\u021b\u0103 \u0219i confort<br \/>\n&#8211; G\u0103tit la temperatur\u0103 joas\u0103 &#8211; pierdere redus\u0103 \u00een greutate, gust \u00eembun\u0103t\u0103\u021bit<br \/>\n&#8211; Gatit Delta T &#8211; precizie la gatirea bucatilor mari<br \/>\n&#8211; Cook &amp; Hold &#8211; dup\u0103 terminarea g\u0103tirii, trecere automat\u0103 la faza de depozitare<br \/>\n&#8211; Golden Touch &#8211; culoare perfect\u0103 \u0219i crust\u0103 crocant\u0103 la atingerea unui buton<br \/>\n&#8211; \u00cenc\u0103lzire\/r\u0103cire automat\u0103 a camerei de g\u0103tit cu posibilitatea de a seta temperatura dorit\u0103<br \/>\n&#8211; Sous vide, Uscare, Sterilizare, Confit, Afumare &#8211; programe speciale pentru gastronomia moderna<\/p>\n<p><strong>Facilit\u0103\u021bi:<\/strong><br \/>\n&#8211; Display de 8&#8243; &#8211; operare simpla si intuitiva<br \/>\n&#8211; MyVision &#8211; adaptare, tot ce ave\u021bi nevoie \u00een meniul principal<br \/>\n&#8211; Panou tactil &#8211; panoul functioneaza perfect si rapid in orice conditii, fara elemente mecanice si butoane<br \/>\n&#8211; Easy Cooking &#8211; cuptorul cu abur combinat recomanda tehnologia potrivita in functie de rezultatul dorit<br \/>\n&#8211; Sonda de temperatura in 6 puncte &#8211; sase puncte de masurare pentru controlul precis al temperaturii miezului vasului<br \/>\n&#8211; 1000 de programe \u00een 20 de etape<br \/>\n&#8211; Pictograme &#8211; posibilitatea de pictograme pentru programe<br \/>\n&#8211; Func\u021bia de memorare- salvarea programului cu toate modific\u0103rile care au fost f\u0103cute \u00een timpul g\u0103tirii<br \/>\n&#8211; 10 recente &#8211; afi\u0219are automat\u0103 a ultimelor 10 procese de g\u0103tit<br \/>\n&#8211; Multitasking &#8211; o oportunitate unic\u0103 de a lucra cu afi\u0219ajul \u00een timpul g\u0103titului<br \/>\n&#8211; Pornire automat\u0103 &#8211; capacitatea de a programa o pornire \u00eent\u00e2rziat\u0103<br \/>\n&#8211; EcoLogic &#8211; sunt afi\u0219ate date despre consumul de energie electric\u0103 pentru fiecare proces de g\u0103tit.<br \/>\n&#8211; Timp infinit de g\u0103tit &#8211; economisi\u021bi timp c\u00e2nd g\u0103ti\u021bi \u00een orele de v\u00e2rf<br \/>\n&#8211; Active Cleaning &#8211; sistem economic de spalare automata<br \/>\n&#8211; Usa cu sticla tripla &#8211; pierderi minime de caldura, consum redus de energie, limitarea arsurilor<br \/>\n&#8211; Ventilator cu auto-reverse &#8211; uniformitate de coacere<br \/>\n&#8211; Supap\u0103 &#8211; uscare rapid\u0103 a camerei de g\u0103tit pentru a \u00eembun\u0103t\u0103\u021bi crocantitatea \u0219i culoarea frumoas\u0103, sistem patentat de uscare a aerului<br \/>\n&#8211; Fabricat din o\u021bel inoxidabil AISI 304 &#8211; materiale din o\u021bel inoxidabil de \u00eenalt\u0103 calitate, cu un strat special pentru a cre\u0219te durata de via\u021b\u0103<br \/>\n&#8211; Du\u0219 de m\u00e2n\u0103 \u00eencorporat &#8211; pentru o cur\u0103\u021bare u\u0219oar\u0103, nu se folose\u0219te ap\u0103 dedurizat\u0103<br \/>\n&#8211; WSS (Water Saving System) &#8211; sistemul special de scurgere \u0219i schimb\u0103torul de c\u0103ldur\u0103 \u00eencorporat asigur\u0103 un consum foarte sc\u0103zut de ap\u0103<br \/>\n&#8211; Interfa\u021b\u0103 USB &#8211; redare u\u0219oar\u0103 a datelor \u00een \u0219i din cuptor.<br \/>\n&#8211; Ethernet\/LAN &#8211; conectivitate la re\u021bea, comunicare prin browser web<br \/>\n&#8211; Software VisionCombi &#8211; administrarea programelor \u0219i pictogramelor pe computer, vizualizarea datelor HACCP<br \/>\n&#8211; Inregistrare HACCP &#8211; analiza usoara si imediata a punctelor critice de gatit. Documenta\u021bia complet\u0103 a evenimentelor opera\u021bionale<br \/>\n&#8211; Sistem de intretinere si diagnosticare &#8211; analiza automata a erorilor<\/p>\n<p><strong>Caracteristici:<\/strong><br \/>\nGenerator de abur: injector<br \/>\nCapacitate: 6 x GN2\/3<br \/>\nProductivitate: 30-50<br \/>\nDistan\u021b\u0103 \u00eentre rafturi: 65 mm<br \/>\nDimensiuni: 683 x 602 x 586 mm<br \/>\nGreutate: 62 kg<br \/>\nConsum total de energie: 4,8 (3,2*) kW<br \/>\nCapacitate de incalzire: 5 (3,4*) kW<br \/>\nProtectie cu siguranta: 16 A<br \/>\nPutere: 3N~\/380-415V\/50-60Hz<br \/>\nZgomot: p\u00e2n\u0103 la 70 dBA<br \/>\nIntrare\/evacuare apa: G 3\/4&#8243; \/ 50 mm<br \/>\nTemperatura: 30 &#8211; 300 \u00b0C<br \/>\nTensiune: 1N~\/230V\/50-60Hz<\/p>\n","protected":false},"excerpt":{"rendered":"<p>Centrul culinar RETIGO &#8211; BLACK EDITION 6 x GN2\/3. Generator de abur: injector; Capacitate: 6 x GN2\/3; Productivitate: 30-50; Distan\u021b\u0103 \u00eentre rafturi: 65 mm; Dimensiuni: 683 x 602 x 586 mm; Greutate: 62 kg; Consum total de energie: 4,8 (3,2*) kW; Capacitate de incalzire: 5 (3,4*) kW; Protectie cu siguranta: 16 A; Putere: 3N~\/380-415V\/50-60Hz; Zgomot: p\u00e2n\u0103 la 70 dBA; Intrare\/evacuare apa: G 3\/4&#8243; \/ 50 mm; Temperatura: 30 &#8211; 300 \u00b0C; Tensiune: 1N~\/230V\/50-60Hz.<\/p>\n","protected":false},"featured_media":29960,"template":"","meta":[],"_links":{"self":[{"href":"https:\/\/evotek.md\/ro\/wp-json\/wp\/v2\/product\/29956"}],"collection":[{"href":"https:\/\/evotek.md\/ro\/wp-json\/wp\/v2\/product"}],"about":[{"href":"https:\/\/evotek.md\/ro\/wp-json\/wp\/v2\/types\/product"}],"wp:featuredmedia":[{"embeddable":true,"href":"https:\/\/evotek.md\/ro\/wp-json\/wp\/v2\/media\/29960"}],"wp:attachment":[{"href":"https:\/\/evotek.md\/ro\/wp-json\/wp\/v2\/media?parent=29956"}],"curies":[{"name":"wp","href":"https:\/\/api.w.org\/{rel}","templated":true}]}}