{"id":29951,"date":"2022-03-31T15:13:13","date_gmt":"2022-04-01T07:38:53","guid":{"rendered":"https:\/\/evotek.md\/?post_type=product&#038;p=29951"},"modified":"2023-02-03T15:21:39","modified_gmt":"2023-02-03T15:21:39","slug":"masina-de-intins-aluat-pentru-paste-30-cm-m-08900021","status":"publish","type":"product","link":"https:\/\/evotek.md\/ro\/produse\/echipamente-electromecanice\/masina-pentru-indindere-aluat\/masina-de-intins-aluat-pentru-paste-30-cm-m-08900021\/","title":{"rendered":"MASINA DE INTINS ALUAT UN RULOU 30 cm M-08900021"},"content":{"rendered":"<p><strong>MASINA DE INTINS ALUAT UN RULOU 30 cm M-08900021-<\/strong> Ma\u0219in\u0103 profesional\u0103 pentru rularea aluatului.<\/p>\n<p>Caracteristici<br \/>\nEchipat cu un rulou<br \/>\n\u00centinde aluatul rapid \u0219i u\u0219or<br \/>\nRulou cu motor puternic<br \/>\nEchipat cu 1 viteza<br \/>\nCarcas\u0103 din o\u021bel inoxidabil<br \/>\nCapac frumos din plastic transparent<br \/>\nCu \u00eentrerup\u0103tor de siguran\u021b\u0103<br \/>\nAjustabil cu un simplu buton<br \/>\nButon de alimentare separat<br \/>\nSt\u0103 pe 2 picioare largi din o\u021bel inoxidabil<br \/>\nU\u0219or de folosit \u0219i cur\u0103\u021bat<br \/>\nNu \u00eenc\u0103lze\u0219te aluatul<br \/>\nMaxim. greutatea aluat: 80-210 grame<br \/>\nMaxim. diametrul aluat: 14-30 cm<br \/>\nDiametru\/grosime reglabil: p\u00e2n\u0103 la 4,0 mm<br \/>\nGreutate net\u0103: 18,0 kg<br \/>\nDimensiuni: H430 x L480 x D335 mm<br \/>\nConexiune: 230 V \/ 50 Hz \/ 250 W, 1 faz\u0103<\/p>\n","protected":false},"excerpt":{"rendered":"<p>Ma\u0219in\u0103 de \u00eentins aluat pentru paste. Echipat cu un rulou; \u00centinde aluatul rapid \u0219i u\u0219or; Rulou cu motor puternic; Echipat cu 1 viteza; Carcas\u0103 din o\u021bel inoxidabil; Capac frumos din plastic transparent; Cu \u00eentrerup\u0103tor de siguran\u021b\u0103; Ajustabil cu un simplu buton; Buton de alimentare separat; St\u0103 pe 2 picioare largi din o\u021bel inoxidabil; U\u0219or de folosit \u0219i cur\u0103\u021bat; Nu \u00eenc\u0103lze\u0219te aluatul; Maxim. greutatea aluat: 80-210 grame; Maxim. diametrul aluat: 14-30 cm; Diametru\/grosime reglabil: p\u00e2n\u0103 la 4,0 mm; Greutate net\u0103: 18,0 kg; Dimensiuni: H430 x L480 x D335 mm; Conexiune: 230 V \/ 50 Hz \/ 250 W, 1 faz\u0103.<\/p>\n","protected":false},"featured_media":29940,"template":"","meta":[],"_links":{"self":[{"href":"https:\/\/evotek.md\/ro\/wp-json\/wp\/v2\/product\/29951"}],"collection":[{"href":"https:\/\/evotek.md\/ro\/wp-json\/wp\/v2\/product"}],"about":[{"href":"https:\/\/evotek.md\/ro\/wp-json\/wp\/v2\/types\/product"}],"wp:featuredmedia":[{"embeddable":true,"href":"https:\/\/evotek.md\/ro\/wp-json\/wp\/v2\/media\/29940"}],"wp:attachment":[{"href":"https:\/\/evotek.md\/ro\/wp-json\/wp\/v2\/media?parent=29951"}],"curies":[{"name":"wp","href":"https:\/\/api.w.org\/{rel}","templated":true}]}}