{"id":2995,"date":"2020-02-25T12:38:27","date_gmt":"2020-02-25T12:38:27","guid":{"rendered":"https:\/\/evotek.md\/?post_type=product&#038;p=2995"},"modified":"2021-06-18T12:59:44","modified_gmt":"2021-06-18T12:59:44","slug":"cuptor-cu-abur-tecnoeka-mkf-2011-ts","status":"publish","type":"product","link":"https:\/\/evotek.md\/ro\/produse\/echipamente-termice\/cuptoare-cu-abur-2-teplovoe-oborudovanie\/cuptor-cu-abur-tecnoeka-mkf-2011-ts\/","title":{"rendered":"CUPTOR CU ABUR Tecnoeka, 20 NIVELE  -MKF 2011 TS"},"content":{"rendered":"<p><strong>CUPTOR CU ABUR Tecnoeka, 20 NIVELE -MKF 2011 TS- <\/strong>Cuptorul este conceput pentru prepararea unei game largi de feluri de m\u00e2ncare: carne, pe\u0219te, fructe de mare, legume \u0219i produse coapte la unit\u0103\u021bile de alimenta\u021bie public\u0103 \u0219i \u00een atelierele de produc\u021bie, a c\u0103ror activitate este asociat\u0103 cu produc\u021bia de produse gastronomice. Dispozitivul permite preg\u0103tirea mai multor preparate simultan, f\u0103r\u0103 a le amesteca mirosurile \u0219i gusturile. Dispozitivul este echipat cu un ecran tactil cu posibilitatea de control \u00een 42 de limbi, inclusiv rus\u0103.<\/p>\n<p>Facilit\u0103\u021bi: 500 de re\u021bete programabile, inclusiv 40 presetate (p\u00e2n\u0103 la 10 etape de g\u0103tit \u00eentr-un ciclu); Buton pentru acces rapid la re\u021bete frecvente; Managementul accesoriilor de la panoul de control; Tehnologia Airflowlogi\u0441: form\u0103 special\u0103 a gr\u0103tarului ventilatorului, mi\u0219carea uniform\u0103 a fluxurilor de aer \u00een camer\u0103, noua geometrie a camerei \u0219i capacitatea de reglare; Func\u021bia \u201ePornire cu \u00eent\u00e2rziere\u201d p\u00e2n\u0103 la 24 de ore; Mod de g\u0103tit rapid; Coacerea pe mai multe niveluri; Coacerea poliastic\u0103; 1 fan; 5 viteze ale ventilatorului; Sistemul de r\u0103cire v\u0103 permite s\u0103 instala\u021bi cuptorul \u00een cele mai \u00eenguste deschideri; Portul USB v\u0103 permite s\u0103 desc\u0103rca\u021bi \u0219i s\u0103 \u00eenc\u0103rca\u021bi re\u021bete \u00een vaporizatorul combi, precum \u0219i s\u0103 desc\u0103rca\u021bi datele HACCP; Posibilitatea de a v\u0103 conecta la o re\u021bea Wi-Fi; Camer\u0103 din o\u021bel inoxidabil AISI 304 10\/10 mm, cu fundul turnat \u0219i col\u021buri rotunjite pentru o mai bun\u0103 circula\u021bie termic\u0103 \u0219i u\u0219urin\u021b\u0103 de cur\u0103\u021bare; U\u0219\u0103 cu geam termoreflector, m\u00e2ner cu blocare rotativ\u0103 \u0219i mecanism de blocare \u00een pozi\u021bii deschise 60, 90, 120, 180 \u00b0; Picioare reglabile; Nivel de protec\u021bie: IPX5.<\/p>\n<p><strong>*Pentru a beneficia de garan\u021bie este obligatoriu de a fi instalat filtru DVA pentru acest echipament.<\/strong><\/p>\n<p>Caracteristici<\/p>\n<p>Conexiune: 380 V<\/p>\n<p>Num\u0103r de nivele: 20<\/p>\n<p>Distan\u021ba dintre niveluri: 66 mm<\/p>\n<p>Tipul recipientului gastronomic: GN 1\/1<\/p>\n<p>Panou de control: electronic<\/p>\n<p>Metoda de generare a aburului: injector<\/p>\n<p>Stare de temperatur\u0103: de la 30 p\u00e2n\u0103 la 270 \u00b0 \u0421<\/p>\n<p>Putere:31 kW<\/p>\n<p>Parametri: 930x1035x1900 mm<\/p>\n<p>Greutate: 247.2 kg<\/p>\n<p>\u021aara de origine: Italia<\/p>\n<p>&nbsp;<\/p>\n<p>&nbsp;<\/p>\n","protected":false},"excerpt":{"rendered":"<p>Cuptor cu abur, cu 20 nivele. Conexiune: 380 V; Distan\u021ba dintre niveluri: 66 mm; Tipul recipientului gastronomic: GN 1\/1; Panou de control: electronic; Metoda de generare a aburului: injector; Stare de temperatur\u0103: de la 30 p\u00e2n\u0103 la 270 \u00b0 \u0421; Putere:31 kW; Parametri: 930x1035x1900 mm; Greutate: 247.2 kg; \u021aara de origine: Italia.<\/p>\n<p><strong>*T\u0103vile GN \u0219i t\u0103vile pentru patiserie nu sunt incluse \u00een set.<\/strong><br \/>\n<strong>*Recomand\u0103m instalarea adi\u021bional\u0103 a unui filtru DVA pentru o bun\u0103 func\u021bionare a cuptorului.<\/strong><\/p>\n<p>&nbsp;<\/p>\n","protected":false},"featured_media":2994,"template":"","meta":[],"_links":{"self":[{"href":"https:\/\/evotek.md\/ro\/wp-json\/wp\/v2\/product\/2995"}],"collection":[{"href":"https:\/\/evotek.md\/ro\/wp-json\/wp\/v2\/product"}],"about":[{"href":"https:\/\/evotek.md\/ro\/wp-json\/wp\/v2\/types\/product"}],"wp:featuredmedia":[{"embeddable":true,"href":"https:\/\/evotek.md\/ro\/wp-json\/wp\/v2\/media\/2994"}],"wp:attachment":[{"href":"https:\/\/evotek.md\/ro\/wp-json\/wp\/v2\/media?parent=2995"}],"curies":[{"name":"wp","href":"https:\/\/api.w.org\/{rel}","templated":true}]}}