{"id":29937,"date":"2022-03-31T14:36:51","date_gmt":"2022-03-31T14:36:51","guid":{"rendered":"https:\/\/evotek.md\/produse\/fara-categorie\/masina-de-intins-aluat-52-cm-09377005\/"},"modified":"2022-07-27T08:26:34","modified_gmt":"2022-07-27T08:26:34","slug":"masina-de-intins-aluat-52-cm-09377005","status":"publish","type":"product","link":"https:\/\/evotek.md\/ro\/produse\/echipamente-electromecanice\/masina-pentru-indindere-aluat\/masina-de-intins-aluat-52-cm-09377005\/","title":{"rendered":"MA\u0218IN\u0102 DE \u00ceNTINS ALUAT &#8211; 52 cm M-09377005"},"content":{"rendered":"<p><strong>MA\u0218IN\u0102 DE \u00ceNTINS ALUAT &#8211; 52 cm M-09377005-<\/strong> Ma\u0219in\u0103 de \u00eentins aluat este potrivit\u0103 pentru uz profesional \u0219i ofer\u0103 o \u00eentindere u\u0219oar\u0103 a aluatului. C\u00e2nd spa\u021biul este limitat, acest model este solu\u021bia perfect\u0103. \u00cen partea de sus a ma\u0219inii de \u00eendoire se afl\u0103 un recipient de f\u0103in\u0103 care \u00eempiedic\u0103 aluatul s\u0103 se lipeasc\u0103 de banda transportoare. Pune\u021bi aluatul pe o band\u0103 transportoare special conceput\u0103 pentru prelucrarea alimentelor. Apoi seta\u021bi grosimea corect\u0103 a aluatului cu p\u00e2rghia de sus. Cu m\u00e2nerul de jos, rula\u021bi aluatul peste rol\u0103 \u00een cealalt\u0103 parte. Astfel, aluatul se \u00eentinde rapid \u0219i uniform la grosimea dorit\u0103. Ma\u0219ina de rulat aluat este u\u0219or de utilizat \u0219i u\u0219or de cur\u0103\u021bat.<\/p>\n<p>Facilitp\u021bi ale ma\u0219inii de \u00eentins aluat de mas\u0103: Fiabil\u0103 \u0219i u\u0219or de utilizat; Banda transportoare este potrivit\u0103 pentru industria alimentar\u0103; Grosimea aluatului reglabila 0-35 mm; M\u00e2ner pentru mutarea aluatului; Capacitate pentru testare; Echipat cu buton de urgenta; Echipat cu grile de protectie; Se pliaz\u0103; Constructie foarte rezistenta; Design igienic.<\/p>\n<p>Caracteristici<br \/>\nGreutate neta: 145 kg<br \/>\nDimensiuni rulou: \u00d8 88 x 520 mm<br \/>\nDimensiuni aparat: L2050 x D870 x H640 mm<br \/>\nPutere electric\u0103 total\u0103: 0,75 kW<br \/>\nPutere: 230V \/ 50Hz \/ 1 faz\u0103 750W<br \/>\nGrosimea aluatului reglabila: 0-35 mm<\/p>\n","protected":false},"excerpt":{"rendered":"<p>Ma\u0219in\u0103 de \u00eentins aluat 52 cm. Greutate neta: 145 kg; Dimensiuni rulou: \u00d8 88 x 520 mm; Dimensiuni aparat: L2050 x D870 x H640 mm; Putere electric\u0103 total\u0103: 0,75 kW; Putere: 230V \/ 50Hz \/ 1 faz\u0103 750W; Grosimea aluatului reglabila: 0-35 mm.<\/p>\n","protected":false},"featured_media":29936,"template":"","meta":[],"_links":{"self":[{"href":"https:\/\/evotek.md\/ro\/wp-json\/wp\/v2\/product\/29937"}],"collection":[{"href":"https:\/\/evotek.md\/ro\/wp-json\/wp\/v2\/product"}],"about":[{"href":"https:\/\/evotek.md\/ro\/wp-json\/wp\/v2\/types\/product"}],"wp:featuredmedia":[{"embeddable":true,"href":"https:\/\/evotek.md\/ro\/wp-json\/wp\/v2\/media\/29936"}],"wp:attachment":[{"href":"https:\/\/evotek.md\/ro\/wp-json\/wp\/v2\/media?parent=29937"}],"curies":[{"name":"wp","href":"https:\/\/api.w.org\/{rel}","templated":true}]}}