{"id":29886,"date":"2022-03-31T13:18:29","date_gmt":"2022-03-31T13:18:29","guid":{"rendered":"https:\/\/evotek.md\/produse\/fara-categorie\/masina-pentru-churos-10-l-m-09368053\/"},"modified":"2022-03-31T13:18:29","modified_gmt":"2022-03-31T13:18:29","slug":"masina-pentru-churos-10-l-m-09368053","status":"publish","type":"product","link":"https:\/\/evotek.md\/ro\/produse\/echipamente-electromecanice\/aparate-pentru-churros\/masina-pentru-churos-10-l-m-09368053\/","title":{"rendered":"MA\u0218IN\u0102 PENTRU CHUROS 10 l -M-09368053"},"content":{"rendered":"<p><strong>MA\u0218IN\u0102 PENTRU CHUROS 10 l -M-09368053-<\/strong> Ma\u0219in\u0103 vertical\u0103 pentru churros 10 litri din inox. Aceasta este o ma\u0219in\u0103 multifunc\u021bional\u0103, cu accesoriile op\u021bionale special concepute pentru churros, pute\u021bi prepara u\u0219or \u0219i rapid cantit\u0103\u021bi mari de churros.<\/p>\n<p>Caracteristici<br \/>\nCapacitate de umplere p\u00e2n\u0103 la 10 litri<br \/>\nCarcas\u0103, piesa de baz\u0103, piesa de prindere, cilindru, ax, inel filetat, tuburi de umplere, piuli\u021be \u0219i \u0219uruburi din o\u021bel inoxidabil<br \/>\nPlac\u0103 de presiune cu orificiu de ventila\u021bie<br \/>\nPiesa de prindere perfect etans\u0219at\u0103<br \/>\n2 viteze pentru o dozare perfect\u0103<br \/>\nSt\u0103 pe patru picioare de cauciuc<br \/>\nU\u0219or de cur\u0103\u021bat<br \/>\nGreutate neta: 14\u00a0kg<br \/>\nDimensiuni cilindr: \u00d8219 x 270\u00a0mm<br \/>\nDiametrul cilindrului de ie\u0219ire: \u00d850 mm<br \/>\nDimensiuni ma\u0219in\u0103: H580 x L330 x D300 mm<\/p>\n","protected":false},"excerpt":{"rendered":"<p>Aparat pentru churros din o\u021bel inoxidabil 10 litri. Capacitate de umplere p\u00e2n\u0103 la 10 litri; Carcas\u0103, piesa de baz\u0103, piesa de prindere, cilindru, ax, inel filetat, tuburi de umplere, piuli\u021be \u0219i \u0219uruburi din o\u021bel inoxidabil; Plac\u0103 de presiune cu orificiu de ventila\u021bie; Piesa de prindere perfect etans\u0219at\u0103; 2 viteze pentru o dozare perfect\u0103; St\u0103 pe patru picioare de cauciuc; U\u0219or de cur\u0103\u021bat; Greutate neta: 14 kg; Dimensiuni cilindr: \u00d8219 x 270 mm; Diametrul cilindrului de ie\u0219ire: \u00d850 mm; Dimensiuni ma\u0219in\u0103: H580 x L330 x D300 mm.<\/p>\n","protected":false},"featured_media":29875,"template":"","meta":[],"_links":{"self":[{"href":"https:\/\/evotek.md\/ro\/wp-json\/wp\/v2\/product\/29886"}],"collection":[{"href":"https:\/\/evotek.md\/ro\/wp-json\/wp\/v2\/product"}],"about":[{"href":"https:\/\/evotek.md\/ro\/wp-json\/wp\/v2\/types\/product"}],"wp:featuredmedia":[{"embeddable":true,"href":"https:\/\/evotek.md\/ro\/wp-json\/wp\/v2\/media\/29875"}],"wp:attachment":[{"href":"https:\/\/evotek.md\/ro\/wp-json\/wp\/v2\/media?parent=29886"}],"curies":[{"name":"wp","href":"https:\/\/api.w.org\/{rel}","templated":true}]}}