{"id":29769,"date":"2022-03-29T10:16:35","date_gmt":"2022-03-29T10:16:35","guid":{"rendered":"https:\/\/evotek.md\/produse\/fara-categorie\/dispenser-pentru-aluat-din-inox-13-l-m-09374160\/"},"modified":"2022-03-29T10:16:35","modified_gmt":"2022-03-29T10:16:35","slug":"dispenser-pentru-aluat-din-inox-13-l-m-09374160","status":"publish","type":"product","link":"https:\/\/evotek.md\/ro\/produse\/accesorii-si-inventar-bucatarie\/accesorii-neclasificate\/dispenser-pentru-aluat-din-inox-13-l-m-09374160\/","title":{"rendered":"DISPENSER PENTRU ALUAT DIN INOX &#8211; 1,3 L M-09374160"},"content":{"rendered":"<p><strong>DISPENSER PENTRU ALUAT DIN INOX &#8211; 1,3 L M-09374160-<\/strong><br \/>\nCu dozatorul de aluat din o\u021bel inoxidabil, pute\u021bi turna cu u\u0219urin\u021b\u0103 aluatul \u00een diferite forme de copt. Dozatorul de aluat are un buton de distribuire cu ajutorul c\u0103ruia pute\u021bi determina c\u00e2t de mult aluat dori\u021bi s\u0103 utiliza\u021bi \u0219i, de asemenea, preveni\u021bi scurgerea l\u00e2ng\u0103 tav\u0103. Deoarece distribuitorul de aluat este fabricat din o\u021bel inoxidabil, este \u0219i u\u0219or de cur\u0103\u021bat.<\/p>\n<p>Caracteristici dozator de aluat: Finisaj robust si durabil; Echipat cu maner de dozare; \u00centr-un set un suport pentru umplerea testului; Constructie foarte rezistenta; Design igienic<\/p>\n<p>Caracteristici<br \/>\nGreutate neta: 2 kg<br \/>\nDimensiuni bec: 8 mm<br \/>\nCantitate aluat: 1,3 litri<br \/>\nDimensiuni aparat: L200 x D150 x H210 mm<\/p>\n","protected":false},"excerpt":{"rendered":"<p>Dispenser pentru aluat din inox &#8211; 1,3 l. Greutate neta: 2 kg; Dimensiuni bec: 8 mm; Cantitate aluat: 1,3 litri; Dimensiuni aparat: L200 x D150 x H210 mm.<\/p>\n","protected":false},"featured_media":29760,"template":"","meta":[],"_links":{"self":[{"href":"https:\/\/evotek.md\/ro\/wp-json\/wp\/v2\/product\/29769"}],"collection":[{"href":"https:\/\/evotek.md\/ro\/wp-json\/wp\/v2\/product"}],"about":[{"href":"https:\/\/evotek.md\/ro\/wp-json\/wp\/v2\/types\/product"}],"wp:featuredmedia":[{"embeddable":true,"href":"https:\/\/evotek.md\/ro\/wp-json\/wp\/v2\/media\/29760"}],"wp:attachment":[{"href":"https:\/\/evotek.md\/ro\/wp-json\/wp\/v2\/media?parent=29769"}],"curies":[{"name":"wp","href":"https:\/\/api.w.org\/{rel}","templated":true}]}}