{"id":29739,"date":"2022-03-29T08:56:32","date_gmt":"2022-03-29T08:56:32","guid":{"rendered":"https:\/\/evotek.md\/produse\/fara-categorie\/aparat-electric-pentru-clatite-americane-9-buc-m-09374122\/"},"modified":"2024-02-19T10:26:52","modified_gmt":"2024-02-19T10:26:52","slug":"aparat-electric-pentru-clatite-americane-9-buc-m-09374122","status":"publish","type":"product","link":"https:\/\/evotek.md\/ro\/produse\/echipamente-pentru-fast-food\/crepiere\/aparat-electric-pentru-clatite-americane-9-buc-m-09374122\/","title":{"rendered":"APARAT ELECTRIC PENTRU CLATITE 9 buc. \u00d87,5 cm M-09374122"},"content":{"rendered":"<p><strong>APARAT ELECTRIC PENTRU CLATITE 9 buc. \u00d87,5 cm M-09374122-<\/strong> Cu aparatul electric pentru clatite puteti prepara rapid si usor 9 clatite americane delicioase. Aparatul este de \u00eenalt\u0103 calitate \u0219i, datorit\u0103 dimensiunilor sale compacte, este ideal pentru patiserii, pie\u021be \u0219i t\u00e2rguri. Aparatul pentru cl\u0103tite are o tav\u0103 de copt din aluminiu cu un strat antiaderent care ofer\u0103 o bun\u0103 conductivitate termic\u0103. Exteriorul aparatului este realizat din o\u021bel inoxidabil, fiind durabil \u0219i u\u0219or de cur\u0103\u021bat.<\/p>\n<p>Caracteristici ale aparatului de cl\u0103tite: fiabil \u0219i u\u0219or de utilizat; Preparare rapid\u0103 a 9 cl\u0103tite americane; Tava de copt din aluminiu cu invelis antiaderent; Termostat variabil de la 50 \u00b0C la 300 \u00b0C; Echipat cu cronometru; Indicator de temperatura; M\u00e2ner durabil; Prevazut cu tava pentru picur\u0103turi; St\u0103 pe 4 picioare din o\u021bel inoxidabil; Constructie foarte rezistenta; Design igienic.<\/p>\n<p>Caracteristici<br \/>\nGreutate neta: 11 kg<br \/>\nDimensiune cl\u0103tite: \u00d8 75 x 16 mm<br \/>\nDimensiuni aparat: L300 x D380 x H260 mm<br \/>\nPutere electrica totala: 1,75 kW<br \/>\nConexiune: 230 V \/ 50 Hz \/ 1 faza 1750 W<\/p>\n","protected":false},"excerpt":{"rendered":"<p>Aparat pentru cl\u0103tite americane (Pancake) 9 buc. Greutate neta: 11 kg; Dimensiune cl\u0103tite: \u00d8 75 x 16 mm; Dimensiuni aparat: L300 x D380 x H260 mm; Putere electrica totala: 1,75 kW; Conexiune: 230 V \/ 50 Hz \/ 1 faza 1750 W<\/p>\n","protected":false},"featured_media":29728,"template":"","meta":[],"_links":{"self":[{"href":"https:\/\/evotek.md\/ro\/wp-json\/wp\/v2\/product\/29739"}],"collection":[{"href":"https:\/\/evotek.md\/ro\/wp-json\/wp\/v2\/product"}],"about":[{"href":"https:\/\/evotek.md\/ro\/wp-json\/wp\/v2\/types\/product"}],"wp:featuredmedia":[{"embeddable":true,"href":"https:\/\/evotek.md\/ro\/wp-json\/wp\/v2\/media\/29728"}],"wp:attachment":[{"href":"https:\/\/evotek.md\/ro\/wp-json\/wp\/v2\/media?parent=29739"}],"curies":[{"name":"wp","href":"https:\/\/api.w.org\/{rel}","templated":true}]}}