{"id":29724,"date":"2022-03-29T08:36:37","date_gmt":"2022-03-29T08:36:37","guid":{"rendered":"https:\/\/evotek.md\/produse\/fara-categorie\/aparat-electric-pentru-clatite-americane-4-buc-m-09374121\/"},"modified":"2022-03-29T09:14:44","modified_gmt":"2022-03-29T09:14:44","slug":"aparat-electric-pentru-clatite-americane-4-buc-m-09374121","status":"publish","type":"product","link":"https:\/\/evotek.md\/ro\/produse\/echipamente-pentru-fast-food\/crepiere\/aparat-electric-pentru-clatite-americane-4-buc-m-09374121\/","title":{"rendered":"APARAT ELECTRIC PENTRU CL\u0102TITE AMERICANE 4 buc. M-09374121"},"content":{"rendered":"<p><strong>APARAT ELECTRIC PENTRU CL\u0102TITE AMERICANE 4 buc. M-09374121-<\/strong> Cu aparatul electric pentru clatite puteti prepara rapid si usor 4 clatite americane delicioase. Aparatul este de \u00eenalt\u0103 calitate \u0219i, datorit\u0103 dimensiunilor sale compacte, este ideal pentru patiserii, pie\u021be \u0219i t\u00e2rguri. Aparatul pentru cl\u0103tite are o tav\u0103 de copt din aluminiu cu un strat antiaderent care ofer\u0103 o bun\u0103 conductivitate termic\u0103. Exteriorul aparatului este realizat din o\u021bel inoxidabil, fiind durabil \u0219i u\u0219or de cur\u0103\u021bat.<\/p>\n<p>Caracteristici ale aparatului de cl\u0103tite: fiabil \u0219i u\u0219or de utilizat; Preparare rapid\u0103 a 4 cl\u0103tite americane; Tava de copt din aluminiu cu invelis antiaderent; Termostat variabil de la 50 \u00b0C la 300 \u00b0C; Echipat cu cronometru; Indicator de temperatura; M\u00e2ner durabil; Prevazut cu tava pentru picur\u0103turi; St\u0103 pe 4 picioare din o\u021bel inoxidabil; Constructie foarte rezistenta; Design igienic.<\/p>\n<p>Caracteristici<br \/>\nGreutate neta: 12 kg<br \/>\nDiametru cl\u0103tite: 100 mm<br \/>\nDimensiuni aparat: L300 x D400 x H290 mm<br \/>\nPutere electrica totala: 1,75 kW<br \/>\nConexiune: 230 V \/ 50 Hz \/ 1 faza 1750 W<\/p>\n","protected":false},"excerpt":{"rendered":"<p>Aparat pentru cl\u0103tite americane (Pancake) 4 buc. Greutate neta: 12 kg; Diametru cl\u0103tite: 100 mm; Dimensiuni aparat: L300 x D400 x H290 mm; Putere electrica totala: 1,75 kW; Conexiune: 230 V \/ 50 Hz \/ 1 faza 1750 W.<\/p>\n","protected":false},"featured_media":29711,"template":"","meta":[],"_links":{"self":[{"href":"https:\/\/evotek.md\/ro\/wp-json\/wp\/v2\/product\/29724"}],"collection":[{"href":"https:\/\/evotek.md\/ro\/wp-json\/wp\/v2\/product"}],"about":[{"href":"https:\/\/evotek.md\/ro\/wp-json\/wp\/v2\/types\/product"}],"wp:featuredmedia":[{"embeddable":true,"href":"https:\/\/evotek.md\/ro\/wp-json\/wp\/v2\/media\/29711"}],"wp:attachment":[{"href":"https:\/\/evotek.md\/ro\/wp-json\/wp\/v2\/media?parent=29724"}],"curies":[{"name":"wp","href":"https:\/\/api.w.org\/{rel}","templated":true}]}}