{"id":29708,"date":"2022-03-29T07:35:57","date_gmt":"2022-03-29T07:35:57","guid":{"rendered":"https:\/\/evotek.md\/produse\/fara-categorie\/aparat-electric-pentru-clatite-1-buc-m-09374120\/"},"modified":"2022-03-29T07:35:57","modified_gmt":"2022-03-29T07:35:57","slug":"aparat-electric-pentru-clatite-1-buc-m-09374120","status":"publish","type":"product","link":"https:\/\/evotek.md\/ro\/produse\/echipamente-pentru-fast-food\/crepiere\/aparat-electric-pentru-clatite-1-buc-m-09374120\/","title":{"rendered":"APARAT ELECTRIC PENTRU CL\u0102TITE &#8211; 1 buc. M-09374120"},"content":{"rendered":"<p><strong>APARAT ELECTRIC PENTRU CL\u0102TITE &#8211; 1 buc. M-09374120-<\/strong> Cu aparatul electric pentru cl\u0103tite pute\u021bi prepara rapid \u0219i u\u0219or cl\u0103tite rotunde frumoase. Aparatul de cl\u0103tite este de \u00eenalt\u0103 calitate \u0219i, datorit\u0103 dimensiunilor sale compacte, este ideal pentru patiserii, pie\u021be \u0219i t\u00e2rguri. Aparatul pentru cl\u0103tite are o tav\u0103 de copt din aluminiu, care ofer\u0103 o bun\u0103 conductivitate termic\u0103. Exteriorul aparatului este realizat din o\u021bel inoxidabil, respectiv este durabil \u0219i u\u0219or de cur\u0103\u021bat.<\/p>\n<p>Caracteristicile aparatului pentru cl\u0103tite: fiabil \u0219i u\u0219or de utilizat; Producerea rapid\u0103 de cl\u0103tite; Tava de copt din aluminiu; Termostat variabil de la 50 \u00b0C la 300 \u00b0C; Echipat cu cronometru; Indicator de temperatura; M\u00e2ner durabil; Prevazut cu tav\u0103 pentru picur\u0103turi; St\u0103 pe 4 picioare din o\u021bel inoxidabil; Construc\u021bie foarte rezistent\u0103; Design igienic.<\/p>\n<p>Caracteristici<br \/>\nGreutate neta: 12 kg<br \/>\nDimensiune cl\u0103tite: \u00f8 215 x 10 mm<br \/>\nDimensiuni aparat: L300 x D380 x H260 mm<br \/>\nPutere electrica total\u0103: 1,75 kW<br \/>\nConexiune: 230 V \/ 50 Hz \/ 1 faza 1750 W<\/p>\n","protected":false},"excerpt":{"rendered":"<p>Aparat electric pentru cl\u0103tite &#8211; 1 buc. Greutate neta: 12 kg; Dimensiune cl\u0103tite: \u00f8 215 x 10 mm; Dimensiuni aparat: L300 x D380 x H260 mm; Putere electrica total\u0103: 1,75 kW; Conexiune: 230 V \/ 50 Hz \/ 1 faza 1750 W.<\/p>\n","protected":false},"featured_media":29707,"template":"","meta":[],"_links":{"self":[{"href":"https:\/\/evotek.md\/ro\/wp-json\/wp\/v2\/product\/29708"}],"collection":[{"href":"https:\/\/evotek.md\/ro\/wp-json\/wp\/v2\/product"}],"about":[{"href":"https:\/\/evotek.md\/ro\/wp-json\/wp\/v2\/types\/product"}],"wp:featuredmedia":[{"embeddable":true,"href":"https:\/\/evotek.md\/ro\/wp-json\/wp\/v2\/media\/29707"}],"wp:attachment":[{"href":"https:\/\/evotek.md\/ro\/wp-json\/wp\/v2\/media?parent=29708"}],"curies":[{"name":"wp","href":"https:\/\/api.w.org\/{rel}","templated":true}]}}