{"id":29690,"date":"2022-03-28T14:43:55","date_gmt":"2022-03-28T14:43:55","guid":{"rendered":"https:\/\/evotek.md\/produse\/fara-categorie\/grill-barbeque-premium-kamado-o-26-in-66-cm-m-09378025\/"},"modified":"2023-07-07T13:06:24","modified_gmt":"2023-07-07T13:06:24","slug":"grill-barbeque-premium-kamado-o-26-in-66-cm-m-09378025","status":"publish","type":"product","link":"https:\/\/evotek.md\/ro\/produse\/echipamente-termice\/barbeque-grill\/grill-barbeque-premium-kamado-o-26-in-66-cm-m-09378025\/","title":{"rendered":"GRILL BBQ, PREMIUM KAMADO, \u00d8 66 cm -M-09378025"},"content":{"rendered":"<p><strong>GRILL BBQ, PREMIUM KAMADO, \u00d8 66 cm -M-09378025-<\/strong> Gratarul Kamado Ceramic este un adevarat universal: de la gratar la gatit incet, acest gratar poate face totul. Gr\u0103tarul Kamado este echipat cu pl\u0103ci de gr\u0103tar reglabile pentru o bun\u0103 circula\u021bie a aerului \u0219i controlul temperaturii. Partea lateral\u0103 a brazierului este realizat\u0103 din ceramic\u0103 (mullit) \u0219i ars la temperaturi ridicate. Acest lucru face ca p\u0103r\u021bile laterale s\u0103 fie foarte rezistente la c\u0103ldur\u0103 \u0219i schimb\u0103ri de temperatur\u0103. Pe capacul \u0219i pe fundul gr\u0103tarului exist\u0103 orificii de aerisire care servesc ca o admisie a aerului \u0219i asigur\u0103 o circula\u021bie stabil\u0103 a aerului. \u00cen interior se afl\u0103 un bol de foc, tot din ceramic\u0103, care separ\u0103 c\u0103rbunii \u0219i cenu\u0219a. Partea exterioar\u0103 este realizat\u0103 din o\u021bel acoperit. Manerul este din bambus, deci nu se incalzeste. Cu ro\u021bile de jos, pute\u021bi muta comod gr\u0103tarul prin gr\u0103din\u0103. Pe lateral sunt dou\u0103 mese pliante confortabile din bambus.<\/p>\n<p>Caracteristici: Gr\u0103tar robust din mullit \u00een forma de ou; Gr\u0103tar de mas\u0103 compact; Prevazut cu pereti ceramici si bol pentru foc, rezistent la caldura si schimbari de temperatura; \u0218asiul, curelele \u0219i buclele sunt realizate din o\u021bel acoperit; Grilla de g\u0103tit este din otel inoxidabil; Dou\u0103 orificii de ventila\u021bie pentru o circula\u021bie perfect\u0103 a aerului; Termometru cu scar\u0103 de temperatur\u0103 \u00een Celsius \u0219i Fahrenheit; Se pot ad\u0103uga multe accesorii.<\/p>\n<p>Caracteristici<br \/>\nCuloare neagr\u0103<br \/>\nGreutate neta: 118\u00a0kg<br \/>\nDiametru gratar: \u00d8 26 in.\/66 cm<br \/>\nDimensiuni aparat: L144 x A76 x H122 cm<br \/>\nVine standard cu:<br \/>\n1 x husa pentru ploaie<br \/>\n1 x dispozitiv peentru fixarea mesei \/ Reflector de c\u0103ldur\u0103 \u00d8 16,5 in.\/42\u00a0cm<br \/>\n1 x suport pentru pui<br \/>\n1 x perie de cur\u0103\u021bare<br \/>\n1 x unealt\u0103 pentru cenu\u0219\u0103<br \/>\n1 cle\u0219te pentru grila fierbinte<\/p>\n","protected":false},"excerpt":{"rendered":"<p>Grill Barbeque Premium Kamado \u00d8 26 in.\/66 cm. Culoare neagr\u0103; Greutate neta: 118 kg; Diametru gratar: \u00d8 26 in.\/66 cm; Dimensiuni aparat: L144 x A76 x H122 cm; Vine standard cu: 1 x husa pentru ploaie &#8211; 1 x dispozitiv peentru fixarea mesei \/ Reflector de c\u0103ldur\u0103 \u00d8 16,5 in.\/42 cm &#8211; 1 x suport pentru pui &#8211; 1 x perie de cur\u0103\u021bare &#8211; 1 x unealt\u0103 pentru cenu\u0219\u0103 &#8211; 1 cle\u0219te pentru grila fierbinte.<\/p>\n","protected":false},"featured_media":29671,"template":"","meta":[],"_links":{"self":[{"href":"https:\/\/evotek.md\/ro\/wp-json\/wp\/v2\/product\/29690"}],"collection":[{"href":"https:\/\/evotek.md\/ro\/wp-json\/wp\/v2\/product"}],"about":[{"href":"https:\/\/evotek.md\/ro\/wp-json\/wp\/v2\/types\/product"}],"wp:featuredmedia":[{"embeddable":true,"href":"https:\/\/evotek.md\/ro\/wp-json\/wp\/v2\/media\/29671"}],"wp:attachment":[{"href":"https:\/\/evotek.md\/ro\/wp-json\/wp\/v2\/media?parent=29690"}],"curies":[{"name":"wp","href":"https:\/\/api.w.org\/{rel}","templated":true}]}}