{"id":2968,"date":"2020-02-25T09:00:16","date_gmt":"2020-02-25T09:09:26","guid":{"rendered":"https:\/\/evotek.md\/?post_type=product&#038;p=2968"},"modified":"2023-02-27T14:30:34","modified_gmt":"2023-02-27T14:30:34","slug":"masina-de-spalat-vase-de-tip-frontal-mec-c5","status":"publish","type":"product","link":"https:\/\/evotek.md\/ro\/produse\/utilaje-pentru-spalare-vase\/masina-de-spalat-vase-de-tip-frontal\/masina-de-spalat-vase-de-tip-frontal-mec-c5\/","title":{"rendered":"MASINA DE SPALAT VASE, FRONTALA (220 V) -MEC C5"},"content":{"rendered":"<p><strong>MASINA DE SPALAT VASE, FRONTALA (220 V) -MEC C5-\u00a0 <\/strong>Ma\u0219ina de sp\u0103lat vase de tip frontal este folosit\u0103 \u00een alimenta\u021bie public\u0103 pentru sp\u0103larea vaselor, ustensile de buc\u0103t\u0103rie, pahare, t\u0103vi \u0219i tac\u00e2muri. Modelul este echipat cu dispozitive de siguran\u021b\u0103 \u0219i are acces frontal la toate componentele. Carcasa, chiuveta \u0219i filtrul pentru rezervor sunt realizate din inox AISI 304.<\/p>\n<p><strong>*Pentru a beneficia de garan\u021bie este obligatoriu de a fi instalat filtru DVA pentru acest echipament.<\/strong><\/p>\n<p>Caracteristici<\/p>\n<p>Performan\u021ba casetei: 1800 buc \/ h<\/p>\n<p>Capacitate casetei: 500 buc \/ h<\/p>\n<p>Ciclul de sp\u0103lare: 120 sec.<\/p>\n<p>Dimensiunea cosului in care se pun vase: 500\u00d7500 mm.<\/p>\n<p>Tensiune: 220 V<\/p>\n<p>Putere: 3,58 kW<\/p>\n<p>Distribuitor de ajutor pentru cl\u0103tire: Da<\/p>\n<p>Parametri: 550x600x835 mm<\/p>\n<p>Capacitatea cazanului: 4,5 L<\/p>\n<p>Volumul b\u0103ii: 16 L<\/p>\n<p>Consumul de ap\u0103 pe ciclu: 2 L<\/p>\n<p>Greutate: 44 kg<\/p>\n<p>\u021aara de origine: Italia<\/p>\n<p>&nbsp;<\/p>\n<p>&nbsp;<\/p>\n<p>&nbsp;<\/p>\n","protected":false},"excerpt":{"rendered":"<p>Ma\u0219in\u0103 de sp\u0103lat vase de tip frontal, cu capacitatea pe casete: 1800 buc \/ h. Capacitate casetei: 500 buc \/ h; Ciclul de sp\u0103lare: 120 sec.; Dimensiunea cosului in care se pun vase: 500\u00d7500 mm; Tensiune: 220 V; Putere: 3,58 kW; Distribuitor de ajutor pentru cl\u0103tire: Da; Parametri: 550x600x835 mm; Capacitatea cazanului: 4,5 L; Volumul b\u0103ii: 16 L; Consumul de ap\u0103 pe ciclu: 2 L; Greutate: 44 kg; \u021aara de origine: Italia.<\/p>\n<p><strong>*Recomand\u0103m instalarea adi\u021bional\u0103 a unui filtru DVA pentru o bun\u0103 func\u021bionare a ma\u0219inii de sp\u0103lat.<\/strong><\/p>\n","protected":false},"featured_media":2967,"template":"","meta":[],"_links":{"self":[{"href":"https:\/\/evotek.md\/ro\/wp-json\/wp\/v2\/product\/2968"}],"collection":[{"href":"https:\/\/evotek.md\/ro\/wp-json\/wp\/v2\/product"}],"about":[{"href":"https:\/\/evotek.md\/ro\/wp-json\/wp\/v2\/types\/product"}],"wp:featuredmedia":[{"embeddable":true,"href":"https:\/\/evotek.md\/ro\/wp-json\/wp\/v2\/media\/2967"}],"wp:attachment":[{"href":"https:\/\/evotek.md\/ro\/wp-json\/wp\/v2\/media?parent=2968"}],"curies":[{"name":"wp","href":"https:\/\/api.w.org\/{rel}","templated":true}]}}