{"id":29668,"date":"2022-03-28T13:47:52","date_gmt":"2022-03-28T13:47:52","guid":{"rendered":"https:\/\/evotek.md\/produse\/fara-categorie\/cuptor-pentru-pizza-din-ceramica-o-21-in-53-cm-m-09378030\/"},"modified":"2022-03-28T13:47:52","modified_gmt":"2022-03-28T13:47:52","slug":"cuptor-pentru-pizza-din-ceramica-o-21-in-53-cm-m-09378030","status":"publish","type":"product","link":"https:\/\/evotek.md\/ro\/produse\/echipamente-termice\/cuptoare-pentru-pizza-cuptoare\/cuptor-pentru-pizza-din-ceramica-o-21-in-53-cm-m-09378030\/","title":{"rendered":"CUPTOR PENTRU PIZZA DIN CERAMIC\u0102 \u00d8 21 in.\/53 cm M-09378030"},"content":{"rendered":"<p><strong>CUPTOR PENTRU PIZZA DIN CERAMIC\u0102 \u00d8 21 in.\/53 cm M-09378030-<\/strong> Cuptorul pentru pizza din ceramic\u0103 ofer\u0103 gustul delicios, autentic al pizzei italiene. Cuptorul pe lemne este din ceramic\u0103 (mullit), datorit\u0103 c\u0103ruia temperatura ridicat\u0103 este bine men\u021binut\u0103. Datorit\u0103 termometrului din fa\u021b\u0103, pute\u021bi vedea dintr-o privire dac\u0103 cuptorul pentru pizza a atins temperatura potrivit\u0103. Cuptorul pentru pizza este echipat cu focar metalic pentru carbune si piatra pentru pizza. \u00cen acest cuptor, pizza are o crust\u0103 crocant\u0103, iar ingredientele pentru pizza r\u0103m\u00e2n suculente.<\/p>\n<p>Caracteristici: Echipat cu o carcas\u0103 ceramic\u0103 \u0219i un focar metalic, prin urmare este rezistent la caldur\u0103 \u0219i schimb\u0103ri de temperatur\u0103; Baza este realizat\u0103 din o\u021bel acoperit; M\u00e2nerele sunt din bambus; Termometru cu scar\u0103 de temperatur\u0103 \u00een Celsius \u0219i Fahrenheit; Se pot ad\u0103uga multe accesorii.<\/p>\n<p>Caracteristici<br \/>\nCuloare neagr\u0103<br \/>\nGreutate neta: 27 kg<br \/>\nDiametru suprafa\u021b\u0103 de g\u0103tit interioar\u0103: \u00d8 21 inch \/ 53 cm<br \/>\nDimensiuni aparat: L70,5 x D55 x H36,5 cm<br \/>\nVine standard cu:<br \/>\n1 x hus\u0103 pentru ploaie<br \/>\n1 piatr\u0103 pentru pizza \u00d8 13 in.\/34 cm<br \/>\n1 x unealt\u0103 pentru cenu\u0219\u0103<\/p>\n","protected":false},"excerpt":{"rendered":"<p>Cuptor pentru pizza din ceramic\u0103 \u00d8 21 inch\/53 cm. Culoare neagr\u0103; Greutate neta: 27 kg; Diametru suprafa\u021b\u0103 de g\u0103tit interioar\u0103: \u00d8 21 inch \/ 53 cm; Dimensiuni aparat: L70,5 x D55 x H36,5 cm; Vine standard cu: 1 x hus\u0103 pentru ploaie &#8211; 1 piatr\u0103 pentru pizza \u00d8 13 in.\/34 cm &#8211; 1 x unealt\u0103 pentru cenu\u0219\u0103.<\/p>\n","protected":false},"featured_media":29649,"template":"","meta":[],"_links":{"self":[{"href":"https:\/\/evotek.md\/ro\/wp-json\/wp\/v2\/product\/29668"}],"collection":[{"href":"https:\/\/evotek.md\/ro\/wp-json\/wp\/v2\/product"}],"about":[{"href":"https:\/\/evotek.md\/ro\/wp-json\/wp\/v2\/types\/product"}],"wp:featuredmedia":[{"embeddable":true,"href":"https:\/\/evotek.md\/ro\/wp-json\/wp\/v2\/media\/29649"}],"wp:attachment":[{"href":"https:\/\/evotek.md\/ro\/wp-json\/wp\/v2\/media?parent=29668"}],"curies":[{"name":"wp","href":"https:\/\/api.w.org\/{rel}","templated":true}]}}