{"id":29519,"date":"2022-03-28T10:14:56","date_gmt":"2022-03-28T10:14:56","guid":{"rendered":"https:\/\/evotek.md\/produse\/fara-categorie\/gril-salamander-cu-sistem-de-ridare-deluxe-m-09300063\/"},"modified":"2025-06-10T07:18:16","modified_gmt":"2025-06-10T07:18:16","slug":"gril-salamander-cu-sistem-de-ridare-deluxe-m-09300063","status":"publish","type":"product","link":"https:\/\/evotek.md\/ro\/produse\/echipamente-termice\/grill-salamander\/gril-salamander-cu-sistem-de-ridare-deluxe-m-09300063\/","title":{"rendered":"GRIL SALAMANDER CU SISTEM DE RIDARE Deluxe M-09300063"},"content":{"rendered":"<p><strong>GRIL SALAMANDER CU SISTEM DE RIDARE Deluxe M-09300063-<\/strong>\u00a0Grill Salamander este un gratar profesional cu un design american solid, cu sistem de ridicare. Elemente de \u00eenc\u0103lzire durabile All0y. Ideal pentru barbeque, coacere \u0219i re\u00eenc\u0103lzire. Construc\u021bie durabil\u0103 din o\u021bel inoxidabil. Elemente de \u00eenc\u0103lzire din aliaj rezistent. Cu indicator de temperatur\u0103. Comutator cu func\u021bie continu\u0103. Gril\u0103 din o\u021bel inoxidabil reglabil\u0103 pentru orice pozi\u021bie optim\u0103. Gr\u0103tarele sunt echipate cu o tav\u0103 pentru firimituri din o\u021bel inoxidabil \u00een partea de jos. M\u00e2nere de gr\u0103tar din o\u021bel inoxidabil izolate. Gratarul este usor reglabil \u00een \u00een\u0103l\u021bime, u\u0219or de curatat \u0219i transportat.<\/p>\n<p>Caracteristici<br \/>\nGreutate neta: 63 kg<br \/>\nDimensiuni camera: H0-140 x L790 x D320 mm<br \/>\nDimensiuni totale: H530 x L800 x D450 mm<br \/>\nEvalu\u0103ri: 400 V\/50 Hz\/3 faze 5600 W &#8211; 5,6 kW<\/p>\n","protected":false},"excerpt":{"rendered":"<p>Grill Salamander cu sistem deridicare. Greutate neta: 63 kg; Dimensiuni camera: H0-140 x L790 x D320 mm; Dimensiuni totale: H530 x L800 x D450 mm; Evalu\u0103ri: 400 V\/50 Hz\/3 faze 5600 W &#8211; 5,6 kW.<\/p>\n","protected":false},"featured_media":29512,"template":"","meta":[],"_links":{"self":[{"href":"https:\/\/evotek.md\/ro\/wp-json\/wp\/v2\/product\/29519"}],"collection":[{"href":"https:\/\/evotek.md\/ro\/wp-json\/wp\/v2\/product"}],"about":[{"href":"https:\/\/evotek.md\/ro\/wp-json\/wp\/v2\/types\/product"}],"wp:featuredmedia":[{"embeddable":true,"href":"https:\/\/evotek.md\/ro\/wp-json\/wp\/v2\/media\/29512"}],"wp:attachment":[{"href":"https:\/\/evotek.md\/ro\/wp-json\/wp\/v2\/media?parent=29519"}],"curies":[{"name":"wp","href":"https:\/\/api.w.org\/{rel}","templated":true}]}}