{"id":29476,"date":"2022-03-25T15:56:39","date_gmt":"2022-03-25T15:56:39","guid":{"rendered":"https:\/\/evotek.md\/produse\/fara-categorie\/poffertjes-aparat-pe-gaz-pentru-mini-clatite-olandeze\/"},"modified":"2022-03-25T15:56:39","modified_gmt":"2022-03-25T15:56:39","slug":"poffertjes-aparat-pe-gaz-pentru-mini-clatite-olandeze","status":"publish","type":"product","link":"https:\/\/evotek.md\/ro\/produse\/echipamente-pentru-fast-food\/crepiere\/poffertjes-aparat-pe-gaz-pentru-mini-clatite-olandeze\/","title":{"rendered":"POFFERTJES &#8211; APARAT PE GAZ PENTRU MINI CL\u0102TITE OLANDEZE 25 buc. M-09374090"},"content":{"rendered":"<p><strong>POFFERTJES &#8211; APARAT PE GAZ PENTRU MINI CL\u0102TITE OLANDEZE 25 buc. M-09374090-<\/strong> Cu aparatul pe gaz pentru clatite, puteti coace usor si rapid pana la 25 de clatite delicioase in acelasi timp. Suprafa\u021ba pentru poffertjes este de \u00eenalt\u0103 calitate \u0219i u\u0219or de utilizat, are o tav\u0103 de copt din aluminiu cu un strat antiaderent care asigur\u0103 o bun\u0103 distribu\u021bie a c\u0103ldurii. Exteriorul aparatului poffertjes este fabricat din o\u021bel inoxidabil, astfel este durabil \u0219i u\u0219or de cur\u0103\u021bat.<\/p>\n<p>Caracteristici<br \/>\nFiabil \u0219i u\u0219or de operat<br \/>\nProduc\u021bie rapid\u0103 25 de poffertjes concomitent<br \/>\nTav\u0103 de copt cu \u00eenveli\u0219 antiaderent<br \/>\nTermostat variabil de la 50 \u00b0C la 300 \u00b0C<br \/>\nEchipat cu un cronometru<br \/>\nIndicator de temperatur\u0103<br \/>\nSt\u0103 pe 4 picioare din o\u021bel inoxidabil<br \/>\nPotrivit pentru GPL sau gaz natural<br \/>\nConstruc\u021bie foarte durabil\u0103<br \/>\nDesign igienic<br \/>\nGreutate neta: 6 kg<br \/>\nDimensiuni poffertjes: \u00f8 43 x 15 mm<br \/>\nDimensiuni aparat: L305 x D415 x H235 mm<br \/>\nPutere total\u0103 pe gaz: 1,5 kW<\/p>\n","protected":false},"excerpt":{"rendered":"<p>POFFERTJES &#8211; APARAT PE GAZ PENTRU MINI CL\u0102TITE OLANDEZE 25 buc. M-09374090- Cu aparatul pe gaz pentru clatite, puteti coace usor si rapid pana la 25 de clatite delicioase in acelasi timp. Suprafa\u021ba pentru poffertjes este de \u00eenalt\u0103 calitate \u0219i u\u0219or de utilizat, are o tav\u0103 de copt din aluminiu cu un strat antiaderent care [&#8230;]\n","protected":false},"featured_media":29467,"template":"","meta":[],"_links":{"self":[{"href":"https:\/\/evotek.md\/ro\/wp-json\/wp\/v2\/product\/29476"}],"collection":[{"href":"https:\/\/evotek.md\/ro\/wp-json\/wp\/v2\/product"}],"about":[{"href":"https:\/\/evotek.md\/ro\/wp-json\/wp\/v2\/types\/product"}],"wp:featuredmedia":[{"embeddable":true,"href":"https:\/\/evotek.md\/ro\/wp-json\/wp\/v2\/media\/29467"}],"wp:attachment":[{"href":"https:\/\/evotek.md\/ro\/wp-json\/wp\/v2\/media?parent=29476"}],"curies":[{"name":"wp","href":"https:\/\/api.w.org\/{rel}","templated":true}]}}