{"id":29463,"date":"2022-03-25T14:36:26","date_gmt":"2022-03-25T14:36:26","guid":{"rendered":"https:\/\/evotek.md\/produse\/fara-categorie\/poffertjes-aparat-pentru-mini-clatite-olandeze\/"},"modified":"2022-03-25T14:36:26","modified_gmt":"2022-03-25T14:36:26","slug":"poffertjes-aparat-pentru-mini-clatite-olandeze","status":"publish","type":"product","link":"https:\/\/evotek.md\/ro\/produse\/echipamente-pentru-fast-food\/crepiere\/poffertjes-aparat-pentru-mini-clatite-olandeze\/","title":{"rendered":"POFFERTJES &#8211; APARAT PENTRU MINI CL\u0102TITE OLANDEZE 100 buc. M-09374132"},"content":{"rendered":"<p><strong>POFFERTJES &#8211; APARAT PENTRU MINI CL\u0102TITE OLANDEZE 100 buc. M-09374132-<\/strong> Cu aparatul electric de clatite puteti coace rapid si usor pana la 100 de clatite delicioase in acelasi timp. Suprafa\u021ba pentru poffertjes este de \u00eenalt\u0103 calitate \u0219i u\u0219or de utilizat, are o tav\u0103 de copt din aluminiu cu un strat antiaderent care asigur\u0103 o bun\u0103 conducere a c\u0103ldurii. Exteriorul pl\u0103cii poffertjes este fabricat din o\u021bel inoxidabil, astfel este durabil \u0219i u\u0219or de cur\u0103\u021bat.<\/p>\n<p>Caracteristici<br \/>\nFiabil \u0219i u\u0219or de operat<br \/>\nProduc\u021bie rapid\u0103 100 poffertier<br \/>\nTav\u0103 de copt cu \u00eenveli\u0219 antiaderent<br \/>\nTermostat variabil de la 50 \u00b0C la 300 \u00b0C<br \/>\nDou\u0103 termostate reglabile separat<br \/>\nEchipat cu 2 cronometre<br \/>\nIndicator de temperatur\u0103<br \/>\nSt\u0103 pe 4 picioare din o\u021bel inoxidabil<br \/>\nConstruc\u021bie foarte durabil\u0103<br \/>\nDesign igienic<br \/>\nGreutate neta: 18 kg<br \/>\nDimensiuni oferite: \u00f8 40 x 7 mm<br \/>\nDimensiuni aparat: L540 x D590 x H200 mm<br \/>\nPutere electrica totala: 2,4 kW<br \/>\nConexiune: 230 V \/ 50 Hz \/ 1 faza 2400 W<\/p>\n","protected":false},"excerpt":{"rendered":"<p>Poffertjes \u2013 Dispozitiv pentru mini cl\u0103tite olandeze 100 buc. Fiabil \u0219i u\u0219or de operat; Produc\u021bie rapid\u0103 100 poffertier; Tav\u0103 de copt cu \u00eenveli\u0219 antiaderent; Termostat variabil de la 50 \u00b0C la 300 \u00b0C; Dou\u0103 termostate reglabile separat; Echipat cu 2 cronometre; Indicator de temperatur\u0103; St\u0103 pe 4 picioare din o\u021bel inoxidabil; Construc\u021bie foarte durabil\u0103; Design igienic; Greutate neta: 18 kg; Dimensiuni oferite: \u00f8 40 x 7 mm; Dimensiuni aparat: L540 x D590 x H200 mm; Putere electrica totala: 2,4 kW; Conexiune: 230 V \/ 50 Hz \/ 1 faza 2400 W.<\/p>\n","protected":false},"featured_media":29446,"template":"","meta":[],"_links":{"self":[{"href":"https:\/\/evotek.md\/ro\/wp-json\/wp\/v2\/product\/29463"}],"collection":[{"href":"https:\/\/evotek.md\/ro\/wp-json\/wp\/v2\/product"}],"about":[{"href":"https:\/\/evotek.md\/ro\/wp-json\/wp\/v2\/types\/product"}],"wp:featuredmedia":[{"embeddable":true,"href":"https:\/\/evotek.md\/ro\/wp-json\/wp\/v2\/media\/29446"}],"wp:attachment":[{"href":"https:\/\/evotek.md\/ro\/wp-json\/wp\/v2\/media?parent=29463"}],"curies":[{"name":"wp","href":"https:\/\/api.w.org\/{rel}","templated":true}]}}