{"id":29442,"date":"2022-03-25T14:04:03","date_gmt":"2022-03-25T14:04:03","guid":{"rendered":"https:\/\/evotek.md\/produse\/fara-categorie\/poffertjes-aparat-pentru-mini-clatite-olandeze-50-buc-m-09374131\/"},"modified":"2022-03-25T14:18:07","modified_gmt":"2022-03-25T14:18:07","slug":"poffertjes-aparat-pentru-mini-clatite-olandeze-50-buc-m-09374131","status":"publish","type":"product","link":"https:\/\/evotek.md\/ro\/produse\/echipamente-pentru-fast-food\/crepiere\/poffertjes-aparat-pentru-mini-clatite-olandeze-50-buc-m-09374131\/","title":{"rendered":"POFFERTJES &#8211; APARAT PENTRU MINI CL\u0102TITE OLANDEZE 50 buc. M-09374131"},"content":{"rendered":"<p><strong>POFFERTJES &#8211; APARAT PENTRU MINI CL\u0102TITE OLANDEZE 50 buc. M-09374131- <\/strong>Cu aparatul electric de clatite, puteti coace usor si rapid pana la 50 de clatite delicioase in acelasi timp. Suprafa\u021ba pentru poffertjes este de \u00eenalt\u0103 calitate \u0219i u\u0219or de utilizat, are o tav\u0103 de copt din aluminiu cu un strat antiaderent care asigur\u0103 o bun\u0103 distribu\u021bie a c\u0103ldurii. Exteriorul aparatului poffertjes este fabricat din o\u021bel inoxidabil, astfel este durabil \u0219i u\u0219or de cur\u0103\u021bat.<\/p>\n<p>Caracteristici<br \/>\nFiabil \u0219i u\u0219or de operat<br \/>\nProduc\u021bie rapid\u0103 50 de poffertjes concomitent<br \/>\nTava de copt cu invelis antiaderent de teflon<br \/>\nTermostat variabil de la 50 \u00b0C la 300 \u00b0C<br \/>\nEchipat cu un cronometru<br \/>\nIndicator de temperatur\u0103<br \/>\nSt\u0103 pe 4 picioare din o\u021bel inoxidabil<br \/>\nConstruc\u021bie foarte durabil\u0103<br \/>\nDesign igienic<br \/>\nGreutate neta: 10 kg<br \/>\nDiametrul poffertjes: \u00f8 43 x H15 mm<br \/>\nDimensiuni aparat: L540 x D325 x H160 mm<br \/>\nPutere electrica totala: 1,8 kW<br \/>\nConexiune: 230 V \/ 50 Hz \/ 1 faza 1800 W<\/p>\n","protected":false},"excerpt":{"rendered":"<p>Poffertjes &#8211; Dispozitiv pentru mini cl\u0103tite olandeze 50 buc. Fiabil \u0219i u\u0219or de operat; Produc\u021bie rapid\u0103 50 de poffertjes concomitent; Tava de copt cu invelis antiaderent de teflon; Termostat variabil de la 50 \u00b0C la 300 \u00b0C; Echipat cu un cronometru; Indicator de temperatur\u0103; St\u0103 pe 4 picioare din o\u021bel inoxidabil; Construc\u021bie foarte durabil\u0103; Design igienic; Greutate neta: 10 kg; Diametrul poffertjes: \u00f8 43 x H15 mm; Dimensiuni aparat: L540 x D325 x H160 mm; Putere electrica totala: 1,8 kW; Conexiune: 230 V \/ 50 Hz \/ 1 faza 1800 W.<\/p>\n","protected":false},"featured_media":29433,"template":"","meta":[],"_links":{"self":[{"href":"https:\/\/evotek.md\/ro\/wp-json\/wp\/v2\/product\/29442"}],"collection":[{"href":"https:\/\/evotek.md\/ro\/wp-json\/wp\/v2\/product"}],"about":[{"href":"https:\/\/evotek.md\/ro\/wp-json\/wp\/v2\/types\/product"}],"wp:featuredmedia":[{"embeddable":true,"href":"https:\/\/evotek.md\/ro\/wp-json\/wp\/v2\/media\/29433"}],"wp:attachment":[{"href":"https:\/\/evotek.md\/ro\/wp-json\/wp\/v2\/media?parent=29442"}],"curies":[{"name":"wp","href":"https:\/\/api.w.org\/{rel}","templated":true}]}}