{"id":29423,"date":"2022-03-25T11:28:05","date_gmt":"2022-03-25T11:28:05","guid":{"rendered":"https:\/\/evotek.md\/produse\/fara-categorie\/masina-de-spalat-vase-tip-conveyor-din-stanga-spre-dreapta-emp-2000-sol-l\/"},"modified":"2023-02-27T14:12:59","modified_gmt":"2023-02-27T14:12:59","slug":"masina-de-spalat-vase-tip-conveyor-din-stanga-spre-dreapta-emp-2000-sol-l","status":"publish","type":"product","link":"https:\/\/evotek.md\/ro\/produse\/utilaje-pentru-spalare-vase\/masina-de-spalat-vase-de-tip-tunel\/masina-de-spalat-vase-tip-conveyor-din-stanga-spre-dreapta-emp-2000-sol-l\/","title":{"rendered":"MASINA DE SPALAT VASE, CONVEYOR (din stanga spre dreapta) -EMP.2000-SOL-L"},"content":{"rendered":"<p><strong>MASINA DE SPALAT VASE, CONVEYOR (din stanga spre dreapta) -EMP.2000-SOL-L-<\/strong>\u00a0Ma\u0219ina de sp\u0103lat vase tip tunel cu usc\u0103tor, conceput\u0103 pentru sp\u0103larea diferitelor tipuri de vase. Acest model este cu band\u0103 de mi\u0219care din dreapta spre st\u00e2nga. Ma\u0219ina are un tunel de uscare standard. Vasele sunt mutate cu ajutorul unui conveyor cu 2 viteze la alegere. Echipamentul are dou\u0103 motoare pentru sp\u0103lare. Temperatura apei de spalare 55-60\u00b0C; Temperatura apei de cl\u0103tire 80-85\u00b0C; Putere motorului usc\u0103torului 9 kW; Putere de incalzire cuva de spalat: 12 kW; Puterea \u00eenc\u0103lzitorului rezervorului de sp\u0103lare: 24 kW; Puterea total\u0103 a ma\u0219inii: 48KW\/380V; Senzorul magnetic de securitate blocheaz\u0103 func\u021bionarea ma\u0219inii atunci c\u00e2nd u\u0219a este deschis\u0103 sau nu este \u00eenchis\u0103 bine. Elementele de incalzire sunt din otel inoxidabil, carcasa echipamentelor din acelasi material. Productivitatea declarat\u0103 a ma\u0219inii este mare, aproximativ 2200 de vase (farfurii) sunt sp\u0103late pe or\u0103.<\/p>\n<p>Caracteristici<br \/>\nDimensiuni: 1900x837x2000 mm<br \/>\nGreutate: 317 kg<br \/>\nProductivitate: 2200 farfurii\/or\u0103<br \/>\nPuterea motorului: 0,55 kW 2800 rpm x 2<br \/>\nTemperatura apei de spalare 55-60\u00b0C<br \/>\nTemperatura apei de cl\u0103tire 80-85\u00b0C<br \/>\nPutere motor usc\u0103tor 9 kW<br \/>\nPutere de incalzire cuva de spalat: 12 kW<br \/>\nPuterea \u00eenc\u0103lzitorului rezervorului de sp\u0103lare: 24 kW<br \/>\nPuterea total\u0103 a ma\u0219inii: 48KW\/380V<\/p>\n","protected":false},"excerpt":{"rendered":"<p>Ma\u0219in\u0103 de sp\u0103lat vase de tip conveyor, cu usc\u0103tor (din st\u00e2nga spre dreapta). Dimensiuni: 1900x837x2000 mm; Greutate: 317 kg; Productivitate: 2200 farfurii\/or\u0103; Puterea motorului: 0,55 kW 2800 rpm x 2; Temperatura apei de spalare 55-60\u00b0C; Temperatura apei de cl\u0103tire 80-85\u00b0C; Putere motor usc\u0103tor 9 kW; Putere de incalzire cuva de spalat: 12 kW; Puterea \u00eenc\u0103lzitorului rezervorului de sp\u0103lare: 24 kW; Puterea total\u0103 a ma\u0219inii: 48KW\/380V.<\/p>\n","protected":false},"featured_media":29422,"template":"","meta":[],"_links":{"self":[{"href":"https:\/\/evotek.md\/ro\/wp-json\/wp\/v2\/product\/29423"}],"collection":[{"href":"https:\/\/evotek.md\/ro\/wp-json\/wp\/v2\/product"}],"about":[{"href":"https:\/\/evotek.md\/ro\/wp-json\/wp\/v2\/types\/product"}],"wp:featuredmedia":[{"embeddable":true,"href":"https:\/\/evotek.md\/ro\/wp-json\/wp\/v2\/media\/29422"}],"wp:attachment":[{"href":"https:\/\/evotek.md\/ro\/wp-json\/wp\/v2\/media?parent=29423"}],"curies":[{"name":"wp","href":"https:\/\/api.w.org\/{rel}","templated":true}]}}