{"id":29415,"date":"2022-03-25T09:31:14","date_gmt":"2022-03-25T09:31:14","guid":{"rendered":"https:\/\/evotek.md\/produse\/fara-categorie\/%d1%82%d0%b5%d1%81%d1%82%d0%be%d1%80%d0%b0%d1%81%d0%ba%d0%b0%d1%82%d0%be%d1%87%d0%bd%d0%b0%d1%8f-%d0%bc%d0%b0%d1%88%d0%b8%d0%bd%d0%b0-%d0%be%d0%b4%d0%bd%d0%b0%d0%b2%d0%be%d0%bb%d0%ba%d0%be%d0%b2%d0%b0\/"},"modified":"2023-02-03T14:43:39","modified_gmt":"2023-02-03T14:43:39","slug":"%d1%82%d0%b5%d1%81%d1%82%d0%be%d1%80%d0%b0%d1%81%d0%ba%d0%b0%d1%82%d0%be%d1%87%d0%bd%d0%b0%d1%8f-%d0%bc%d0%b0%d1%88%d0%b8%d0%bd%d0%b0-%d0%be%d0%b4%d0%bd%d0%b0%d0%b2%d0%be%d0%bb%d0%ba%d0%be%d0%b2%d0%b0","status":"publish","type":"product","link":"https:\/\/evotek.md\/ro\/produse\/echipamente-electromecanice\/masina-pentru-indindere-aluat\/%d1%82%d0%b5%d1%81%d1%82%d0%be%d1%80%d0%b0%d1%81%d0%ba%d0%b0%d1%82%d0%be%d1%87%d0%bd%d0%b0%d1%8f-%d0%bc%d0%b0%d1%88%d0%b8%d0%bd%d0%b0-%d0%be%d0%b4%d0%bd%d0%b0%d0%b2%d0%be%d0%bb%d0%ba%d0%be%d0%b2%d0%b0\/","title":{"rendered":"MASINA DE INTINS ALUAT UN RULOU 30 \u0441\u043c -EMP.HA.05"},"content":{"rendered":"<p><strong>MASINA DE INTINS ALUAT UN RULOU 30 \u0441\u043c -EMP.HA.05 <\/strong>Ma\u0219ina de turat aluat este utilizat\u0103 la \u00eentreprinderile din industria alimentar\u0103, alimenta\u021bie public\u0103 \u0219i comer\u021b pentru rularea buc\u0103\u021bilor de aluat \u00eentr-un strat pentru a produce pizza, p\u00e2ine, pl\u0103cinte \u0219i alte produse. Carcasa este din inox. Grosimea aluatului se poate regla.<\/p>\n<p>Caracteristici<br \/>\nDimensiuni: 442x396x366 mm<br \/>\nDimensiuni rulou: 300 mm<br \/>\nGreutate: 21 kg<br \/>\nPutere motor: 0,18kw 1500rpm 220V<br \/>\nPosibilitatea de a regla grosimea \u0219i diametrul aluatului.<br \/>\nCapac de protectie din plexiglas.<br \/>\nOprire de urgen\u021b\u0103.<br \/>\nCarcas\u0103 din o\u021bel inoxidabil<\/p>\n","protected":false},"excerpt":{"rendered":"<p>Ma\u0219in\u0103 de \u00eentins aluat cu grosimea aluatului reglabil\u0103.\u00a0Dimensiuni: 442x396x366 mm; Dimensiuni rulou: 300 mm; Greutate: 21 kg; Putere motor: 0,18kw 1500rpm 220V; Posibilitatea de a regla grosimea \u0219i diametrul aluatului; Capac de protectie din plexiglas; Oprire de urgen\u021b\u0103; Carcas\u0103 din o\u021bel inoxidabil.<\/p>\n","protected":false},"featured_media":29412,"template":"","meta":[],"_links":{"self":[{"href":"https:\/\/evotek.md\/ro\/wp-json\/wp\/v2\/product\/29415"}],"collection":[{"href":"https:\/\/evotek.md\/ro\/wp-json\/wp\/v2\/product"}],"about":[{"href":"https:\/\/evotek.md\/ro\/wp-json\/wp\/v2\/types\/product"}],"wp:featuredmedia":[{"embeddable":true,"href":"https:\/\/evotek.md\/ro\/wp-json\/wp\/v2\/media\/29412"}],"wp:attachment":[{"href":"https:\/\/evotek.md\/ro\/wp-json\/wp\/v2\/media?parent=29415"}],"curies":[{"name":"wp","href":"https:\/\/api.w.org\/{rel}","templated":true}]}}