{"id":29413,"date":"2022-03-25T09:12:50","date_gmt":"2022-03-25T09:12:50","guid":{"rendered":"https:\/\/evotek.md\/produse\/fara-categorie\/masina-de-intins-aluat-cu-un-val-40-cm-emp-ha-04\/"},"modified":"2023-02-03T15:00:54","modified_gmt":"2023-02-03T15:00:54","slug":"masina-de-intins-aluat-cu-un-val-40-cm-emp-ha-04","status":"publish","type":"product","link":"https:\/\/evotek.md\/ro\/produse\/echipamente-electromecanice\/masina-pentru-indindere-aluat\/masina-de-intins-aluat-cu-un-val-40-cm-emp-ha-04\/","title":{"rendered":"MASINA DE INTINS ALUAT UN RULOU 40 cm -EMP.HA.04"},"content":{"rendered":"<p><strong>MASINA DE INTINS ALUAT UN RULOU 40 cm -EMP.HA.04-<\/strong> \u00a0Ma\u0219ina de turat aluat este utilizat\u0103 la \u00eentreprinderile din industria alimentar\u0103, alimenta\u021bie public\u0103 \u0219i comer\u021b pentru rularea buc\u0103\u021bilor de aluat \u00eentr-un strat pentru a produce pizza, p\u00e2ine, pl\u0103cinte \u0219i alte produse. Carcasa este din inox. Grosimea aluatului se poate regla.<\/p>\n<p>Caracteristici<br \/>\nDimensiuni: 542x396x366 mm<br \/>\nDimensiuni rola: 400 mm<br \/>\nGreutate: 24 kg<br \/>\nPutere motor: 0,18kw 1500rpm 220V<br \/>\nPosibilitatea de a regla grosimea \u0219i diametrul aluatului.<br \/>\nCapac de protectie din plexiglas.<br \/>\nOprire de urgen\u021b\u0103.<br \/>\nCarcas\u0103 din o\u021bel inoxidabil<\/p>\n","protected":false},"excerpt":{"rendered":"<p>Ma\u0219in\u0103 de \u00eentins aluat cu grosimea aluatului reglabil\u0103. Dimensiuni: 542x396x366 mm; Dimensiuni rola: 400 mm; Greutate: 24 kg; Putere motor: 0,18kw 1500rpm 220V; Posibilitatea de a regla grosimea \u0219i diametrul aluatului; Capac de protectie din plexiglas; Oprire de urgen\u021b\u0103; Carcas\u0103 din o\u021bel inoxidabil.<\/p>\n","protected":false},"featured_media":29412,"template":"","meta":[],"_links":{"self":[{"href":"https:\/\/evotek.md\/ro\/wp-json\/wp\/v2\/product\/29413"}],"collection":[{"href":"https:\/\/evotek.md\/ro\/wp-json\/wp\/v2\/product"}],"about":[{"href":"https:\/\/evotek.md\/ro\/wp-json\/wp\/v2\/types\/product"}],"wp:featuredmedia":[{"embeddable":true,"href":"https:\/\/evotek.md\/ro\/wp-json\/wp\/v2\/media\/29412"}],"wp:attachment":[{"href":"https:\/\/evotek.md\/ro\/wp-json\/wp\/v2\/media?parent=29413"}],"curies":[{"name":"wp","href":"https:\/\/api.w.org\/{rel}","templated":true}]}}