{"id":2941,"date":"2020-02-25T08:01:37","date_gmt":"2020-02-25T08:03:12","guid":{"rendered":"https:\/\/evotek.md\/?post_type=product&#038;p=2941"},"modified":"2024-04-11T14:13:14","modified_gmt":"2024-04-11T14:13:14","slug":"cuptor-cu-abur-electric-mec-ge-1211-dsvr","status":"publish","type":"product","link":"https:\/\/evotek.md\/ro\/produse\/echipamente-termice\/cuptoare-cu-abur-2-teplovoe-oborudovanie\/cuptor-cu-abur-electric-mec-ge-1211-dsvr\/","title":{"rendered":"CUPTOR CU ABUR DIGITAL, 12 NIVELE -MEC GE 1211 DSVR.1B"},"content":{"rendered":"<p><strong>CUPTOR CU ABUR DIGITAL<\/strong>, <strong>12 NIVELE\u00a0<\/strong> &#8211;<strong>MEC GE 1211 DSVR &#8211; <\/strong>Cuptor cu abur pentru gastronomie performant\u0103. Carcasa \u0219i interiorul sunt din inox, cuptorul are iluminare interioar\u0103 cu l\u0103mpi cu galogen. Capacitate: 12 t\u0103vi GN 1\/1 (530&#215;325 mm), distan\u021ba dintre t\u0103vi 67 mm. Are 3 motoare reversibile, memorie pentru 99 de programe de g\u0103tit cu 3 faze de g\u0103tit pentru fiecare program, o faz\u0103 pentru pre\u00eenc\u0103lzire, control digital. Intervalul de temperatur\u0103: 30 &#8211; 260 \u00b0 C.<\/p>\n<p><strong>*Pentru a beneficia de garan\u021bie este obligatoriu de a fi instalat filtru DVA pentru acest echipament.<\/strong><\/p>\n<p>Caracteristici<\/p>\n<p>Produc\u0103tor MEC<\/p>\n<p>Tensiune: 380 V<\/p>\n<p>Putere electrica: 16,1 kW<\/p>\n<p>Parametri: 920x1200x840 mm<\/p>\n<p>Greutate net\u0103: 151 kg<\/p>\n<p>\u021aara de origine: Italia<\/p>\n","protected":false},"excerpt":{"rendered":"<p>Cuptor electric cu abur cu o capacitate de 12 t\u0103vi. Tensiune: 380 V; Putere electrica: 16,1 kW; Parametri: 920x1200x840 mm; Greutate net\u0103: 151 kg.<\/p>\n<p><strong>*T\u0103vile GN \u0219i t\u0103vile pentru patiserie nu sunt incluse \u00een set.<\/strong><br \/>\n<strong>*Recomand\u0103m instalarea adi\u021bional\u0103 a unui filtru DVA pentru o bun\u0103 func\u021bionare a cuptorului.<\/strong><\/p>\n","protected":false},"featured_media":2940,"template":"","meta":[],"_links":{"self":[{"href":"https:\/\/evotek.md\/ro\/wp-json\/wp\/v2\/product\/2941"}],"collection":[{"href":"https:\/\/evotek.md\/ro\/wp-json\/wp\/v2\/product"}],"about":[{"href":"https:\/\/evotek.md\/ro\/wp-json\/wp\/v2\/types\/product"}],"wp:featuredmedia":[{"embeddable":true,"href":"https:\/\/evotek.md\/ro\/wp-json\/wp\/v2\/media\/2940"}],"wp:attachment":[{"href":"https:\/\/evotek.md\/ro\/wp-json\/wp\/v2\/media?parent=2941"}],"curies":[{"name":"wp","href":"https:\/\/api.w.org\/{rel}","templated":true}]}}