{"id":29409,"date":"2022-03-24T15:59:38","date_gmt":"2022-03-24T15:59:38","guid":{"rendered":"https:\/\/evotek.md\/produse\/fara-categorie\/cuptor-pentru-pizza-cu-banda-rulanta-30-pizza-pe-ora-09374150\/"},"modified":"2022-03-25T12:00:58","modified_gmt":"2022-03-25T12:00:58","slug":"cuptor-pentru-pizza-cu-banda-rulanta-30-pizza-pe-ora-09374150","status":"publish","type":"product","link":"https:\/\/evotek.md\/ro\/produse\/echipamente-termice\/cuptoare-pentru-pizza-cuptoare\/cuptor-pentru-pizza-cu-banda-rulanta-30-pizza-pe-ora-09374150\/","title":{"rendered":"CUPTOR PENTRU PIZZA CU BAND\u0102 RULANT\u0102 &#8211; 30 PIZZA PE OR\u0102 M-09374150"},"content":{"rendered":"<p><strong>CUPTOR PENTRU PIZZA CU BAND\u0102 RULANT\u0102 &#8211; 30 PIZZA PE OR\u0102 M-09374150-<\/strong> Acest cuptor electric pentru pizza este potrivit pentru uz profesional si productie de pizza de volum mare. Acest cuptor pentru pizza model desktop are o band\u0103 transportoare pentru pizza. Pizza proasp\u0103t\u0103 se a\u0219eaz\u0103 pe o band\u0103 rulant\u0103 \u0219i se mut\u0103 la cuptor. Cuptorul coace pizza uniform pe toate p\u0103r\u021bile. Cand pizza sunt gata, ies pe banda rulanta din cealalta parte a cuptorului. Cuptorul pentru pizza este fabricat din o\u021bel inoxidabil, care este u\u0219or de cur\u0103\u021bat.<\/p>\n<p>Caracteristici<br \/>\nCuptor de pizza profesional potrivit pentru performante ridicate<br \/>\nFabricat din o\u021bel inoxidabil, u\u0219or de cur\u0103\u021bat<br \/>\nPotrivit pentru 2 pizza +\/- 20 cm<br \/>\n\u00cenc\u0103lzire dubl\u0103, fiecare cu propriul display digital<br \/>\nChiar \u0219i \u00eenc\u0103lzire din toate p\u0103r\u021bile<br \/>\nTermostate reglabile: de la 50\u00b0C la 280\u00b0C<br \/>\nProductie de 30 de pizza pe ora<br \/>\nGreutate neta: 34 kg<br \/>\nDimensiuni camera: L530 x D400 x H20\/40\/55 mm<br \/>\nDimensiuni aparat: L660 x D680 x H440 mm<br \/>\nDimensiuni unitate cu transportor: L1240 x D680 x H440 mm<br \/>\nPutere electrica totala: 3,4 kW<br \/>\nConexiune: 230V\/50Hz\/1 faza 3400W<\/p>\n","protected":false},"excerpt":{"rendered":"<p>Cuptor pentru pizza cu band\u0103 rulant\u0103 &#8211; 30 pizza pe or\u0103. Cuptor de pizza profesional potrivit pentru performante ridicate; Fabricat din o\u021bel inoxidabil, u\u0219or de cur\u0103\u021bat; Potrivit pentru 2 pizza +\/- 20 cm; \u00cenc\u0103lzire dubl\u0103, fiecare cu propriul display digital; Chiar \u0219i \u00eenc\u0103lzire din toate p\u0103r\u021bile; Termostate reglabile: de la 50\u00b0C la 280\u00b0C; Productie de 30 de pizza pe ora; Greutate neta: 34 kg; Dimensiuni camera: L530 x D400 x H20\/40\/55 mm; Dimensiuni aparat: L660 x D680 x H440 mm; Dimensiuni unitate cu transportor: L1240 x D680 x H440 mm; Putere electrica totala: 3,4 kW; Conexiune: 230V\/50Hz\/1 faza 3400W.<\/p>\n","protected":false},"featured_media":29394,"template":"","meta":[],"_links":{"self":[{"href":"https:\/\/evotek.md\/ro\/wp-json\/wp\/v2\/product\/29409"}],"collection":[{"href":"https:\/\/evotek.md\/ro\/wp-json\/wp\/v2\/product"}],"about":[{"href":"https:\/\/evotek.md\/ro\/wp-json\/wp\/v2\/types\/product"}],"wp:featuredmedia":[{"embeddable":true,"href":"https:\/\/evotek.md\/ro\/wp-json\/wp\/v2\/media\/29394"}],"wp:attachment":[{"href":"https:\/\/evotek.md\/ro\/wp-json\/wp\/v2\/media?parent=29409"}],"curies":[{"name":"wp","href":"https:\/\/api.w.org\/{rel}","templated":true}]}}