{"id":29334,"date":"2022-03-24T09:19:20","date_gmt":"2022-03-24T09:19:20","guid":{"rendered":"https:\/\/evotek.md\/produse\/fara-categorie\/mandolina-din-inox-sanelli-1230-000\/"},"modified":"2022-03-24T09:28:29","modified_gmt":"2022-03-24T09:28:29","slug":"mandolina-din-inox-sanelli-1230-000","status":"publish","type":"product","link":"https:\/\/evotek.md\/ro\/produse\/accesorii-si-inventar-bucatarie\/cutite-bucatarie\/mandolina-din-inox-sanelli-1230-000\/","title":{"rendered":"MANDOLIN\u0102 DIN INOX (FELIATOR FIN) -Sanelli-1230.000-"},"content":{"rendered":"<p><strong>MANDOLIN\u0102 DIN INOX (FELIATOR FIN) -Sanelli-1230.000-<\/strong> Mandolin\u0103 din o\u021bel inoxidabil cu t\u0103ietur\u0103 reglabil\u0103.<\/p>\n<p>Caracteristici<br \/>\nLungime totala: 27 cm<br \/>\nLatime: 8 cm<br \/>\nLatime de taiere: 4,5 cm, grosime de la 0 la 3 mm<\/p>\n","protected":false},"excerpt":{"rendered":"<p>Mandolin\u0103 din o\u021bel inoxidabil cu t\u0103ietur\u0103 reglabil\u0103. Lungime totala: 27 cm; Latime: 8 cm; Latime de taiere: 4,5 cm, grosime de la 0 la 3 mm.<\/p>\n","protected":false},"featured_media":29331,"template":"","meta":[],"_links":{"self":[{"href":"https:\/\/evotek.md\/ro\/wp-json\/wp\/v2\/product\/29334"}],"collection":[{"href":"https:\/\/evotek.md\/ro\/wp-json\/wp\/v2\/product"}],"about":[{"href":"https:\/\/evotek.md\/ro\/wp-json\/wp\/v2\/types\/product"}],"wp:featuredmedia":[{"embeddable":true,"href":"https:\/\/evotek.md\/ro\/wp-json\/wp\/v2\/media\/29331"}],"wp:attachment":[{"href":"https:\/\/evotek.md\/ro\/wp-json\/wp\/v2\/media?parent=29334"}],"curies":[{"name":"wp","href":"https:\/\/api.w.org\/{rel}","templated":true}]}}