{"id":2931,"date":"2020-02-24T16:05:36","date_gmt":"2020-02-24T16:07:07","guid":{"rendered":"https:\/\/evotek.md\/?post_type=product&#038;p=2931"},"modified":"2023-02-27T14:04:50","modified_gmt":"2023-02-27T14:04:50","slug":"masina-de-spalat-vase-de-tip-cupola-mec-t120","status":"publish","type":"product","link":"https:\/\/evotek.md\/ro\/produse\/utilaje-pentru-spalare-vase\/masina-de-spalat-vase-de-tip-cupola\/masina-de-spalat-vase-de-tip-cupola-mec-t120\/","title":{"rendered":"MASINA DE SPALAT VASE, CUPOLA -MEC T120"},"content":{"rendered":"<p><strong>MASINA DE SPALAT VASE, CUPOLA -MEC T120- <\/strong>Ma\u0219ina de sp\u0103lat vase tip cupol\u0103 este utilizat\u0103 \u00een unit\u0103\u021bile de alimenta\u021bie public\u0103 pentru sp\u0103larea vaselor, ustensile de buc\u0103t\u0103rie, pahare, t\u0103vi \u0219i tac\u00e2muri. Modelul este echipat cu dispozitive de siguran\u021b\u0103 \u0219i are acces frontal la toate componentele. Corpul, chiuveta \u0219i filtrul pentru rezervor sunt confec\u021bionate din inox. Setul include co\u0219uri pentru farfurii, pahare \u0219i tac\u00e2muri.<\/p>\n<p>Facilit\u0103\u021bi: Cl\u0103te\u0219te cu ajutorl cronometrului; Picioare reglabile pe \u00een\u0103l\u021bime.<\/p>\n<p><strong>*Pentru a beneficia de garan\u021bie este obligatoriu de a fi instalat filtru DVA pentru acest echipament.<\/strong><\/p>\n<p>Caracteristici<\/p>\n<p>Productivitate farfurii: \u200b\u200b 30 de buc\u0103\u021bi \/ h<\/p>\n<p>Ciclul sp\u0103l\u0103rii: 90\/120\/180 sec.<\/p>\n<p>Dimensiunea cosului in care se pun vase: 500\u00d7500 mm.<\/p>\n<p>Tensiune: 380 V<\/p>\n<p>Putere: 8,7 kW<\/p>\n<p>Distribuitor de ajutor pentru cl\u0103tire: da<\/p>\n<p>Parametri: 724&#215;892 mm<\/p>\n<p>Inaltime de la 1529 la 2010 mm<\/p>\n<p>Greutate: 135 kg<\/p>\n<p>Capacitatea pl\u0103cii: 18<\/p>\n<p>Volum: Cazan: 6 L; Cada: 20 L<\/p>\n<p>Consumul de ap\u0103 pe ciclu: 3 L<\/p>\n<p>Putere: TEN al unui cazan: 2,5 kW; TENA unei cada: 8 kW; Pomp\u0103: 0,55 kW<\/p>\n<p>\u021aara de origine: Italia<\/p>\n<p>&nbsp;<\/p>\n<p>&nbsp;<\/p>\n","protected":false},"excerpt":{"rendered":"<p>Ma\u0219in\u0103 de sp\u0103lat vase de tip cupol\u0103 cu capacitatea de farfurii: 30 buc \/ h. Ciclul sp\u0103l\u0103rii: 90\/120\/180 sec.; Dimensiunea cosului in care se pun vase: 500\u00d7500 mm; Tensiune: 380 V; Putere: 8,7 kW; Distribuitor de ajutor pentru cl\u0103tire: da; Parametri: 724&#215;892 mm; Inaltime de la 1529 la 2010 mm; Greutate: 135 kg; Capacitatea pl\u0103cii: 18; Volum: Cazan: 6 L; Cada: 20 L; Consumul de ap\u0103 pe ciclu: 3 L; Putere: TEN al unui cazan: 2,5 kW; TENA unei cada: 8 kW; Pomp\u0103: 0,55 kW; \u021aara de origine: Italia.<\/p>\n<p><strong>*Recomand\u0103m instalarea adi\u021bional\u0103 a unui filtru DVA pentru o bun\u0103 func\u021bionare a ma\u0219inii de sp\u0103lat.<\/strong><\/p>\n","protected":false},"featured_media":2930,"template":"","meta":[],"_links":{"self":[{"href":"https:\/\/evotek.md\/ro\/wp-json\/wp\/v2\/product\/2931"}],"collection":[{"href":"https:\/\/evotek.md\/ro\/wp-json\/wp\/v2\/product"}],"about":[{"href":"https:\/\/evotek.md\/ro\/wp-json\/wp\/v2\/types\/product"}],"wp:featuredmedia":[{"embeddable":true,"href":"https:\/\/evotek.md\/ro\/wp-json\/wp\/v2\/media\/2930"}],"wp:attachment":[{"href":"https:\/\/evotek.md\/ro\/wp-json\/wp\/v2\/media?parent=2931"}],"curies":[{"name":"wp","href":"https:\/\/api.w.org\/{rel}","templated":true}]}}