{"id":29297,"date":"2022-03-23T10:45:41","date_gmt":"2022-03-23T10:45:41","guid":{"rendered":"https:\/\/evotek.md\/produse\/fara-categorie\/cuptor-pizza-deluxe-66x30-cm-dublu-m-09370050\/"},"modified":"2022-03-23T10:45:41","modified_gmt":"2022-03-23T10:45:41","slug":"cuptor-pizza-deluxe-66x30-cm-dublu-m-09370050","status":"publish","type":"product","link":"https:\/\/evotek.md\/ro\/produse\/echipamente-termice\/cuptoare-pentru-pizza-cuptoare\/cuptor-pizza-deluxe-66x30-cm-dublu-m-09370050\/","title":{"rendered":"CUPTOR PIZZA Deluxe 6+6&#215;30 cm dublu M-09370050"},"content":{"rendered":"<p><strong>CUPTOR PIZZA Deluxe 6+6&#215;30 cm dublu M-09370050-<\/strong> este un cuptor pentru pizza durabil si de incredere. Finisajul din o\u021bel inoxidabil, carcasa <span style=\"font-size: 14.4px\">camera <\/span><span style=\"font-size: 14.4px\">\u0219i <\/span><span style=\"font-size: 14.4px\">metalica asigur\u0103 o distribu\u021bie excelent\u0103 a c\u0103ldurii pentru pizza delicioas\u0103. Dimensiunea compacta garanteaza o amplasare usoara a acestuia.<\/span><\/p>\n<p>Caracteristici<br \/>\nPanoul frontal din o\u021bel inoxidabil cu butoane rezistente<br \/>\nConstructie metalica robusta<br \/>\nSe potrive\u0219te 2&#215;6=12 +\/- 30 cm pizza<br \/>\nDimensiuni camera: H150 x L920 x D620 mm X2<br \/>\nControl analogic simplu<br \/>\nDistribu\u021bie eficient\u0103 a c\u0103ldurii<br \/>\nGeam termopan<br \/>\nTermostate multiple: 50\u00b0C p\u00e2n\u0103 la 500\u00b0C<br \/>\nTemperatura reglabila deasupra si sub fiecare camera<br \/>\nCamer\u0103 interioar\u0103 mare cu pl\u0103ci de piatr\u0103<br \/>\nLumin\u0103 instalat\u0103 \u00een interior<br \/>\nCamer\u0103 cu izola\u021bie foarte groas\u0103<br \/>\nGreutate neta: 195 kg<br \/>\nDimensiuni: H740 x L1200 x D770 mm<br \/>\nConexiune: 400V\/50Hz\/3 faze 12000W<br \/>\nAcest produs nu vine cu priza CEE 400V 32A<\/p>\n","protected":false},"excerpt":{"rendered":"<p>Cuptor pentru pizza compact dublu 6+6&#215;30 cm. Panoul frontal din o\u021bel inoxidabil cu butoane rezistente; Constructie metalica robusta; Se potrive\u0219te 2&#215;6=12 +\/- 30 cm pizza; Dimensiuni camera: H150 x L920 x D620 mm X2; Control analogic simplu; Distribu\u021bie eficient\u0103 a c\u0103ldurii; Geam termopan; Termostate multiple: 50\u00b0C p\u00e2n\u0103 la 500\u00b0C; Temperatura reglabila deasupra si sub fiecare camera; Camer\u0103 interioar\u0103 mare cu pl\u0103ci de piatr\u0103; Lumin\u0103 instalat\u0103 \u00een interior; Camer\u0103 cu izola\u021bie foarte groas\u0103; Greutate neta: 195 kg; Dimensiuni: H740 x L1200 x D770 mm; Conexiune: 400V\/50Hz\/3 faze 12000W; Acest produs nu vine cu priza CEE 400V 32A.<\/p>\n","protected":false},"featured_media":29284,"template":"","meta":[],"_links":{"self":[{"href":"https:\/\/evotek.md\/ro\/wp-json\/wp\/v2\/product\/29297"}],"collection":[{"href":"https:\/\/evotek.md\/ro\/wp-json\/wp\/v2\/product"}],"about":[{"href":"https:\/\/evotek.md\/ro\/wp-json\/wp\/v2\/types\/product"}],"wp:featuredmedia":[{"embeddable":true,"href":"https:\/\/evotek.md\/ro\/wp-json\/wp\/v2\/media\/29284"}],"wp:attachment":[{"href":"https:\/\/evotek.md\/ro\/wp-json\/wp\/v2\/media?parent=29297"}],"curies":[{"name":"wp","href":"https:\/\/api.w.org\/{rel}","templated":true}]}}