{"id":29281,"date":"2022-03-23T09:27:32","date_gmt":"2022-03-23T09:27:32","guid":{"rendered":"https:\/\/evotek.md\/produse\/fara-categorie\/cuptor-pizza-compact-6x30-cm-m-09370040\/"},"modified":"2022-03-23T09:27:32","modified_gmt":"2022-03-23T09:27:32","slug":"cuptor-pizza-compact-6x30-cm-m-09370040","status":"publish","type":"product","link":"https:\/\/evotek.md\/ro\/produse\/echipamente-termice\/cuptoare-pentru-pizza-cuptoare\/cuptor-pizza-compact-6x30-cm-m-09370040\/","title":{"rendered":"CUPTOR PIZZA COMPACT 6&#215;30 cm M-09370040"},"content":{"rendered":"<p><strong>CUPTOR PIZZA COMPACT 6&#215;30 cm M-09370040-<\/strong> Acesta este un cuptor pentru pizza robust si de incredere. Finisajul din o\u021bel inoxidabil, carcasa <span style=\"font-size: 14.4px\">\u0219i camera <\/span><span style=\"font-size: 14.4px\">metalica asigur\u0103 o distribu\u021bie excelent\u0103 a c\u0103ldurii pentru pizza delicioasa. Dimensiunea compact\u0103 garanteaz\u0103 o amplasare u\u0219oar\u0103.<\/span><\/p>\n<p>Caracteristici<br \/>\nCuptor de pizza comercial de lux \u0219i mare<br \/>\nPanoul frontal din o\u021bel inoxidabil cu butoane rezistente.<br \/>\nConstructie metalica robusta<br \/>\nPotrivit pentru 6 pizza de la +\/- 30 cm<br \/>\nDimensiuni camera: H150 x L920 x D620 mm<br \/>\nControl analogic simplu<br \/>\nDistribu\u021bie eficient\u0103 a c\u0103ldurii<br \/>\nGeam termopan<br \/>\nTermostate multiple: 50\u00b0C p\u00e2n\u0103 la 500\u00b0C<br \/>\nTemperatura reglabila deasupra si sub fiecare camera<br \/>\nCamer\u0103 interioar\u0103 mare cu pl\u0103ci de piatr\u0103<br \/>\nLumin\u0103 instalat\u0103 \u00een camer\u0103<br \/>\nCamer\u0103 cu izola\u021bie foarte groas\u0103<br \/>\nGreutate neta: 102 kg<br \/>\nDimensiuni: H410 x L1200 x D770 mm<br \/>\nConexiune: 400V\/50Hz\/trifazat 6000W<br \/>\nAcest produs nu vine cu priza CEE 400V 16A<\/p>\n","protected":false},"excerpt":{"rendered":"<p>Cuptor pentru pizza compact si robust 6&#215;30 cm. Cuptor de pizza comercial de lux \u0219i mare; Panoul frontal din o\u021bel inoxidabil cu butoane rezistente; Constructie metalica robusta; Potrivit pentru 6 pizza de la +\/- 30 cm; Dimensiuni camera: H150 x L920 x D620 mm; Control analogic simplu; Distribu\u021bie eficient\u0103 a c\u0103ldurii; Geam termopan; Termostate multiple: 50\u00b0C p\u00e2n\u0103 la 500\u00b0C; Temperatura reglabila deasupra si sub fiecare camera; Camer\u0103 interioar\u0103 mare cu pl\u0103ci de piatr\u0103; Lumin\u0103 instalat\u0103 \u00een camer\u0103; Camer\u0103 cu izola\u021bie foarte groas\u0103; Greutate neta: 102 kg; Dimensiuni: H410 x L1200 x D770 mm.<\/p>\n","protected":false},"featured_media":29267,"template":"","meta":[],"_links":{"self":[{"href":"https:\/\/evotek.md\/ro\/wp-json\/wp\/v2\/product\/29281"}],"collection":[{"href":"https:\/\/evotek.md\/ro\/wp-json\/wp\/v2\/product"}],"about":[{"href":"https:\/\/evotek.md\/ro\/wp-json\/wp\/v2\/types\/product"}],"wp:featuredmedia":[{"embeddable":true,"href":"https:\/\/evotek.md\/ro\/wp-json\/wp\/v2\/media\/29267"}],"wp:attachment":[{"href":"https:\/\/evotek.md\/ro\/wp-json\/wp\/v2\/media?parent=29281"}],"curies":[{"name":"wp","href":"https:\/\/api.w.org\/{rel}","templated":true}]}}