{"id":29261,"date":"2022-03-23T08:37:35","date_gmt":"2022-03-23T08:37:35","guid":{"rendered":"https:\/\/evotek.md\/produse\/fara-categorie\/cuptor-pizza-compact-44x25-cm-m-09370010\/"},"modified":"2022-03-23T08:37:35","modified_gmt":"2022-03-23T08:37:35","slug":"cuptor-pizza-compact-44x25-cm-m-09370010","status":"publish","type":"product","link":"https:\/\/evotek.md\/ro\/produse\/echipamente-termice\/cuptoare-pentru-pizza-cuptoare\/cuptor-pizza-compact-44x25-cm-m-09370010\/","title":{"rendered":"CUPTOR PIZZA COMPACT 4+4&#215;25 cm M-09370010"},"content":{"rendered":"<p><strong>CUPTOR PIZZA COMPACT 4+4&#215;25 cm M-09370010-<\/strong> Finisajul din otel inoxidabil, carcasa\u00a0<span style=\"font-size: 14.4px\">si<\/span><span style=\"font-size: 14.4px\">\u00a0<\/span><span style=\"font-size: 14.4px\">camera<\/span><span style=\"font-size: 14.4px\">\u00a0<\/span><span style=\"font-size: 14.4px\">metalica asigura o distributie excelenta a caldurii pentru pizza delicioasa. Dimensiunea compacta asigura o amplasare usoara.<\/span><\/p>\n<p>Caracteristici<br \/>\nPanoul frontal din o\u021bel inoxidabil cu butoane rezistente<br \/>\nConstructie metalica robusta<br \/>\nPotrivit pentru 2&#215;4 = 8 pizza de la +\/- 25 cm<br \/>\nDimensiuni camera: H110 x L510 x D510mm X2<br \/>\nControl analogic simplu<br \/>\nDistribu\u021bie eficient\u0103 a c\u0103ldurii<br \/>\nTermostate multiple: 50\u00b0C p\u00e2n\u0103 la 500\u00b0C<br \/>\nTemperatura reglabila deasupra si sub fiecare camera<br \/>\nCamer\u0103 interioar\u0103 mare cu pl\u0103ci de piatr\u0103<br \/>\nCamer\u0103 cu izola\u021bie foarte groas\u0103<br \/>\nGreutate neta: 73 kg<br \/>\nDimensiuni: H495 x L800 x D660 mm<br \/>\nConexiune: 400V\/50Hz\/trifazat 6000W<br \/>\nAcest produs nu vine cu priza CEE 400V 16A<\/p>\n","protected":false},"excerpt":{"rendered":"<p>Cuptor pentru pizza compact si robust\u00a04+4&#215;25 cm. Panoul frontal din o\u021bel inoxidabil cu butoane rezistente; Constructie metalica robusta; Potrivit pentru 2&#215;4 = 8 pizza de la +\/- 25 cm; Dimensiuni camera: H110 x L510 x D510mm X2; Control analogic simplu; Distribu\u021bie eficient\u0103 a c\u0103ldurii; Termostate multiple: 50\u00b0C p\u00e2n\u0103 la 500\u00b0C; Temperatura reglabila deasupra si sub fiecare camera; Camer\u0103 interioar\u0103 mare cu pl\u0103ci de piatr\u0103; Camer\u0103 cu izola\u021bie foarte groas\u0103; Greutate neta: 73 kg; Dimensiuni: H495 x L800 x D660 mm; Conexiune: 400V\/50Hz\/trifazat 6000W; Acest produs nu vine cu priza CEE 400V 16A.<\/p>\n","protected":false},"featured_media":29248,"template":"","meta":[],"_links":{"self":[{"href":"https:\/\/evotek.md\/ro\/wp-json\/wp\/v2\/product\/29261"}],"collection":[{"href":"https:\/\/evotek.md\/ro\/wp-json\/wp\/v2\/product"}],"about":[{"href":"https:\/\/evotek.md\/ro\/wp-json\/wp\/v2\/types\/product"}],"wp:featuredmedia":[{"embeddable":true,"href":"https:\/\/evotek.md\/ro\/wp-json\/wp\/v2\/media\/29248"}],"wp:attachment":[{"href":"https:\/\/evotek.md\/ro\/wp-json\/wp\/v2\/media?parent=29261"}],"curies":[{"name":"wp","href":"https:\/\/api.w.org\/{rel}","templated":true}]}}