{"id":29244,"date":"2022-03-22T16:03:57","date_gmt":"2022-03-22T16:03:57","guid":{"rendered":"https:\/\/evotek.md\/produse\/fara-categorie\/cuptor-pizza-compact-2x40-cm-m-09362155\/"},"modified":"2022-03-22T16:03:57","modified_gmt":"2022-03-22T16:03:57","slug":"cuptor-pizza-compact-2x40-cm-m-09362155","status":"publish","type":"product","link":"https:\/\/evotek.md\/ro\/produse\/echipamente-termice\/cuptoare-pentru-pizza-cuptoare\/cuptor-pizza-compact-2x40-cm-m-09362155\/","title":{"rendered":"CUPTOR PIZZA COMPACT 2&#215;40 cm M-09362155"},"content":{"rendered":"<p><strong>CUPTOR PIZZA COMPACT 2&#215;40 cm M-09362155-<\/strong> este un cuptor pentru pizza compact si robust din otel inoxidabil. Are loc pentru 2 pizza de aproximativ 40 de cm. Comoditatea acestui cuptor pentru pizza consta \u00een posibilitatea de a regla temperatura camerei atat in partea de jos cat si in partea de sus. \u00cen plus, camera are propria ei lumin\u0103. Astfel, pute\u021bi urm\u0103ri cu u\u0219urin\u021b\u0103 preg\u0103tirea.<\/p>\n<p>Caracteristici<br \/>\nCarcasa din o\u021bel inoxidabil, camer\u0103 interioar\u0103 din metal.<br \/>\nPotrivit pentru 2 pizza 40 cm | 8 pizza 20 cm.<br \/>\nDimensiuni camera: H120 x L420 x D420 mm<br \/>\nControl analog al temperaturii \u0219i al luminii<br \/>\nDistribu\u021bie eficient\u0103 a c\u0103ldurii<br \/>\nGeam termopan<br \/>\nTermostate multiple: 0\u00b0C p\u00e2n\u0103 la 350\u00b0C<br \/>\nTemperatura reglabila deasupra si sub fiecare camera<br \/>\n2 camere interioare cu placi de piatra 400 x 400 mm<br \/>\nLumin\u0103 de camer\u0103 instalat\u0103<br \/>\nGreutate neta: 35 kg<br \/>\nDimensiuni: H440 x L580 x D570 mm<br \/>\nConexiune: 230V\/50Hz\/1 faza 3000W<\/p>\n","protected":false},"excerpt":{"rendered":"<p>Cuptor pentru pizza compact si robust 2&#215;40 cm. Carcasa din o\u021bel inoxidabil, camer\u0103 interioar\u0103 din metal; Potrivit pentru 2 pizza 40 cm | 8 pizza 20 cm; Dimensiuni camera: H120 x L420 x D420 mm; Control analog al temperaturii \u0219i al luminii; Distribu\u021bie eficient\u0103 a c\u0103ldurii; Geam termopan; Termostate multiple: 0\u00b0C p\u00e2n\u0103 la 350\u00b0C; Temperatura reglabila deasupra si sub fiecare camera; 2 camere interioare cu placi de piatra 400 x 400 mm; Lumin\u0103 de camer\u0103 instalat\u0103; Greutate neta: 35 kg; Dimensiuni: H440 x L580 x D570 mm; Conexiune: 230V\/50Hz\/1 faza 3000W.<\/p>\n","protected":false},"featured_media":29229,"template":"","meta":[],"_links":{"self":[{"href":"https:\/\/evotek.md\/ro\/wp-json\/wp\/v2\/product\/29244"}],"collection":[{"href":"https:\/\/evotek.md\/ro\/wp-json\/wp\/v2\/product"}],"about":[{"href":"https:\/\/evotek.md\/ro\/wp-json\/wp\/v2\/types\/product"}],"wp:featuredmedia":[{"embeddable":true,"href":"https:\/\/evotek.md\/ro\/wp-json\/wp\/v2\/media\/29229"}],"wp:attachment":[{"href":"https:\/\/evotek.md\/ro\/wp-json\/wp\/v2\/media?parent=29244"}],"curies":[{"name":"wp","href":"https:\/\/api.w.org\/{rel}","templated":true}]}}