{"id":29225,"date":"2022-03-22T15:45:27","date_gmt":"2022-03-22T15:45:27","guid":{"rendered":"https:\/\/evotek.md\/produse\/fara-categorie\/cuptor-pizza-compact-1x40-cm-m-09362150\/"},"modified":"2022-03-23T08:25:47","modified_gmt":"2022-03-23T08:25:47","slug":"cuptor-pizza-compact-1x40-cm-m-09362150","status":"publish","type":"product","link":"https:\/\/evotek.md\/ro\/produse\/echipamente-termice\/cuptoare-pentru-pizza-cuptoare\/cuptor-pizza-compact-1x40-cm-m-09362150\/","title":{"rendered":"CUPTOR PIZZA COMPACT 1&#215;40 cm M-09362150"},"content":{"rendered":"<p><strong>CUPTOR PIZZA COMPACT 1&#215;40 cm M-09362150-<\/strong> este un cuptor pentru pizza compact si robust din otel inoxidabil. Are loc pentru o pizza de aproximativ 40 de cm. Comoditatea acestui cuptor pentru pizza este ca puteti regla temperatura camerei atat in partea de jos cat si in partea de sus. \u00cen plus, camera are propria ei lumin\u0103. Astfel, pute\u021bi urm\u0103ri cu u\u0219urin\u021b\u0103 preg\u0103tirea.<\/p>\n<p>Caracteristici<br \/>\nCuptor pentru pizza compact si robust<br \/>\nCarcasa din o\u021bel inoxidabil, camer\u0103 interioar\u0103 din metal.<br \/>\nPotrivit pentru 1 pizza cu diametrul de 40 cm | 4 pizza 20 cm.<br \/>\nDimensiuni camera: H120 x L420 x D420 mm<br \/>\nControl analog al temperaturii \u0219i al luminii<br \/>\nDistribu\u021bie eficient\u0103 a c\u0103ldurii<br \/>\nGeam termopan<br \/>\nTermostate multiple: 0\u00b0C p\u00e2n\u0103 la 350\u00b0C<br \/>\nTemperaturile camerei superioare \u0219i inferioare sunt reglabile<br \/>\nCamera interioara cu placa de piatra 400 x 400 mm<br \/>\nLumin\u0103 de camer\u0103 instalat\u0103<br \/>\nGreutate neta: 20 kg<br \/>\nDimensiuni: H280 x L580 x D570 mm<br \/>\nConexiune: 230V\/50Hz\/1 faza 2000W<\/p>\n","protected":false},"excerpt":{"rendered":"<p>Cuptor pentru pizza compact si robust 1&#215;40 cm; Carcasa din o\u021bel inoxidabil, camer\u0103 interioar\u0103 din metal; Potrivit pentru 1 pizza cu diametrul de 40 cm | 4 pizza 20 cm; Dimensiuni camera: H120 x L420 x D420 mm; Control analog al temperaturii \u0219i al luminii; Distribu\u021bie eficient\u0103 a c\u0103ldurii; Geam termopan; Termostate multiple: 0\u00b0C p\u00e2n\u0103 la 350\u00b0C; Temperaturile camerei superioare \u0219i inferioare sunt reglabile; Camera interioara cu placa de piatra 400 x 400 mm; Lumin\u0103 de camer\u0103 instalat\u0103; Greutate neta: 20 kg; Dimensiuni: H280 x L580 x D570 mm; Conexiune: 230V\/50Hz\/1 faza 2000W.<\/p>\n","protected":false},"featured_media":29210,"template":"","meta":[],"_links":{"self":[{"href":"https:\/\/evotek.md\/ro\/wp-json\/wp\/v2\/product\/29225"}],"collection":[{"href":"https:\/\/evotek.md\/ro\/wp-json\/wp\/v2\/product"}],"about":[{"href":"https:\/\/evotek.md\/ro\/wp-json\/wp\/v2\/types\/product"}],"wp:featuredmedia":[{"embeddable":true,"href":"https:\/\/evotek.md\/ro\/wp-json\/wp\/v2\/media\/29210"}],"wp:attachment":[{"href":"https:\/\/evotek.md\/ro\/wp-json\/wp\/v2\/media?parent=29225"}],"curies":[{"name":"wp","href":"https:\/\/api.w.org\/{rel}","templated":true}]}}