{"id":29206,"date":"2022-03-22T15:16:14","date_gmt":"2022-03-22T15:16:14","guid":{"rendered":"https:\/\/evotek.md\/produse\/fara-categorie\/pasta-cooker-pe-gaz-2-%d1%85-40-l-m-09398616\/"},"modified":"2022-03-22T15:16:14","modified_gmt":"2022-03-22T15:16:14","slug":"pasta-cooker-pe-gaz-2-%d1%85-40-l-m-09398616","status":"publish","type":"product","link":"https:\/\/evotek.md\/ro\/produse\/echipamente-termice\/pasta-cooker\/pasta-cooker-pe-gaz-2-%d1%85-40-l-m-09398616\/","title":{"rendered":"PASTA COOKER PE GAZ 2 \u0445 40 l M-09398616"},"content":{"rendered":"<p><strong>PASTA COOKER PE GAZ 2 \u0445 40 l M-09398616-<\/strong> Cu acest aparat profesional pute\u021bi prepara paste delicioase \u00een cel mai scurt timp. Aparat de g\u0103tit paste are 6 co\u0219uri. Umple\u021bi un vas cu ap\u0103 \u0219i aduce\u021bi apa la temperatura dorit\u0103. Apoi umple\u021bi co\u0219urile din o\u021bel inoxidabil cu paste. Odat\u0103 ce pastele sunt suficient de fierte, a\u0219eza\u021bi co\u0219ul pe o suprafa\u021b\u0103 special\u0103 pentru <span style=\"font-size: 14.4px\">scurgere<\/span><span style=\"font-size: 14.4px\">. Calitatea apei din ma\u0219ina de g\u0103tit paste r\u0103m\u00e2ne excelent\u0103 datorit\u0103 func\u021biei automate de \u00eendep\u0103rtarea amidonului. Datorit\u0103 scurgerii mari cu robinet manual, pute\u021bi goli rapid rezervorul de ap\u0103. Apoi cur\u0103\u021ba\u021bi aparatul de paste, ceea ce este foarte u\u0219or datorit\u0103 carcasei din o\u021bel inoxidabil.<\/span><\/p>\n<p>Caracteristici<br \/>\nAparat de g\u0103tit paste din o\u021bel inoxidabil cu col\u021buri rotunjite pentru o cur\u0103\u021bare u\u0219oar\u0103<br \/>\n6 co\u0219uri de paste din o\u021bel inoxidabil, robuste, perforate fin, incluse \u00een standard<br \/>\nArzatoare eficiente microperforate din otel inoxidabil<br \/>\nFlac\u0103ra poate fi controlat\u0103 vizual folosind sticl\u0103 ceramic\u0103 rezistent\u0103 la c\u0103ldur\u0103.<br \/>\nPrevazut cu termostat de siguranta 20 \u00b0C &#8211; 200 \u00b0C<br \/>\nSupapa de siguranta pentru gaz cu termocuplu<br \/>\nPotrivit pentru GPL sau gaz natural<br \/>\nFunc\u021bie automat\u0103 de \u00eendep\u0103rtare a amidonului pentru a men\u021bine calitatea apei<br \/>\nEchipat cu electrovalva pentru apa rece sau calda<br \/>\nGolire rapid\u0103 a rezervorului de ap\u0103 cu robinet cu bil\u0103 \u0219i scurgere<br \/>\nConstruc\u021bie foarte robust\u0103 \u0219i design ergonomic<br \/>\nEchipat cu un spa\u021biu suplimentar pentru depozitare <span style=\"font-size: 14.4px\">cu 2 u\u0219i<\/span><br \/>\nGreutate neta: 123 kg<br \/>\nCapacitate apa: 2 x 40 l<br \/>\nDimensiuni co\u0219: L270 x D140 x H230 mm<br \/>\nDimensiuni aparat: L800 x D900 x H850 mm<br \/>\nPutere total\u0103 pe gaz: 36,0 kW<br \/>\nDuze de gaz instalate: G25 &#8211; gaz natural<br \/>\nSet suplimentar de duze de gaz: G30 &#8211; gaz lichefiat (propan \/ butan)<\/p>\n","protected":false},"excerpt":{"rendered":"<p>Pasta cooker pe gaz 2 \u0445 40 l. Aparat de g\u0103tit paste din o\u021bel inoxidabil cu col\u021buri rotunjite pentru o cur\u0103\u021bare u\u0219oar\u0103; 6 co\u0219uri de paste din o\u021bel inoxidabil, robuste, perforate fin, incluse \u00een standard; Arzatoare eficiente microperforate din otel inoxidabil; Flac\u0103ra poate fi controlat\u0103 vizual folosind sticl\u0103 ceramic\u0103 rezistent\u0103 la c\u0103ldur\u0103; Prevazut cu termostat de siguranta 20 \u00b0C &#8211; 200 \u00b0C; Supapa de siguranta pentru gaz cu termocuplu; Potrivit pentru GPL sau gaz natural; Func\u021bie automat\u0103 de \u00eendep\u0103rtare a amidonului pentru a men\u021bine calitatea apei; Echipat cu electrovalva pentru apa rece sau calda; Golire rapid\u0103 a rezervorului de ap\u0103 cu robinet cu bil\u0103 \u0219i scurgere; Construc\u021bie foarte robust\u0103 \u0219i design ergonomic; Echipat cu un spa\u021biu suplimentar pentru depozitare cu 2 u\u0219i; Greutate neta: 123 kg; Capacitate apa: 2 x 40 l; Dimensiuni co\u0219: L270 x D140 x H230 mm; Dimensiuni aparat: L800 x D900 x H850 mm; Putere total\u0103 pe gaz: 36,0 kW; Duze de gaz instalate: G25 &#8211; gaz natural; Set suplimentar de duze de gaz: G30 &#8211; gaz lichefiat (propan \/ butan).<\/p>\n","protected":false},"featured_media":29205,"template":"","meta":[],"_links":{"self":[{"href":"https:\/\/evotek.md\/ro\/wp-json\/wp\/v2\/product\/29206"}],"collection":[{"href":"https:\/\/evotek.md\/ro\/wp-json\/wp\/v2\/product"}],"about":[{"href":"https:\/\/evotek.md\/ro\/wp-json\/wp\/v2\/types\/product"}],"wp:featuredmedia":[{"embeddable":true,"href":"https:\/\/evotek.md\/ro\/wp-json\/wp\/v2\/media\/29205"}],"wp:attachment":[{"href":"https:\/\/evotek.md\/ro\/wp-json\/wp\/v2\/media?parent=29206"}],"curies":[{"name":"wp","href":"https:\/\/api.w.org\/{rel}","templated":true}]}}