{"id":29199,"date":"2022-03-22T14:55:56","date_gmt":"2022-03-22T14:55:56","guid":{"rendered":"https:\/\/evotek.md\/produse\/fara-categorie\/pasta-cooker-electric-2-%d1%85-40-l-m-09398618\/"},"modified":"2022-03-22T15:30:25","modified_gmt":"2022-03-22T15:30:25","slug":"pasta-cooker-electric-2-%d1%85-40-l-m-09398618","status":"publish","type":"product","link":"https:\/\/evotek.md\/ro\/produse\/echipamente-termice\/pasta-cooker\/pasta-cooker-electric-2-%d1%85-40-l-m-09398618\/","title":{"rendered":"PASTA COOKER ELECTRIC 2 \u0445 40 l M-09398618"},"content":{"rendered":"<p>PASTA COOKER ELECTRIC 2 \u0445 40 l M-09398618- Cu acest aparat profesional de gatit paste puteti prepara paste delicioase in cel mai scurt timp. Aparatul de g\u0103tit paste are 6 co\u0219uri. Umple\u021bi un vas cu ap\u0103 \u0219i aduce\u021bi apa la temperatura dorit\u0103. Apoi umple\u021bi co\u0219urile din o\u021bel inoxidabil cu paste. Odat\u0103 ce pastele sunt suficient de fierte, a\u0219eza\u021bi co\u0219ul pe o suprafa\u021b\u0103 special\u0103 pentru scurgere. Calitatea apei din masina de g\u0103tit paste r\u0103m\u00e2ne excelent\u0103 datorit\u0103 func\u021biei automate de \u00eendep\u0103rtare a amidonului. Datorit\u0103 scurgerii mari cu robinet manual, pute\u021bi goli rapid rezervorul de ap\u0103. Apoi cur\u0103\u021ba\u021bi aparatul de paste, ceea ce este foarte u\u0219or datorit\u0103 carcasei din o\u021bel inoxidabil.<\/p>\n<p>Caracteristici<br \/>\nAparat de g\u0103tit paste din o\u021bel inoxidabil cu col\u021buri rotunjite pentru o cur\u0103\u021bare u\u0219oar\u0103<br \/>\nSunt incluse 6 co\u0219uri de paste din o\u021bel inoxidabil, robuste, perforate fin.<br \/>\nElementele de \u00eenc\u0103lzire blindate eficiente din cuva cu ap\u0103 asigur\u0103 o \u00eenc\u0103lzire rapid\u0103<br \/>\nPrevazut cu termostat de siguranta 20 \u00b0C &#8211; 200 \u00b0C<br \/>\nFunc\u021bie automat\u0103 de \u00eendep\u0103rtare a amidonului pentru a men\u021bine calitatea apei<br \/>\nEchipat cu electrovalva pentru apa rece sau calda.<br \/>\nGolire rapid\u0103 a rezervorului de ap\u0103 cu robinet pentru scurgere<br \/>\nConstruc\u021bie foarte robust\u0103 \u0219i design ergonomic<br \/>\nEchipat cu un spa\u021biu suplimentar pentru depozitare <span style=\"font-size: 14.4px\">cu 2 u\u0219i<\/span><br \/>\nGreutate neta: 90 kg<br \/>\nCapacitate apa: 2 x 40 l<br \/>\nDimensiuni co\u0219: L270 x P140 x H230 mm<br \/>\nDimensiuni aparat: L800 x D900 x H850 mm<br \/>\nPutere electric\u0103 total\u0103: 24,0 kW<br \/>\nPutere: 400V \/ 50Hz \/ 3 faze 24000W<\/p>\n","protected":false},"excerpt":{"rendered":"<p>Pasta cooker electric 2\u044540 l. Aparat de g\u0103tit paste din o\u021bel inoxidabil cu col\u021buri rotunjite pentru o cur\u0103\u021bare u\u0219oar\u0103; Sunt incluse 6 co\u0219uri de paste din o\u021bel inoxidabil, robuste, perforate fin; Elementele de \u00eenc\u0103lzire blindate eficiente din cuva cu ap\u0103 asigur\u0103 o \u00eenc\u0103lzire rapid\u0103; Prevazut cu termostat de siguranta 20 \u00b0C &#8211; 200 \u00b0C; Func\u021bie automat\u0103 de \u00eendep\u0103rtare a amidonului pentru a men\u021bine calitatea apei; Echipat cu electrovalva pentru apa rece sau calda; Golire rapid\u0103 a rezervorului de ap\u0103 cu robinet pentru scurgere; Construc\u021bie foarte robust\u0103 \u0219i design ergonomic; Echipat cu un spa\u021biu suplimentar pentru depozitare <span style=\"font-size: 14.4px\">cu 2 u\u0219i<\/span>; Greutate neta: 90 kg; Capacitate apa: 2 x 40 l; Dimensiuni co\u0219: L270 x P140 x H230 mm; Dimensiuni aparat: L800 x D900 x H850 mm; Putere electric\u0103 total\u0103: 24,0 kW; Putere: 400V \/ 50Hz \/ 3 faze 24000W.<\/p>\n","protected":false},"featured_media":29198,"template":"","meta":[],"_links":{"self":[{"href":"https:\/\/evotek.md\/ro\/wp-json\/wp\/v2\/product\/29199"}],"collection":[{"href":"https:\/\/evotek.md\/ro\/wp-json\/wp\/v2\/product"}],"about":[{"href":"https:\/\/evotek.md\/ro\/wp-json\/wp\/v2\/types\/product"}],"wp:featuredmedia":[{"embeddable":true,"href":"https:\/\/evotek.md\/ro\/wp-json\/wp\/v2\/media\/29198"}],"wp:attachment":[{"href":"https:\/\/evotek.md\/ro\/wp-json\/wp\/v2\/media?parent=29199"}],"curies":[{"name":"wp","href":"https:\/\/api.w.org\/{rel}","templated":true}]}}