{"id":29195,"date":"2022-03-22T14:00:34","date_gmt":"2022-03-22T14:00:34","guid":{"rendered":"https:\/\/evotek.md\/produse\/fara-categorie\/pasta-cooker-electric-1-x-20-l-m-09398100\/"},"modified":"2022-03-22T14:27:23","modified_gmt":"2022-03-22T14:27:23","slug":"pasta-cooker-electric-1-x-20-l-m-09398100","status":"publish","type":"product","link":"https:\/\/evotek.md\/ro\/produse\/echipamente-termice\/pasta-cooker\/pasta-cooker-electric-1-x-20-l-m-09398100\/","title":{"rendered":"PASTA COOKER ELECTRIC 1 x 20 l M-09398100"},"content":{"rendered":"<p><strong>PASTA COOKER ELECTRIC 1 x 20 l M-09398100<\/strong>&#8211; Acest aparat de g\u0103tit paste rezistent are 3 co\u0219uri din o\u021bel inoxidabil. Aparat de paste este conceput pentru utilizare intensiv\u0103 zilnic\u0103 \u00eentr-un mediu profesional. Suprafa\u021ba u\u0219or de cur\u0103\u021bat combinat\u0103 cu detalii fiabile fac echipamentul foarte u\u0219or de utilizat.<\/p>\n<p>Caracteristici<br \/>\nCarcas\u0103 \u0219i blat complet din o\u021bel inoxidabil<br \/>\nCo\u0219 pentru paste robust din o\u021bel inoxidabil cu perfora\u021bii fine<br \/>\nDimensiune co\u0219: mic L130 x D130 x H200 \/ mare L280 x D90 x H200 mm<br \/>\nRezervor ad\u00e2nc de ap\u0103 din o\u021bel inoxidabil cu col\u021buri rotunjite<br \/>\nSolu\u021bie pentru \u00eendep\u0103rtarea amidonului<br \/>\nPartea superioar\u0103 sudat\u0103 f\u0103r\u0103 urme de sudur\u0103<br \/>\nAlimentare cu ap\u0103 rece cu electrovalv\u0103<br \/>\nSe scurge u\u0219or \u0219i rapid cu un m\u00e2ner manual<br \/>\nTermostat de siguranta 30\u00b0 &#8211; 110\u00b0<br \/>\nConstruc\u021bie foarte durabil\u0103<br \/>\nDesign igienic si ergonomic<br \/>\nUsor de curatat<br \/>\nGreutate neta: 19 kg<br \/>\nDimensiuni totale: L400 x D700 x H240 mm<br \/>\nConexiune: 400V \/ 50Hz \/ 3 faze 5500W<\/p>\n","protected":false},"excerpt":{"rendered":"<p>Pasta cooker electric 1 x 20 \u043b. Carcas\u0103 \u0219i blat complet din o\u021bel inoxidabil; Co\u0219 pentru paste robust din o\u021bel inoxidabil cu perfora\u021bii fine; Dimensiune co\u0219: mic L130 x D130 x H200 \/ mare L280 x D90 x H200 mm; Rezervor ad\u00e2nc de ap\u0103 din o\u021bel inoxidabil cu col\u021buri rotunjite; Solu\u021bie pentru \u00eendep\u0103rtarea amidonului; Partea superioar\u0103 sudat\u0103 f\u0103r\u0103 urme de sudur\u0103; Alimentare cu ap\u0103 rece cu electrovalv\u0103; Se scurge u\u0219or \u0219i rapid cu un m\u00e2ner manual; Termostat de siguranta 30\u00b0 &#8211; 110\u00b0; Construc\u021bie foarte durabil\u0103; Design igienic si ergonomic; Usor de curatat; Greutate neta: 19 kg; Dimensiuni totale: L400 x D700 x H240 mm; Conexiune: 400V \/ 50Hz \/ 3 faze 5500W.<\/p>\n","protected":false},"featured_media":29192,"template":"","meta":[],"_links":{"self":[{"href":"https:\/\/evotek.md\/ro\/wp-json\/wp\/v2\/product\/29195"}],"collection":[{"href":"https:\/\/evotek.md\/ro\/wp-json\/wp\/v2\/product"}],"about":[{"href":"https:\/\/evotek.md\/ro\/wp-json\/wp\/v2\/types\/product"}],"wp:featuredmedia":[{"embeddable":true,"href":"https:\/\/evotek.md\/ro\/wp-json\/wp\/v2\/media\/29192"}],"wp:attachment":[{"href":"https:\/\/evotek.md\/ro\/wp-json\/wp\/v2\/media?parent=29195"}],"curies":[{"name":"wp","href":"https:\/\/api.w.org\/{rel}","templated":true}]}}