{"id":29171,"date":"2022-03-22T13:07:27","date_gmt":"2022-03-22T13:07:27","guid":{"rendered":"https:\/\/evotek.md\/produse\/fara-categorie\/capac-pentru-tave-gastronomice-cu-sigiliu-ermetic-gn-1-1-m-09367790\/"},"modified":"2022-09-23T14:13:18","modified_gmt":"2022-09-23T14:13:18","slug":"capac-pentru-tave-gastronomice-cu-sigiliu-ermetic-gn-1-1-m-09367790","status":"publish","type":"product","link":"https:\/\/evotek.md\/ro\/produse\/accesorii-si-inventar-bucatarie\/containere-gn\/capace-pentru-tave-gn\/capace-sigilate-cu-silicon\/capac-pentru-tave-gastronomice-cu-sigiliu-ermetic-gn-1-1-m-09367790\/","title":{"rendered":"CAPAC PENTRU CONTAINER INOX CU SIGILIU ERMETIC GN 1\/1 M-09367790"},"content":{"rendered":"<p><strong>CAPAC PENTRU CONTAINER INOX CU SIGILIU ERMETIC GN 1\/1 M-09367790- <\/strong>Capac GN de \u200b\u200bcalitate superioar\u0103 cu acoperire din cauciuc \u0219i ad\u00e2ncitur\u0103 pentru m\u00e2ner. Poate fi sp\u0103lat \u00een ma\u0219ina de sp\u0103lat vase.<\/p>\n<p>Caracteristici<br \/>\nPotrivit pentru cuptoare cu abur \u0219i frigidere<br \/>\nU\u0219or de cur\u0103\u021bat datorit\u0103 suprafe\u021bei netede<br \/>\nMargini rulate \u0219i col\u021buri rotunjite pentru o durabilitate sporit\u0103<br \/>\nU\u0219or \u0219i sigur de utilizat datorit\u0103 col\u021burilor \u0219i marginilor prelucrate<br \/>\nRespect\u0103 cerin\u021bele europene de siguran\u021b\u0103 alimentar\u0103<br \/>\nO\u021bel inoxidabil de 0,6 mm de \u00eenalt\u0103 calitate, potrivit pentru uz profesional.<br \/>\nDimensiunea gastronorm este gravata pe produs<br \/>\nRezist\u0103 la temperaturi de la -40\u00b0C p\u00e2n\u0103 la 300\u00b0C<br \/>\nDimensiune gastronorm: 1\/1 GN<br \/>\nDimensiuni: 530 \u0445 325 mm<br \/>\nCu margine de silicon pentru a etan\u0219a aerul \u0219i umezeala<br \/>\nDatorit\u0103 \u00eenchiderii ermetice, alimentele r\u0103m\u00e2n proaspete mai mult timp.<br \/>\nSigiliul este, de asemenea, impermeabil, astfel \u00eenc\u00e2t nu se va scurge \u00een timpul transportului.<\/p>\n","protected":false},"excerpt":{"rendered":"<p>Capac pentru tave gastronomice cu sigiliu ermetic GN 1\/1. Potrivit pentru cuptoare cu abur \u0219i frigidere; U\u0219or de cur\u0103\u021bat datorit\u0103 suprafe\u021bei netede; Margini rulate \u0219i col\u021buri rotunjite pentru o durabilitate sporit\u0103; U\u0219or \u0219i sigur de utilizat datorit\u0103 col\u021burilor \u0219i marginilor prelucrate; Respect\u0103 cerin\u021bele europene de siguran\u021b\u0103 alimentar\u0103; O\u021bel inoxidabil de 0,6 mm de \u00eenalt\u0103 calitate, potrivit pentru uz profesional; Dimensiunea gastronorm este gravata pe produs; Rezist\u0103 la temperaturi de la -40\u00b0C p\u00e2n\u0103 la 300\u00b0C; Dimensiune gastronorm: 1\/1 GN; Dimensiuni: 530 \u0445 325 mm; Cu margine de silicon pentru a etan\u0219a aerul \u0219i umezeala; Datorit\u0103 \u00eenchiderii ermetice, alimentele r\u0103m\u00e2n proaspete mai mult timp; Sigiliul este, de asemenea, impermeabil, astfel \u00eenc\u00e2t nu se va scurge \u00een timpul transportului.<\/p>\n","protected":false},"featured_media":29168,"template":"","meta":[],"_links":{"self":[{"href":"https:\/\/evotek.md\/ro\/wp-json\/wp\/v2\/product\/29171"}],"collection":[{"href":"https:\/\/evotek.md\/ro\/wp-json\/wp\/v2\/product"}],"about":[{"href":"https:\/\/evotek.md\/ro\/wp-json\/wp\/v2\/types\/product"}],"wp:featuredmedia":[{"embeddable":true,"href":"https:\/\/evotek.md\/ro\/wp-json\/wp\/v2\/media\/29168"}],"wp:attachment":[{"href":"https:\/\/evotek.md\/ro\/wp-json\/wp\/v2\/media?parent=29171"}],"curies":[{"name":"wp","href":"https:\/\/api.w.org\/{rel}","templated":true}]}}