{"id":2909,"date":"2020-02-24T15:46:00","date_gmt":"2020-02-24T15:54:07","guid":{"rendered":"https:\/\/evotek.md\/?post_type=product&#038;p=2909"},"modified":"2024-05-10T07:24:19","modified_gmt":"2024-05-10T07:24:19","slug":"masina-de-spalat-vase-de-tip-cupola-mec-t110","status":"publish","type":"product","link":"https:\/\/evotek.md\/ro\/produse\/utilaje-pentru-spalare-vase\/masina-de-spalat-vase-de-tip-cupola\/masina-de-spalat-vase-de-tip-cupola-mec-t110\/","title":{"rendered":"MASINA DE SPALAT VASE, CUPOLA -MEC T110"},"content":{"rendered":"<p><strong>MASINA DE SPALAT VASE, CUPOLA -MEC T110- <\/strong>Ma\u0219ina de sp\u0103lat vase tip cupol\u0103 este utilizat\u0103 \u00een unit\u0103\u021bile de alimenta\u021bie public\u0103 pentru sp\u0103larea vaselor, ustensile de buc\u0103t\u0103rie, pahare, t\u0103vi \u0219i tac\u00e2muri. Modelul este echipat cu dispozitive de siguran\u021b\u0103 \u0219i are acces frontal la toate componentele. Corpul, chiuveta \u0219i filtrul pentru rezervor sunt confec\u021bionate din inox. Setul include co\u0219uri pentru farfurii, pahare \u0219i tac\u00e2muri.<\/p>\n<p>Facilit\u0103\u021bi: Cl\u0103te\u0219te cu ajutorl cronometrului; Picioare reglabile pe \u00een\u0103l\u021bime.<\/p>\n<p><strong>*Pentru a beneficia de garan\u021bie este obligatoriu de a fi instalat filtru DVA pentru acest echipament.<\/strong><\/p>\n<p>Caracteristici<\/p>\n<p>Productivitate farfurii: \u200b\u200bde la 30 la 40 de buc\u0103\u021bi \/ h<br \/>\nCiclul sp\u0103l\u0103rii: 90\/120 sec.<br \/>\nDimensiunea cosului in care se pun vase: 500\u00d7500 mm<br \/>\nTensiune: 380 V<br \/>\nPutere: 8,5 kW<br \/>\nDistribuitor de ajutor pentru cl\u0103tire: da<br \/>\nParametri: 640&#215;740 mm<br \/>\nInaltime de la 1500 la 1930 mm<br \/>\nGreutate: 100 kg<br \/>\nVolum: Cazan: 6 L; Cada: 15 L<br \/>\nConsumul de ap\u0103 pe ciclu: 2,9 L<br \/>\nPutere: TEN al unui cazan: 2,1 kW; TENA unei cada: 8 kW; Pomp\u0103: 0,6 kW<br \/>\n\u021aara de origine: Italia<\/p>\n<p>&nbsp;<\/p>\n","protected":false},"excerpt":{"rendered":"<p>Ma\u0219in\u0103 de sp\u0103lat vase de tip cupol\u0103 cu capacitatea de farfurii: de la 30 p\u00e2n\u0103 la 40 buc \/ h. Productivitate farfurii: \u200b\u200bde la 30 la 40 de buc\u0103\u021bi \/ h; Ciclul sp\u0103l\u0103rii: 90\/120 sec.; Dimensiunea cosului in care se pun vase: 500\u00d7500 mm.; Tensiune: 380 V; Putere: 8,5 kW; Distribuitor de ajutor pentru cl\u0103tire: da; Parametri: 640&#215;740 mm; Inaltime de la 1500 la 1930 mm; Greutate: 100 kg; Volum: Cazan: 6 L; Cada: 15 L; Consumul de ap\u0103 pe ciclu: 2,9 L; Putere: TEN al unui cazan: 2,1 kW; TENA unei cada: 8 kW; Pomp\u0103: 0,6 kW; \u021aara de origine: Italia.<\/p>\n<p><strong>*Recomand\u0103m instalarea adi\u021bional\u0103 a unui filtru DVA pentru o bun\u0103 func\u021bionare a ma\u0219inii de sp\u0103lat.<\/strong><\/p>\n","protected":false},"featured_media":2908,"template":"","meta":[],"_links":{"self":[{"href":"https:\/\/evotek.md\/ro\/wp-json\/wp\/v2\/product\/2909"}],"collection":[{"href":"https:\/\/evotek.md\/ro\/wp-json\/wp\/v2\/product"}],"about":[{"href":"https:\/\/evotek.md\/ro\/wp-json\/wp\/v2\/types\/product"}],"wp:featuredmedia":[{"embeddable":true,"href":"https:\/\/evotek.md\/ro\/wp-json\/wp\/v2\/media\/2908"}],"wp:attachment":[{"href":"https:\/\/evotek.md\/ro\/wp-json\/wp\/v2\/media?parent=2909"}],"curies":[{"name":"wp","href":"https:\/\/api.w.org\/{rel}","templated":true}]}}