{"id":2900,"date":"2020-02-24T15:02:54","date_gmt":"2020-02-24T15:02:54","guid":{"rendered":"https:\/\/evotek.md\/?post_type=product&#038;p=2900"},"modified":"2020-09-04T14:40:16","modified_gmt":"2020-09-04T14:40:16","slug":"cuptor-pentru-pizza-emp-44-o-250-mm-3","status":"publish","type":"product","link":"https:\/\/evotek.md\/ro\/produse\/echipamente-termice\/cuptoare-pentru-pizza-cuptoare\/cuptor-pentru-pizza-emp-44-o-250-mm-3\/","title":{"rendered":"CUPTOR PENTRU 8 PIZZA \u00d8 250 mm -EMP.4+4"},"content":{"rendered":"<p><strong>CUPTOR PENTRU 8 PIZZA \u00d8 250 mm -EMP.4+4- <\/strong>Destinat pentru a coace pizza \u0219i produsele de panifica\u021bie care se g\u0103tesc la o temperature \u00eenalt\u0103. Cuptorul are dou\u0103 camere de coacere \u00een care \u00eencap 8 pizza la diametrul 250 mm. Este un cuptor eficient cu ajutorul c\u0103ruia pizza devine crocant\u0103 sau pufoas\u0103, \u00een timpul cel mai scurt.<\/p>\n<p>Cuptoarele de pizza sunt izolate cu vat\u0103 mineral\u0103, men\u021bin\u00e2nd astfel o temperatur\u0103 interioar\u0103 constant\u0103, ceea ce duce la un consum economic de energie \u0219i asigur\u0103 o coacere uniform\u0103 a aluatului. Cuptorul este dotat cu indicator digital de temperatur\u0103 interioar\u0103; Putere de \u00eenc\u0103lzire reglabil\u0103 de sus \u0219i de jos. Placa este din inox ce ofer\u0103 durabilitate produsului.<\/p>\n<p>Caracteristici<\/p>\n<p>Dimensiuni: 825x710x670<\/p>\n<p>Dimensiuni interne: 525x525x145<\/p>\n<p>Greutate: 95 kg<\/p>\n<p>Tensiune: 380 V<\/p>\n<p>Putere: 10,9 kW<\/p>\n<p>&nbsp;<\/p>\n","protected":false},"excerpt":{"rendered":"<p>Cuptor pentru pizza 4+4 cu diametru pizzei 250 mm. Dimensiuni: 825x710x670; Dimensiuni interne: 525x525x145; Greutate: 95 kg; Tensiune: 380 V; Putere: 10,9 kW.<\/p>\n<p>&nbsp;<\/p>\n","protected":false},"featured_media":2899,"template":"","meta":[],"_links":{"self":[{"href":"https:\/\/evotek.md\/ro\/wp-json\/wp\/v2\/product\/2900"}],"collection":[{"href":"https:\/\/evotek.md\/ro\/wp-json\/wp\/v2\/product"}],"about":[{"href":"https:\/\/evotek.md\/ro\/wp-json\/wp\/v2\/types\/product"}],"wp:featuredmedia":[{"embeddable":true,"href":"https:\/\/evotek.md\/ro\/wp-json\/wp\/v2\/media\/2899"}],"wp:attachment":[{"href":"https:\/\/evotek.md\/ro\/wp-json\/wp\/v2\/media?parent=2900"}],"curies":[{"name":"wp","href":"https:\/\/api.w.org\/{rel}","templated":true}]}}