{"id":2889,"date":"2020-02-24T14:14:53","date_gmt":"2020-02-24T14:14:53","guid":{"rendered":"https:\/\/evotek.md\/?post_type=product&#038;p=2889"},"modified":"2020-02-25T15:10:52","modified_gmt":"2020-02-25T15:10:52","slug":"cuptor-pentru-pizza-mec-smart-44-plus","status":"publish","type":"product","link":"https:\/\/evotek.md\/ro\/produse\/echipamente-termice\/cuptoare-pentru-pizza-cuptoare\/cuptor-pentru-pizza-mec-smart-44-plus\/","title":{"rendered":"CUPTOR PENTRU PIZZA -MEC Smart 44 Plus"},"content":{"rendered":"<p><strong>CUPTOR PENTRU PIZZA -MEC Smart 44 Plus- <\/strong>Cuptorul este folosit \u00een unit\u0103\u021bile de alimenta\u021bie public\u0103 \u0219i comer\u021b pentru coacerea de pizza sau p\u00e2ine. Modelul este echipat cu 2 termostate \u0219i o u\u0219\u0103 cu sticl\u0103 termorezistent\u0103. Aerul din interior este \u00eenc\u0103lzit folosind elementele de \u00eenc\u0103lzire superioare \u0219i inferioare, oferind o vitez\u0103 mare la g\u0103tit. Carcasa \u0219i u\u0219a sunt realizate din inox, suprafa\u021ba de pr\u0103jire este confec\u021bionat\u0103 din material refractar.<\/p>\n<p>Facilit\u0103\u021bi: 2 pirometri; Iluminat interior.<\/p>\n<p>Caracteristici<\/p>\n<p>Conexiune: 380 V<\/p>\n<p>Capacitate: 8 pizza<\/p>\n<p>Num\u0103r de camere: 2 vatra<\/p>\n<p>Num\u0103rul de pizza \u00eentr-o camer\u0103: 4<\/p>\n<p>Dimensiunile interne ale camerei: 700x700x130 mm<\/p>\n<p>Diametru pizza: 35 cm<\/p>\n<p>Stare de temperatur\u0103: de la 0 la 450 \u00b0 \u0421<\/p>\n<p>Putere: 10,8 kW<\/p>\n<p>Parametri: 935x900x600 mm<\/p>\n<p>Greutate: 115 kg<\/p>\n<p>\u021aara de origine: Italia<\/p>\n<p>&nbsp;<\/p>\n","protected":false},"excerpt":{"rendered":"<p>Cuptor pentru pizza cu o capacitate de 4 pizza \u00eentr-o camer\u0103. Conexiune: 380 V; Capacitate: 8 pizza; Num\u0103r de camere: 2 vatra; Num\u0103rul de pizza \u00eentr-o camer\u0103: 4; Dimensiunile interne ale camerei: 700x700x130 mm; Diametru pizza: 35 cm; Stare de temperatur\u0103: de la 0 la 450 \u00b0 \u0421; Putere: 10,8 kW; Parametri: 935x900x600 mm; Greutate: 115 kg; \u021aara de origine: Italia.<\/p>\n<p>&nbsp;<\/p>\n","protected":false},"featured_media":2888,"template":"","meta":[],"_links":{"self":[{"href":"https:\/\/evotek.md\/ro\/wp-json\/wp\/v2\/product\/2889"}],"collection":[{"href":"https:\/\/evotek.md\/ro\/wp-json\/wp\/v2\/product"}],"about":[{"href":"https:\/\/evotek.md\/ro\/wp-json\/wp\/v2\/types\/product"}],"wp:featuredmedia":[{"embeddable":true,"href":"https:\/\/evotek.md\/ro\/wp-json\/wp\/v2\/media\/2888"}],"wp:attachment":[{"href":"https:\/\/evotek.md\/ro\/wp-json\/wp\/v2\/media?parent=2889"}],"curies":[{"name":"wp","href":"https:\/\/api.w.org\/{rel}","templated":true}]}}