{"id":28889,"date":"2022-03-18T12:27:31","date_gmt":"2022-03-18T12:27:31","guid":{"rendered":"https:\/\/evotek.md\/produse\/fara-categorie\/tava-gastronom-1-2-gn-100-%d0%bc%d0%bc-m-09367512\/"},"modified":"2023-08-23T10:08:59","modified_gmt":"2023-08-23T10:08:59","slug":"tava-gastronom-1-2-gn-100-%d0%bc%d0%bc-m-09367512","status":"publish","type":"product","link":"https:\/\/evotek.md\/ro\/produse\/accesorii-si-inventar-bucatarie\/containere-gn\/tava-gastronom-1-2-gn-100-%d0%bc%d0%bc-m-09367512\/","title":{"rendered":"CONTAINER INOX GN1\/2 h100 mm (6,5 litri) -M-09367512"},"content":{"rendered":"<p><strong>CONTAINER INOX GN1\/2 h100 mm (6,5 litri) -M-09367512-<\/strong> Recipient GN de \u200b\u200bcalitate superioar\u0103. Poate fi stivuit \u0219i se poate sp\u0103la \u00een ma\u0219ina de sp\u0103lat vase.<\/p>\n<p>Caracteristici<br \/>\nPotrivit pentru cuptoare, frigidere \u0219i cuptoare cu abur<br \/>\nU\u0219or de cur\u0103\u021bat datorit\u0103 suprafe\u021bei netede<br \/>\nMargini rulate \u0219i col\u021buri rotunjite pentru o durabilitate sporit\u0103<br \/>\nU\u0219or \u0219i sigur de utilizat datorit\u0103 col\u021burilor \u0219i marginilor prelucrate<br \/>\nIdeal pentru depozitare datorit\u0103 capacit\u0103\u021bii de a stivui containere GN<br \/>\nRespect\u0103 cerin\u021bele europene de siguran\u021b\u0103 alimentar\u0103<br \/>\nO\u021bel inoxidabil de 0,6 mm de \u00eenalt\u0103 calitate, potrivit pentru uz profesional<br \/>\nDimensiunea gastronorm este gravata pe produs<br \/>\nRezist\u0103 la temperaturi de la -40\u00b0C p\u00e2n\u0103 la 300\u00b0C<br \/>\nGastronomi: 1\/2 GN<br \/>\nDimensiuni: 325 \u0445 265 mm<br \/>\nAd\u00e2ncime: 100\u00a0mm<br \/>\nContinut: 6,5 \u043b<\/p>\n","protected":false},"excerpt":{"rendered":"<p>Container inox 1\/2 GN &#8211; 100 \u043c\u043c. Potrivit pentru cuptoare, frigidere \u0219i cuptoare cu abur; U\u0219or de cur\u0103\u021bat datorit\u0103 suprafe\u021bei netede; Margini rulate \u0219i col\u021buri rotunjite pentru o durabilitate sporit\u0103; U\u0219or \u0219i sigur de utilizat datorit\u0103 col\u021burilor \u0219i marginilor prelucrate; Ideal pentru depozitare datorit\u0103 capacit\u0103\u021bii de a stivui containere GN; Respect\u0103 cerin\u021bele europene de siguran\u021b\u0103 alimentar\u0103; O\u021bel inoxidabil de 0,6 mm de \u00eenalt\u0103 calitate, potrivit pentru uz profesional; Dimensiunea gastronorm este gravata pe produs; Rezist\u0103 la temperaturi de la -40\u00b0C p\u00e2n\u0103 la 300\u00b0C; Gastronomi: 1\/2 GN; Dimensiuni: 325 \u0445 265 mm; Ad\u00e2ncime: 100 mm; Continut: 6,5 \u043b.<\/p>\n","protected":false},"featured_media":28886,"template":"","meta":[],"_links":{"self":[{"href":"https:\/\/evotek.md\/ro\/wp-json\/wp\/v2\/product\/28889"}],"collection":[{"href":"https:\/\/evotek.md\/ro\/wp-json\/wp\/v2\/product"}],"about":[{"href":"https:\/\/evotek.md\/ro\/wp-json\/wp\/v2\/types\/product"}],"wp:featuredmedia":[{"embeddable":true,"href":"https:\/\/evotek.md\/ro\/wp-json\/wp\/v2\/media\/28886"}],"wp:attachment":[{"href":"https:\/\/evotek.md\/ro\/wp-json\/wp\/v2\/media?parent=28889"}],"curies":[{"name":"wp","href":"https:\/\/api.w.org\/{rel}","templated":true}]}}