{"id":28824,"date":"2022-03-18T08:58:35","date_gmt":"2022-03-18T08:58:35","guid":{"rendered":"https:\/\/evotek.md\/produse\/fara-categorie\/%d0%b3%d0%b0%d1%81%d1%82%d1%80%d0%be%d1%91%d0%bc%d0%ba%d0%be%d1%81%d1%82%d1%8c-%d0%b8%d0%b7-%d0%bd%d0%b5%d1%80%d0%b6%d0%b0%d0%b2%d0%b5%d1%8e%d1%81%d0%b5%d0%b9-%d1%81%d1%82%d0%b0%d0%bb%d0%b8-1-1-gn-2\/"},"modified":"2023-08-23T10:03:51","modified_gmt":"2023-08-23T10:03:51","slug":"m-09367500","status":"publish","type":"product","link":"https:\/\/evotek.md\/ro\/produse\/accesorii-si-inventar-bucatarie\/containere-gn\/m-09367500\/","title":{"rendered":"CONTAINER INOX GN1\/1 h20 mm (2,8 litri) -M-09367500"},"content":{"rendered":"<p><strong>CONTAINER INOX GN1\/1 h20 mm (2,8 litri) -M-09367500-<\/strong> Recipient GN de \u200b\u200bcalitate superioar\u0103. Poate fi stivuit \u0219i se poate sp\u0103la \u00een ma\u0219ina de sp\u0103lat vase.<\/p>\n<p>Caracteristici<br \/>\nPotrivit pentru cuptoare, frigidere \u0219i cuptoare cu abur<br \/>\nU\u0219or de cur\u0103\u021bat datorit\u0103 suprafe\u021bei netede<br \/>\nMargini rulate \u0219i col\u021buri rotunjite pentru o durabilitate sporit\u0103<br \/>\nU\u0219or \u0219i sigur de utilizat datorit\u0103 col\u021burilor \u0219i marginilor prelucrate<br \/>\nIdeal pentru depozitare datorit\u0103 capacit\u0103\u021bii de a stivui containere GN<br \/>\nRespect\u0103 cerin\u021bele europene de siguran\u021b\u0103 alimentar\u0103<br \/>\nO\u021bel inoxidabil de 0,6 mm de \u00eenalt\u0103 calitate, potrivit pentru uz profesional<br \/>\nDimensiunea gastronorm este gravata pe produs<br \/>\nRezist\u0103 la temperaturi de la -40\u00b0C p\u00e2n\u0103 la 300\u00b0C<br \/>\nGastronomi: 1\/1 GN<br \/>\nDimensiuni: 530 x 325 mm<br \/>\nAd\u00e2ncime: 20 mm<br \/>\nContinut: 2,8 l<\/p>\n","protected":false},"excerpt":{"rendered":"<p>Container inox 1\/1 GN \/ 20 mm. Potrivit pentru cuptoare, frigidere \u0219i cuptoare cu abur; U\u0219or de cur\u0103\u021bat datorit\u0103 suprafe\u021bei netede; Margini rulate \u0219i col\u021buri rotunjite pentru o durabilitate sporit\u0103; U\u0219or \u0219i sigur de utilizat datorit\u0103 col\u021burilor \u0219i marginilor prelucrate; Ideal pentru depozitare datorit\u0103 capacit\u0103\u021bii de a stivui containere GN; Respect\u0103 cerin\u021bele europene de siguran\u021b\u0103 alimentar\u0103; O\u021bel inoxidabil de 0,6 mm de \u00eenalt\u0103 calitate, potrivit pentru uz profesional; Dimensiunea gastronorm este gravata pe produs; Rezist\u0103 la temperaturi de la -40\u00b0C p\u00e2n\u0103 la 300\u00b0C; Gastronomi: 1\/1 GN; Dimensiuni: 530 x 325 mm; Ad\u00e2ncime: 20 mm; Continut: 2,8 l.<\/p>\n","protected":false},"featured_media":28821,"template":"","meta":[],"_links":{"self":[{"href":"https:\/\/evotek.md\/ro\/wp-json\/wp\/v2\/product\/28824"}],"collection":[{"href":"https:\/\/evotek.md\/ro\/wp-json\/wp\/v2\/product"}],"about":[{"href":"https:\/\/evotek.md\/ro\/wp-json\/wp\/v2\/types\/product"}],"wp:featuredmedia":[{"embeddable":true,"href":"https:\/\/evotek.md\/ro\/wp-json\/wp\/v2\/media\/28821"}],"wp:attachment":[{"href":"https:\/\/evotek.md\/ro\/wp-json\/wp\/v2\/media?parent=28824"}],"curies":[{"name":"wp","href":"https:\/\/api.w.org\/{rel}","templated":true}]}}