{"id":28799,"date":"2022-03-17T14:07:53","date_gmt":"2022-03-17T14:07:53","guid":{"rendered":"https:\/\/evotek.md\/produse\/fara-categorie\/suprafata-de-prajire-electrica-semi-riflata-cromata-80%d1%8570-cm-m-09395055\/"},"modified":"2023-11-27T13:08:29","modified_gmt":"2023-11-27T13:08:29","slug":"m-09395055","status":"publish","type":"product","link":"https:\/\/evotek.md\/ro\/produse\/echipamente-termice\/suprafete-de-prajire\/m-09395055\/","title":{"rendered":"SUPRAFATA DE PRAJIT ELECTRICA, RIFLATA, CROMATA 70 cm -M-09395055"},"content":{"rendered":"<p><strong>SUPRAFATA DE PRAJIT ELECTRICA, RIFLATA, CROMATA 70 cm -M-09395055-<\/strong> este o suprafata de prajit pentru volume mari, de calitate superioara, potrivita pentru de utilizare intensiv\u0103. O\u021bel inoxidabil gros cu design ergonomic.<\/p>\n<p>Caracteristici<br \/>\nCarcasa \u0219i protec\u021bie \u00eempotriva stropilor complet din o\u021bel inoxidabil<br \/>\nPlacarea cromat\u0103 reduce radia\u021bia de c\u0103ldur\u0103<br \/>\nPartea superioar\u0103 sudat\u0103 f\u0103r\u0103 urme de sudur\u0103<br \/>\nPlac\u0103 din o\u021bel inoxidabil c\u0103lit de 15,0 mm cu finisaj mat<br \/>\nEchipat cu o tav\u0103 mare de picurare de 1,5 litri<br \/>\nDistribu\u021bie uniform\u0103 \u0219i rapid\u0103 a c\u0103ldurii<br \/>\nTermostat de siguranta 50 \u2013 300 grade Celsius<br \/>\nConstruc\u021bie foarte durabil\u0103<br \/>\nIgienic si ergonomic<br \/>\nUsor de curatat<br \/>\nGreutate neta: 40 kg<br \/>\nDimensiuni: L800 x D700 x H280 mm<br \/>\nPutere: 2 x 4,5 kW<br \/>\nPutere totala: 9 kW \u2013 400 V \/ 50 Hz \/ 3 faze 9000 W<\/p>\n","protected":false},"excerpt":{"rendered":"<p>Suprafa\u021b\u0103 de pr\u0103jire electric\u0103, riflat\u0103 &#8211; cromat\u0103 80\u044570 cm. Carcasa \u0219i protec\u021bie \u00eempotriva stropilor complet din o\u021bel inoxidabil; Placarea cromat\u0103 reduce radia\u021bia de c\u0103ldur\u0103; Partea superioar\u0103 sudat\u0103 f\u0103r\u0103 urme de sudur\u0103; Plac\u0103 din o\u021bel inoxidabil c\u0103lit de 15,0 mm cu finisaj mat; Echipat cu o tav\u0103 mare de picurare de 1,5 litri; Distribu\u021bie uniform\u0103 \u0219i rapid\u0103 a c\u0103ldurii; Termostat de siguranta 50 \u2013 300 grade Celsius; Construc\u021bie foarte durabil\u0103; Igienic si ergonomic; Usor de curatat; Greutate neta: 40 kg; Dimensiuni: L800 x D700 x H280 mm; Putere: 2 x 4,5 kW; Putere totala: 9 kW \u2013 400 V \/ 50 Hz \/ 3 faze 9000 W.<\/p>\n","protected":false},"featured_media":39223,"template":"","meta":[],"_links":{"self":[{"href":"https:\/\/evotek.md\/ro\/wp-json\/wp\/v2\/product\/28799"}],"collection":[{"href":"https:\/\/evotek.md\/ro\/wp-json\/wp\/v2\/product"}],"about":[{"href":"https:\/\/evotek.md\/ro\/wp-json\/wp\/v2\/types\/product"}],"wp:featuredmedia":[{"embeddable":true,"href":"https:\/\/evotek.md\/ro\/wp-json\/wp\/v2\/media\/39223"}],"wp:attachment":[{"href":"https:\/\/evotek.md\/ro\/wp-json\/wp\/v2\/media?parent=28799"}],"curies":[{"name":"wp","href":"https:\/\/api.w.org\/{rel}","templated":true}]}}