{"id":2878,"date":"2020-02-24T13:35:59","date_gmt":"2020-02-24T13:37:26","guid":{"rendered":"https:\/\/evotek.md\/?post_type=product&#038;p=2878"},"modified":"2023-01-20T14:24:57","modified_gmt":"2023-01-20T14:24:57","slug":"vitrina-frigorifica-100-l-alba-852100","status":"publish","type":"product","link":"https:\/\/evotek.md\/ro\/produse\/echipamente-pentru-bar-si-cafea\/vitrine-frigorifice-pentru-patiserie-2\/vitrina-frigorifica-100-l-alba-852100\/","title":{"rendered":"VITRINA FRIGORIFICA PENTRU PATISERIE DE MASA 100 L ALB -ST-852100"},"content":{"rendered":"<p><strong>VITRINA FRIGORIFICA PENTRU PATISERIE DE MASA 100 L ALB -ST-852100-<\/strong> Acest model are sticl\u0103 pe toate patru laturi. Intervalul de temperatur\u0103: 0 &#8230; + 12 \u00b0 \u0421, circula\u021bia aerului rece, 2 rafturi incluse, recipient iluminat, container pentru condensat, regim auto-decongelare.<\/p>\n<p>Caracteristici<\/p>\n<p>Produc\u0103tor: Stalgast<\/p>\n<p>Tip: vitrine frigorifice de mas\u0103<\/p>\n<p>Num\u0103rul de rafturi: 2<\/p>\n<p>Stare de temperatur\u0103: 0 &#8230; + 12 \u00b0 \u0421<\/p>\n<p>Volumul: 100 L<\/p>\n<p>Tensiune: 220 V<\/p>\n<p>Putere: 0,16 kW<\/p>\n<p>Dimensiuni: 682x450x675 mm<\/p>\n<p>&nbsp;<\/p>\n","protected":false},"excerpt":{"rendered":"<p>Vitrin\u0103 frigorific\u0103 de mas\u0103 cu dou\u0103 rafturi cu o capacitate de 100 litri. Dimensiuni generale: 682x450x675 \u00a0mm; Tensiune: 220 V; Putere: 160 W; Stare de temperatur\u0103: 0 &#8230; + 12 \u00b0 \u0421. ID: ST852100<\/p>\n","protected":false},"featured_media":2877,"template":"","meta":[],"_links":{"self":[{"href":"https:\/\/evotek.md\/ro\/wp-json\/wp\/v2\/product\/2878"}],"collection":[{"href":"https:\/\/evotek.md\/ro\/wp-json\/wp\/v2\/product"}],"about":[{"href":"https:\/\/evotek.md\/ro\/wp-json\/wp\/v2\/types\/product"}],"wp:featuredmedia":[{"embeddable":true,"href":"https:\/\/evotek.md\/ro\/wp-json\/wp\/v2\/media\/2877"}],"wp:attachment":[{"href":"https:\/\/evotek.md\/ro\/wp-json\/wp\/v2\/media?parent=2878"}],"curies":[{"name":"wp","href":"https:\/\/api.w.org\/{rel}","templated":true}]}}