{"id":28778,"date":"2022-03-17T11:39:03","date_gmt":"2022-03-17T11:39:03","guid":{"rendered":"https:\/\/evotek.md\/produse\/fara-categorie\/suprafata-de-prajire-pe-gaz-neteda-dubla-80%d1%8570-cm-m-09395017\/"},"modified":"2023-02-20T15:03:48","modified_gmt":"2023-02-20T15:03:48","slug":"suprafata-de-prajire-pe-gaz-neteda-dubla-80%d1%8570-cm-m-09395017","status":"publish","type":"product","link":"https:\/\/evotek.md\/ro\/produse\/echipamente-termice\/suprafete-de-prajire\/suprafata-de-prajire-pe-gaz-neteda-dubla-80%d1%8570-cm-m-09395017\/","title":{"rendered":"SUPRAFATA DE PRAJIT PE GAZ, NETEDA -M-09395017"},"content":{"rendered":"<p><strong>SUPRAFATA DE PRAJIT PE GAZ, NETEDA -M-09395017-<\/strong> este o suprafata de prajit pentru volume mari, de calitate superioara, potrivita pentru de utilizare intensiv\u0103. O\u021bel inoxidabil gros cu design ergonomic.<\/p>\n<p>Caracteristici<br \/>\nCarcasa \u0219i protec\u021bia \u00eempotriva stropilor este complet din o\u021bel inoxidabil<br \/>\nPartea superioar\u0103 sudat\u0103 f\u0103r\u0103 semne de sudur\u0103<br \/>\nPlac\u0103 din o\u021bel inoxidabil c\u0103lit de 15,0 mm cu finisaj mat<br \/>\nEchipat cu o tav\u0103 mare de picurare de 1,5 litri.<br \/>\nDetonatoare piezoelectrice<br \/>\nTermostat de siguranta 100-300 grade Celsius<br \/>\nSupapa de siguranta pentru gaz cu termocuplu<br \/>\nPotrivit pentru GPL sau Natuurgas<br \/>\nConstruc\u021bie foarte durabil\u0103<br \/>\nDesign igienic si ergonomic<br \/>\nUsor de curatat<br \/>\nGreutate neta: 40 kg<br \/>\nDimensiuni: L800 x D700 x H280 mm<br \/>\nPutere: 2 x 7,0 kW<br \/>\nPutere total\u0103: 14,0 kW<br \/>\nDuze de gaz preinstalate: G25 &#8211; gaz natural<br \/>\nSet suplimentar de duze de gaz: G30 &#8211; GPL (propan \/ butan)<\/p>\n","protected":false},"excerpt":{"rendered":"<p>Suprafa\u021b\u0103 de pr\u0103jire pe gaz neted\u0103 &#8211; dubl\u0103. Carcasa \u0219i protec\u021bia \u00eempotriva stropilor este complet din o\u021bel inoxidabil; Partea superioar\u0103 sudat\u0103 f\u0103r\u0103 semne de sudur\u0103; Plac\u0103 din o\u021bel inoxidabil c\u0103lit de 15,0 mm cu finisaj mat; Echipat cu o tav\u0103 mare de picurare de 1,5 litri; Detonatoare piezoelectrice; Termostat de siguranta 100-300 grade Celsius; Supapa de siguranta pentru gaz cu termocuplu; Potrivit pentru GPL sau Natuurgas; Construc\u021bie foarte durabil\u0103; Design igienic si ergonomic; Usor de curatat; Greutate neta: 40 kg; Dimensiuni: L800 x D700 x H280 mm; Putere: 2 x 7,0 kW; Putere total\u0103: 14,0 kW; Duze de gaz preinstalate: G25 &#8211; gaz natural; Set suplimentar de duze de gaz: G30 &#8211; GPL (propan \/ butan).<\/p>\n","protected":false},"featured_media":28761,"template":"","meta":[],"_links":{"self":[{"href":"https:\/\/evotek.md\/ro\/wp-json\/wp\/v2\/product\/28778"}],"collection":[{"href":"https:\/\/evotek.md\/ro\/wp-json\/wp\/v2\/product"}],"about":[{"href":"https:\/\/evotek.md\/ro\/wp-json\/wp\/v2\/types\/product"}],"wp:featuredmedia":[{"embeddable":true,"href":"https:\/\/evotek.md\/ro\/wp-json\/wp\/v2\/media\/28761"}],"wp:attachment":[{"href":"https:\/\/evotek.md\/ro\/wp-json\/wp\/v2\/media?parent=28778"}],"curies":[{"name":"wp","href":"https:\/\/api.w.org\/{rel}","templated":true}]}}