{"id":28752,"date":"2022-03-17T10:09:36","date_gmt":"2022-03-17T10:09:36","guid":{"rendered":"https:\/\/evotek.md\/produse\/fara-categorie\/suprafata-de-prajire-pe-gaz-riflata-40%d1%8570-%d1%81%d0%bc-m-09395015\/"},"modified":"2023-02-20T15:03:15","modified_gmt":"2023-02-20T15:03:15","slug":"suprafata-de-prajire-pe-gaz-riflata-40%d1%8570-%d1%81%d0%bc-m-09395015","status":"publish","type":"product","link":"https:\/\/evotek.md\/ro\/produse\/echipamente-termice\/suprafete-de-prajire\/suprafata-de-prajire-pe-gaz-riflata-40%d1%8570-%d1%81%d0%bc-m-09395015\/","title":{"rendered":"SUPRAFATA DE PRAJIT PE GAZ, RIFLATA -M-09395015"},"content":{"rendered":"<p><strong>SUPRAFATA DE PRAJIT PE GAZ, RIFLATA -M-09395015-<\/strong> este o suprafata de prajit pentru volume mari, de calitate superioara, potrivita pentru de utilizare intensiv\u0103. O\u021bel inoxidabil gros cu design ergonomic.<\/p>\n<p>Caracteristici<br \/>\nCarcasa \u0219i protec\u021bia \u00eempotriva stropilor este complet din o\u021bel inoxidabil<br \/>\nPartea superioar\u0103 sudat\u0103 f\u0103r\u0103 urme de sudur\u0103<br \/>\nPlac\u0103 din o\u021bel inoxidabil c\u0103lit de 15,0 mm cu finisaj mat<br \/>\nEchipat cu o tav\u0103 mare de picurare de 1,5 litri.<br \/>\nDetonatoare piezoelectrice<br \/>\nTermostat de siguranta 100-300 grade Celsius<br \/>\nSupapa de siguranta pentru gaz cu termocuplu<br \/>\nPotrivit pentru GPL sau Natuurgas<br \/>\nConstruc\u021bie foarte durabil\u0103<br \/>\nDesign igienic si ergonomic<br \/>\nUsor de curatat<br \/>\nGreutate neta: 20 kg<br \/>\nDimensiuni: L400 x D700 x H280 mm<br \/>\nPutere: 1 x 7,0 kW<br \/>\nPutere totala: 7,0 kW<br \/>\nDuze de gaz preinstalate: G25 &#8211; gaz natural<br \/>\nSet suplimentar de duze de gaz: G30 &#8211; GPL (propan \/ butan)<\/p>\n","protected":false},"excerpt":{"rendered":"<p>Suprafa\u021b\u0103 de pr\u0103jire pe gaz riflat\u0103 40\u044570 \u0441\u043c. Carcasa \u0219i protec\u021bia \u00eempotriva stropilor este complet din o\u021bel inoxidabil; Partea superioar\u0103 sudat\u0103 f\u0103r\u0103 urme de sudur\u0103; Plac\u0103 din o\u021bel inoxidabil c\u0103lit de 15,0 mm cu finisaj mat; Echipat cu o tav\u0103 mare de picurare de 1,5 litri; Detonatoare piezoelectrice; Termostat de siguranta 100-300 grade Celsius; Supapa de siguranta pentru gaz cu termocuplu; Potrivit pentru GPL sau Natuurgas Construc\u021bie foarte durabil\u0103; Design igienic si ergonomic; Usor de curatat; Greutate neta: 20 kg; Dimensiuni: L400 x D700 x H280 mm; Putere: 1 x 7,0 kW; Putere totala: 7,0 kW; Duze de gaz preinstalate: G25 &#8211; gaz natural; Set suplimentar de duze de gaz: G30 &#8211; GPL (propan \/ butan).<\/p>\n","protected":false},"featured_media":28751,"template":"","meta":[],"_links":{"self":[{"href":"https:\/\/evotek.md\/ro\/wp-json\/wp\/v2\/product\/28752"}],"collection":[{"href":"https:\/\/evotek.md\/ro\/wp-json\/wp\/v2\/product"}],"about":[{"href":"https:\/\/evotek.md\/ro\/wp-json\/wp\/v2\/types\/product"}],"wp:featuredmedia":[{"embeddable":true,"href":"https:\/\/evotek.md\/ro\/wp-json\/wp\/v2\/media\/28751"}],"wp:attachment":[{"href":"https:\/\/evotek.md\/ro\/wp-json\/wp\/v2\/media?parent=28752"}],"curies":[{"name":"wp","href":"https:\/\/api.w.org\/{rel}","templated":true}]}}