{"id":28737,"date":"2022-03-17T09:19:07","date_gmt":"2022-03-17T09:19:07","guid":{"rendered":"https:\/\/evotek.md\/produse\/fara-categorie\/suprafata-de-prajire-eletrica-riflata-cromata-40%d1%8570-%d1%81%d0%bc-m-09395048\/"},"modified":"2023-02-20T15:12:59","modified_gmt":"2023-02-20T15:12:59","slug":"suprafata-de-prajire-eletrica-riflata-cromata-40%d1%8570-%d1%81%d0%bc-m-09395048","status":"publish","type":"product","link":"https:\/\/evotek.md\/ro\/produse\/echipamente-termice\/suprafete-de-prajire\/suprafata-de-prajire-eletrica-riflata-cromata-40%d1%8570-%d1%81%d0%bc-m-09395048\/","title":{"rendered":"SUPRAFATA DE PRAJIT ELECTRICA, RIFLATA, CROMATA -M-09395048"},"content":{"rendered":"<p><strong>SUPRAFATA DE PRAJIT ELECTRICA, RIFLATA, CROMATA -M-09395048-<\/strong>\u00a0este o suprafata de prajit pentru volume mari. Acest dispozitiv de calitate \u00eenalt\u0103 este potrivit pentru utilizare intensiv\u0103. Creat\u0103 din o\u021bel inoxidabil gros cu design ergonomic.<\/p>\n<p>Caracteristici<br \/>\nCarcasa \u0219i protec\u021bia \u00eempotriva stropilor este complet din o\u021bel inoxidabil<br \/>\nPlacarea cromat\u0103 reduce radia\u021bia de c\u0103ldur\u0103<br \/>\nPartea superioar\u0103 sudat\u0103 f\u0103r\u0103 urme de sudur\u0103<br \/>\nPlac\u0103 din o\u021bel inoxidabil c\u0103lit de 15,0 mm cu finisaj mat<br \/>\nComponente pentru volume mari<br \/>\nEchipat cu o tav\u0103 mare de picurare de 1,5 litri.<br \/>\nDistribu\u021bie uniform\u0103 \u0219i rapid\u0103 a c\u0103ldurii<br \/>\nTermostat de siguranta 50 \u2013 300 grade Celsius<br \/>\nConstruc\u021bie foarte durabil\u0103<br \/>\nDesign igienic si ergonomic<br \/>\nUsor de curatat<br \/>\nGreutate neta: 20 kg<br \/>\nDimensiuni: L400 x D700 x H280 mm<br \/>\nPutere: 1 x 4,5 kW<br \/>\nPutere totala: 4,5 kW \u2013 400 V \/ 50 Hz \/ 3 faze 4500 W<\/p>\n","protected":false},"excerpt":{"rendered":"<p>Suprafa\u021b\u0103 electric\u0103 de pr\u0103jire riflat\u0103, cromat\u0103. Carcasa \u0219i protec\u021bia \u00eempotriva stropilor este complet din o\u021bel inoxidabil; Placarea cromat\u0103 reduce radia\u021bia de c\u0103ldur\u0103; Partea superioar\u0103 sudat\u0103 f\u0103r\u0103 urme de sudur\u0103; Plac\u0103 din o\u021bel inoxidabil c\u0103lit de 15,0 mm cu finisaj mat; Componente pentru volume mari; Echipat cu o tav\u0103 mare de picurare de 1,5 litri; Distribu\u021bie uniform\u0103 \u0219i rapid\u0103 a c\u0103ldurii; Termostat de siguranta 50 \u2013 300 grade Celsius; Construc\u021bie foarte durabil\u0103; Design igienic si ergonomic; Usor de curatat; Greutate neta: 20 kg; Dimensiuni: L400 x D700 x H280 mm; Putere: 1 x 4,5 kW; Putere totala: 4,5 kW \u2013 400 V \/ 50 Hz \/ 3 faze 4500 W.<\/p>\n","protected":false},"featured_media":28807,"template":"","meta":[],"_links":{"self":[{"href":"https:\/\/evotek.md\/ro\/wp-json\/wp\/v2\/product\/28737"}],"collection":[{"href":"https:\/\/evotek.md\/ro\/wp-json\/wp\/v2\/product"}],"about":[{"href":"https:\/\/evotek.md\/ro\/wp-json\/wp\/v2\/types\/product"}],"wp:featuredmedia":[{"embeddable":true,"href":"https:\/\/evotek.md\/ro\/wp-json\/wp\/v2\/media\/28807"}],"wp:attachment":[{"href":"https:\/\/evotek.md\/ro\/wp-json\/wp\/v2\/media?parent=28737"}],"curies":[{"name":"wp","href":"https:\/\/api.w.org\/{rel}","templated":true}]}}