{"id":28721,"date":"2022-03-16T15:41:00","date_gmt":"2022-03-16T15:41:00","guid":{"rendered":"https:\/\/evotek.md\/produse\/fara-categorie\/suprafata-de-prajire-electrica-neteda-40x70-cm-m-09395052\/"},"modified":"2023-02-20T13:55:43","modified_gmt":"2023-02-20T13:55:43","slug":"suprafata-de-prajire-electrica-neteda-40x70-cm-m-09395052","status":"publish","type":"product","link":"https:\/\/evotek.md\/ro\/produse\/echipamente-termice\/suprafete-de-prajire\/suprafata-de-prajire-electrica-neteda-40x70-cm-m-09395052\/","title":{"rendered":"SUPRAFATA DE PRAJIRE ELECTRICA, NETEDA -M-09395052"},"content":{"rendered":"<p><strong>SUPRAFATA DE PRAJIRE ELECTRICA, NETEDA -M-09395052-<\/strong> este o suprafa\u021b\u0103 de pr\u0103jire pentru volume mari, aparat de calitate \u00eenalt\u0103 potrivit pentru utilizare intensiva timp \u00eendelungat. O\u021bel inoxidabil gros cu design ergonomic.<\/p>\n<p>Caracteristici<br \/>\nCarcas\u0103 \u0219i protec\u021bie \u00eempotriva stropilor, realizate \u00een \u00eentregime din o\u021bel inoxidabil<br \/>\nPartea superioar\u0103 sudat\u0103<br \/>\nPlac\u0103 din o\u021bel inoxidabil c\u0103lit de 15,0 mm cu finisaj mat<br \/>\nEchipat cu o tav\u0103 mare pentru picurare de 1,5 litri<br \/>\nDistribu\u021bie uniform\u0103 \u0219i rapid\u0103 a c\u0103ldurii<br \/>\nTermostat de siguran\u021b\u0103 50 &#8211; 300 grade Celsius<br \/>\nConstruc\u021bie foarte durabil\u0103<br \/>\nDesign igienic<br \/>\nU\u0219or de cur\u0103\u021bat<br \/>\nGreutate neta: 20 kg<br \/>\nDimensiuni: L400 x D700 x H280 mm<br \/>\nPutere: 1 x 4,5 kW<br \/>\nPutere totala: 4,5 kW &#8211; 400 V \/ 50 Hz \/ 3 faze 4500 W<\/p>\n","protected":false},"excerpt":{"rendered":"<p>Suprafa\u021b\u0103 electric\u0103 de pr\u0103jit neted\u0103 40&#215;70 cm. Carcas\u0103 \u0219i protec\u021bie \u00eempotriva stropilor, realizate \u00een \u00eentregime din o\u021bel inoxidabil; Partea superioar\u0103 sudat\u0103; Plac\u0103 din o\u021bel inoxidabil c\u0103lit de 15,0 mm cu finisaj mat; Echipat cu o tav\u0103 mare pentru picurare de 1,5 litri; Distribu\u021bie uniform\u0103 \u0219i rapid\u0103 a c\u0103ldurii; Termostat de siguran\u021b\u0103 50 &#8211; 300 grade Celsius; Construc\u021bie foarte durabil\u0103; Design igienic; U\u0219or de cur\u0103\u021bat; Greutate neta: 20 kg: Dimensiuni: L400 x D700 x H280 mm; Putere: 1 x 4,5 kW; Putere totala: 4,5 kW &#8211; 400 V \/ 50 Hz \/ 3 faze 4500 W.<\/p>\n","protected":false},"featured_media":28718,"template":"","meta":[],"_links":{"self":[{"href":"https:\/\/evotek.md\/ro\/wp-json\/wp\/v2\/product\/28721"}],"collection":[{"href":"https:\/\/evotek.md\/ro\/wp-json\/wp\/v2\/product"}],"about":[{"href":"https:\/\/evotek.md\/ro\/wp-json\/wp\/v2\/types\/product"}],"wp:featuredmedia":[{"embeddable":true,"href":"https:\/\/evotek.md\/ro\/wp-json\/wp\/v2\/media\/28718"}],"wp:attachment":[{"href":"https:\/\/evotek.md\/ro\/wp-json\/wp\/v2\/media?parent=28721"}],"curies":[{"name":"wp","href":"https:\/\/api.w.org\/{rel}","templated":true}]}}