{"id":28715,"date":"2022-03-16T15:16:27","date_gmt":"2022-03-16T15:16:27","guid":{"rendered":"https:\/\/evotek.md\/produse\/fara-categorie\/suprafata-de-prajit-neteda-pe-gaz-60x60-%d1%81%d0%bc-09391600\/"},"modified":"2023-02-20T14:05:41","modified_gmt":"2023-02-20T14:05:41","slug":"suprafata-de-prajit-neteda-pe-gaz-60x60-%d1%81%d0%bc-09391600","status":"publish","type":"product","link":"https:\/\/evotek.md\/ro\/produse\/echipamente-termice\/suprafete-de-prajire\/suprafata-de-prajit-neteda-pe-gaz-60x60-%d1%81%d0%bc-09391600\/","title":{"rendered":"SUPRAFATA DE PRAJIT PE GAZ, NETEDA -M-09391600"},"content":{"rendered":"<p><strong>SUPRAFATA DE PRAJIT PE GAZ, NETEDA -M-09391600-<\/strong> Suprafa\u021ba de pr\u0103jit pe gaz este realizat\u0103 din piese de \u00eenalt\u0103 calitate.<\/p>\n<p>Caracteristici<br \/>\nDistribuie uniform\u0103 de <span style=\"font-size: 14.4px\">c\u0103ldur\u0103\u00a0<\/span><br \/>\nPort de scurgere mare pentru operare \u0219i cur\u0103\u021bare u\u0219oar\u0103<br \/>\nCutie mare de colectare a gr\u0103similor cu o capacitate de 1 litru<br \/>\nAp\u0103r\u0103toare \u00eenalte din o\u021bel inoxidabil pe spate \u0219i laterale pentru u\u0219urin\u021b\u0103 \u00een utilizare<br \/>\nControlul temperaturii de la 50 la 300 de grade Celsius<br \/>\nZone de g\u0103tit controlate independent pentru utilizare eficient\u0103.<br \/>\nInc\u0103lzire rapid\u0103 cu arz\u0103toare din o\u021bel inoxidabil<br \/>\nAprindere piezo cu sc\u00e2nteie<br \/>\nDispozitive de siguran\u021b\u0103 pentru stingerea fl\u0103c\u0103rii<br \/>\nU\u0219or de cur\u0103\u021bat<br \/>\nGreutate neta: 33 kg<br \/>\nDimensiuni: L600 x D600 x H240 mm<br \/>\nPutere: 5,0 kW<\/p>\n","protected":false},"excerpt":{"rendered":"<p>Suprafa\u021b\u0103 de pr\u0103jit pe gaz neted\u0103 &#8211; 60\u00d760 \u0441\u043c. Distribuie uniform\u0103 de <span style=\"font-size: 14.4px\">c\u0103ldur\u0103; <\/span>Port de scurgere mare pentru operare \u0219i cur\u0103\u021bare u\u0219oar\u0103; Cutie mare de colectare a gr\u0103similor cu o capacitate de 1 litru; Ap\u0103r\u0103toare \u00eenalte din o\u021bel inoxidabil pe spate \u0219i laterale pentru u\u0219urin\u021b\u0103 \u00een utilizare; Controlul temperaturii de la 50 la 300 de grade Celsius; Zone de g\u0103tit controlate independent pentru utilizare eficient\u0103; Inc\u0103lzire rapid\u0103 cu arz\u0103toare din o\u021bel inoxidabil; Aprindere piezo cu sc\u00e2nteie; Dispozitive de siguran\u021b\u0103 pentru stingerea fl\u0103c\u0103rii; U\u0219or de cur\u0103\u021bat; Greutate neta: 33 kg; Dimensiuni: L600 x D600 x H240 mm; Putere: 5,0 kW.<\/p>\n","protected":false},"featured_media":28706,"template":"","meta":[],"_links":{"self":[{"href":"https:\/\/evotek.md\/ro\/wp-json\/wp\/v2\/product\/28715"}],"collection":[{"href":"https:\/\/evotek.md\/ro\/wp-json\/wp\/v2\/product"}],"about":[{"href":"https:\/\/evotek.md\/ro\/wp-json\/wp\/v2\/types\/product"}],"wp:featuredmedia":[{"embeddable":true,"href":"https:\/\/evotek.md\/ro\/wp-json\/wp\/v2\/media\/28706"}],"wp:attachment":[{"href":"https:\/\/evotek.md\/ro\/wp-json\/wp\/v2\/media?parent=28715"}],"curies":[{"name":"wp","href":"https:\/\/api.w.org\/{rel}","templated":true}]}}