{"id":2871,"date":"2020-02-24T13:12:21","date_gmt":"2020-02-24T13:23:22","guid":{"rendered":"https:\/\/evotek.md\/?post_type=product&#038;p=2871"},"modified":"2023-01-19T11:40:53","modified_gmt":"2023-01-19T11:40:53","slug":"vitrina-frigorifica-100-l-negru-852101","status":"publish","type":"product","link":"https:\/\/evotek.md\/ro\/produse\/echipamente-pentru-bar-si-cafea\/vitrine-frigorifice-pentru-patiserie-2\/vitrina-frigorifica-100-l-negru-852101\/","title":{"rendered":"VITRINA FRIGORIFICA PENTRU PATISERIE DE MASA 100 L NEAGRA -ST-852101"},"content":{"rendered":"<p><strong>VITRINA FRIGORIFICA PENTRU PATISERIE DE MASA 100 L NEAGRA -ST-852101-<\/strong> Acest model are sticl\u0103 pe toate patru laturi. Intervalul de temperatur\u0103: 0 &#8230; + 12 \u00b0 \u0421, circula\u021bia aerului rece, 2 rafturi incluse, recipient iluminat, container pentru condensat, regim auto-decongelare.<\/p>\n<p>Caracteristici<br \/>\nTip: vitrine frigorifice de mas\u0103<br \/>\nNum\u0103rul de rafturi: 2<br \/>\nStare de temperatur\u0103: 0 &#8230; + 12 \u00b0 \u0421<br \/>\nVolumul: 100 L<br \/>\nTensiune: 220 V<br \/>\nPutere: 0,16 kW<br \/>\nDimensiuni: 682x450x675 mm<br \/>\nProduc\u0103tor: Stalgast, <span style=\"font-size: 14.4px\">Polonia<\/span><\/p>\n<p>&nbsp;<\/p>\n","protected":false},"excerpt":{"rendered":"<p>Vitrin\u0103 frigorific\u0103 de mas\u0103 cu dou\u0103 rafturi cu o capacitate de 100 litri. Dimensiuni generale: 682x450x675 mm; Tensiune: 220 V; Putere: 160 W; Stare de temperatur\u0103: 0 &#8230; + 12 \u00b0 \u0421.<\/p>\n<p>&nbsp;<\/p>\n","protected":false},"featured_media":2870,"template":"","meta":[],"_links":{"self":[{"href":"https:\/\/evotek.md\/ro\/wp-json\/wp\/v2\/product\/2871"}],"collection":[{"href":"https:\/\/evotek.md\/ro\/wp-json\/wp\/v2\/product"}],"about":[{"href":"https:\/\/evotek.md\/ro\/wp-json\/wp\/v2\/types\/product"}],"wp:featuredmedia":[{"embeddable":true,"href":"https:\/\/evotek.md\/ro\/wp-json\/wp\/v2\/media\/2870"}],"wp:attachment":[{"href":"https:\/\/evotek.md\/ro\/wp-json\/wp\/v2\/media?parent=2871"}],"curies":[{"name":"wp","href":"https:\/\/api.w.org\/{rel}","templated":true}]}}