{"id":28690,"date":"2022-03-16T14:39:10","date_gmt":"2022-03-16T14:39:10","guid":{"rendered":"https:\/\/evotek.md\/produse\/fara-categorie\/suprafata-de-prajit-neteda-pe-gaz-40x60-cm-m-09391580\/"},"modified":"2023-02-20T14:04:01","modified_gmt":"2023-02-20T14:04:01","slug":"suprafata-de-prajit-neteda-pe-gaz-40x60-cm-m-09391580","status":"publish","type":"product","link":"https:\/\/evotek.md\/ro\/produse\/echipamente-termice\/suprafete-de-prajire\/suprafata-de-prajit-neteda-pe-gaz-40x60-cm-m-09391580\/","title":{"rendered":"SUPRAFATA DE PRAJIT PE GAZ, NETEDA -M-09391580"},"content":{"rendered":"<p><strong>SUPRAFATA DE PRAJIT PE GAZ, NETEDA -M-09391580-<\/strong> Suprafa\u021ba de pr\u0103jit pe gaz este realizat\u0103 din piese de \u00eenalt\u0103 calitate.<\/p>\n<p>Caracteristici<br \/>\nDistribuie uniform\u0103 de <span style=\"font-size: 14.4px\">c\u0103ldur\u0103\u00a0<\/span><br \/>\nGaur\u0103\u00a0de scurgere mare pentru operare \u0219i cur\u0103\u021bare u\u0219oar\u0103<br \/>\nCutie mare de colectare a gr\u0103similor cu o capacitate de 1 litru<br \/>\nAp\u0103r\u0103toare \u00eenalte din o\u021bel inoxidabil pe spate \u0219i laterale pentru u\u0219urin\u021b\u0103 \u00een utilizare<br \/>\nControlul temperaturii de la 50 la 300 de grade Celsius<br \/>\nZone controlate independent pentru utilizare eficient\u0103<br \/>\n\u00cenc\u0103lzire rapid\u0103 cu arz\u0103toare din o\u021bel inoxidabil<br \/>\nAprindere piezo cu sc\u00e2nteie<br \/>\nDispozitive de siguran\u021b\u0103 pentru stingerea fl\u0103c\u0103rii<br \/>\nU\u0219or de cur\u0103\u021bat<br \/>\nGreutate net\u0103: 20 kg<br \/>\nDimensiuni: L400 x D600 x H240 mm<br \/>\nPutere: 3,0 kW<br \/>\nDuze de gaz preinstalate: G25 &#8211; gaz natural<br \/>\nSet suplimentar de duze de gaz: G30 &#8211; GPL (propan \/ butan)<\/p>\n","protected":false},"excerpt":{"rendered":"<p>Suprafa\u021b\u0103 de pr\u0103jit pe gaz <span style=\"font-size: 14.4px\">neted\u0103<\/span><span style=\"font-size: 14.4px\"> &#8211; 40&#215;60 \u0441\u043c. Distribuie uniform\u0103 de c\u0103ldur\u0103; Gaur\u0103 de scurgere mare pentru operare \u0219i cur\u0103\u021bare u\u0219oar\u0103; Cutie mare de colectare a gr\u0103similor cu o capacitate de 1 litru; Ap\u0103r\u0103toare \u00eenalte din o\u021bel inoxidabil pe spate \u0219i laterale pentru u\u0219urin\u021b\u0103 \u00een utilizare; Controlul temperaturii de la 50 la 300 de grade Celsius; Zone controlate independent pentru utilizare eficient\u0103; \u00cenc\u0103lzire rapid\u0103 cu arz\u0103toare din o\u021bel inoxidabil; Aprindere piezo cu sc\u00e2nteie; Dispozitive de siguran\u021b\u0103 pentru stingerea fl\u0103c\u0103rii; U\u0219or de cur\u0103\u021bat; Greutate net\u0103: 20 kg; Dimensiuni: L400 x D600 x H240 mm; Putere: 3,0 kW; Duze de gaz preinstalate: G25 &#8211; gaz natural; Set suplimentar de duze de gaz: G30 &#8211; GPL (propan \/ butan).<\/span><\/p>\n","protected":false},"featured_media":28681,"template":"","meta":[],"_links":{"self":[{"href":"https:\/\/evotek.md\/ro\/wp-json\/wp\/v2\/product\/28690"}],"collection":[{"href":"https:\/\/evotek.md\/ro\/wp-json\/wp\/v2\/product"}],"about":[{"href":"https:\/\/evotek.md\/ro\/wp-json\/wp\/v2\/types\/product"}],"wp:featuredmedia":[{"embeddable":true,"href":"https:\/\/evotek.md\/ro\/wp-json\/wp\/v2\/media\/28681"}],"wp:attachment":[{"href":"https:\/\/evotek.md\/ro\/wp-json\/wp\/v2\/media?parent=28690"}],"curies":[{"name":"wp","href":"https:\/\/api.w.org\/{rel}","templated":true}]}}