{"id":28678,"date":"2022-03-16T14:22:28","date_gmt":"2022-03-16T14:22:28","guid":{"rendered":"https:\/\/evotek.md\/produse\/fara-categorie\/suprafata-de-prajire-riflata-40x60-cm-m-09391620\/"},"modified":"2023-02-20T15:01:08","modified_gmt":"2023-02-20T15:01:08","slug":"suprafata-de-prajire-riflata-40x60-cm-m-09391620","status":"publish","type":"product","link":"https:\/\/evotek.md\/ro\/produse\/echipamente-termice\/suprafete-de-prajire\/suprafata-de-prajire-riflata-40x60-cm-m-09391620\/","title":{"rendered":"SUPRAFATA DE PRAJIT ELECTRICA, RIFLATA -M-09391620"},"content":{"rendered":"<p><strong>SUPRAFATA DE PRAJIT ELECTRICA, RIFLATA -M-09391620-<\/strong> Suprafa\u021ba de pr\u0103jire electric\u0103 este realizat\u0103 din piese de \u00eenalt\u0103 calitate.<\/p>\n<p>Caracteristici<br \/>\nDistribuie caldura uniform<br \/>\nGaur\u0103\u00a0de scurgere mare pentru operare \u0219i cur\u0103\u021bare u\u0219oar\u0103<br \/>\nCutie mare de colectare a gr\u0103similor cu o capacitate de 1 litru<br \/>\nAp\u0103r\u0103toare \u00eenalte din o\u021bel inoxidabil pe spate \u0219i laterale pentru u\u0219urin\u021b\u0103 \u00een utilizare<br \/>\nControlul temperaturii de la 50 la 300 de grade Celsius<br \/>\nZone controlate independent pentru utilizare eficient\u0103<br \/>\nU\u0219or de cur\u0103\u021bat<br \/>\nGreutate neta: 20 kg<br \/>\nDimensiuni: L400 x D600 x H240 mm<br \/>\nConexiune: 230 V \/ 50 Hz \/ 1 faza 3000 W<\/p>\n","protected":false},"excerpt":{"rendered":"<p>Suprafa\u021b\u0103 de pr\u0103jire riflat\u0103 40\u00d760 cm. Distribuie caldura uniform; Gaur\u0103 de scurgere mare pentru operare \u0219i cur\u0103\u021bare u\u0219oar\u0103; Cutie mare de colectare a gr\u0103similor cu o capacitate de 1 litru; Ap\u0103r\u0103toare \u00eenalte din o\u021bel inoxidabil pe spate \u0219i laterale pentru u\u0219urin\u021b\u0103 \u00een utilizare; Controlul temperaturii de la 50 la 300 de grade Celsius; Zone controlate independent pentru utilizare eficient\u0103; U\u0219or de cur\u0103\u021bat; Greutate neta: 20 kg; Dimensiuni: L400 x D600 x H240 mm; Conexiune: 230 V \/ 50 Hz \/ 1 faza 3000 W.<\/p>\n","protected":false},"featured_media":28669,"template":"","meta":[],"_links":{"self":[{"href":"https:\/\/evotek.md\/ro\/wp-json\/wp\/v2\/product\/28678"}],"collection":[{"href":"https:\/\/evotek.md\/ro\/wp-json\/wp\/v2\/product"}],"about":[{"href":"https:\/\/evotek.md\/ro\/wp-json\/wp\/v2\/types\/product"}],"wp:featuredmedia":[{"embeddable":true,"href":"https:\/\/evotek.md\/ro\/wp-json\/wp\/v2\/media\/28669"}],"wp:attachment":[{"href":"https:\/\/evotek.md\/ro\/wp-json\/wp\/v2\/media?parent=28678"}],"curies":[{"name":"wp","href":"https:\/\/api.w.org\/{rel}","templated":true}]}}