{"id":28664,"date":"2022-03-16T13:28:51","date_gmt":"2022-03-16T13:28:51","guid":{"rendered":"https:\/\/evotek.md\/produse\/fara-categorie\/suprafata-de-prajire-40x60-cm-m-09391610\/"},"modified":"2023-02-20T15:09:10","modified_gmt":"2023-02-20T15:09:10","slug":"suprafata-de-prajire-40x60-cm-m-09391610","status":"publish","type":"product","link":"https:\/\/evotek.md\/ro\/produse\/echipamente-termice\/suprafete-de-prajire\/suprafata-de-prajire-40x60-cm-m-09391610\/","title":{"rendered":"SUPRAFATA DE PRAJIT ELECTRICA, NETEDA -M-09391610"},"content":{"rendered":"<p><strong>SUPRAFATA DE PRAJIT ELECTRICA, NETEDA -M-09391610-<\/strong> Suprafa\u021ba electric\u0103 de pr\u0103jit este realizat\u0103 din piese de \u00eenalt\u0103 calitate.<\/p>\n<p>Caracteristici<br \/>\nDistribuie uniform <span style=\"font-size: 14.4px\">c\u0103ldura\u00a0<\/span><br \/>\nGaur\u0103 pentru scurgere mare pentru operare \u0219i cur\u0103\u021bare u\u0219oar\u0103<br \/>\nCutie mare de colectare a gr\u0103similor cu o capacitate de 1 litru<br \/>\nAp\u0103r\u0103toare \u00eenalte din o\u021bel inoxidabil pe spate \u0219i laterale pentru u\u0219urin\u021b\u0103 \u00een utilizare<br \/>\nControlul temperaturii de la 50 la 300 de grade Celsius<br \/>\nZone controlate independent pentru utilizare eficient\u0103<br \/>\nU\u0219or de cur\u0103\u021bat<br \/>\nGreutate net\u0103: 20 kg<br \/>\nDimensiuni: L400 x D600 x H240 mm<br \/>\nConexiune: 230 V \/ 50 Hz \/ 1 faza 3000 W<\/p>\n","protected":false},"excerpt":{"rendered":"<p>Suprafa\u021b\u0103 de pr\u0103jire neted\u0103 40&#215;60 cm. Distribuie uniform c\u0103ldura; Gaur\u0103 pentru scurgere mare pentru operare \u0219i cur\u0103\u021bare u\u0219oar\u0103; Cutie mare de colectare a gr\u0103similor cu o capacitate de 1 litru; Ap\u0103r\u0103toare \u00eenalte din o\u021bel inoxidabil pe spate \u0219i laterale pentru u\u0219urin\u021b\u0103 \u00een utilizare; Controlul temperaturii de la 50 la 300 de grade Celsius; Zone controlate independent pentru utilizare eficient\u0103; U\u0219or de cur\u0103\u021bat; Greutate net\u0103: 20 kg; Dimensiuni: L400 x D600 x H240 mm; Conexiune: 230 V \/ 50 Hz \/ 1 faza 3000 W.<\/p>\n","protected":false},"featured_media":28654,"template":"","meta":[],"_links":{"self":[{"href":"https:\/\/evotek.md\/ro\/wp-json\/wp\/v2\/product\/28664"}],"collection":[{"href":"https:\/\/evotek.md\/ro\/wp-json\/wp\/v2\/product"}],"about":[{"href":"https:\/\/evotek.md\/ro\/wp-json\/wp\/v2\/types\/product"}],"wp:featuredmedia":[{"embeddable":true,"href":"https:\/\/evotek.md\/ro\/wp-json\/wp\/v2\/media\/28654"}],"wp:attachment":[{"href":"https:\/\/evotek.md\/ro\/wp-json\/wp\/v2\/media?parent=28664"}],"curies":[{"name":"wp","href":"https:\/\/api.w.org\/{rel}","templated":true}]}}