{"id":28618,"date":"2022-03-16T09:45:44","date_gmt":"2022-03-16T09:45:44","guid":{"rendered":"https:\/\/evotek.md\/produse\/fara-categorie\/suprafata-de-prajire-riflata-36-%d1%81%d0%bc-09365161\/"},"modified":"2023-02-20T14:40:03","modified_gmt":"2023-02-20T14:40:03","slug":"suprafata-de-prajire-riflata-36-%d1%81%d0%bc-09365161","status":"publish","type":"product","link":"https:\/\/evotek.md\/ro\/produse\/echipamente-termice\/suprafete-de-prajire\/suprafata-de-prajire-riflata-36-%d1%81%d0%bc-09365161\/","title":{"rendered":"SUPRAFATA DE PRAJIT ELECTRICA, RIFLATA -M-09365161"},"content":{"rendered":"<p><strong>SUPRAFATA DE PRAJIT ELECTRICA, RIFLATA -M-09365161-<\/strong> Suprafa\u021ba de pr\u0103jire electric\u0103 are o zon\u0103 de lucru riflat\u0103 din o\u021bel de 8 mm grosime cu finisaj mat \u0219i este potrivit\u0103 pentru performan\u021b\u0103 ridicat\u0103 \u0219i utilizare zilnic\u0103 intensiv\u0103. Suprafa\u021ba are o distribu\u021bie uniform\u0103 a c\u0103ldurii, astfel \u00eenc\u00e2t alimentele se g\u0103tesc uniform. Sub zona de lucru se afl\u0103 o tav\u0103 de gr\u0103sime deta\u0219abil\u0103, iar suprafa\u021ba este prev\u0103zut\u0103 cu ap\u0103r\u0103toare \u00eenalte din o\u021bel inoxidabil pentru a preveni stropirea cu ulei. \u00cempreun\u0103 cu designul ergonomic al suprafe\u021bei, aceasta asigur\u0103 o munc\u0103 pl\u0103cut\u0103 \u0219i sigur\u0103. Carcasa, ap\u0103r\u0103toarele de noroi \u0219i suprafa\u021ba de pr\u0103jire din o\u021bel inoxidabil sunt u\u0219or de cur\u0103\u021bat. Cu acest aparat, pute\u021bi pr\u0103ji un num\u0103r mare de alimente \u00een acela\u0219i timp.<\/p>\n<p>Caracteristici<br \/>\nSuprafata de prajit cu finisaj satinat<br \/>\nTermostat de la 50 \u00baC la 300 \u00baC<br \/>\nIndicator de temperatur\u0103<br \/>\nDistribu\u021bie uniform\u0103 \u0219i rapid\u0103 a c\u0103ldurii<br \/>\nSt\u0103 pe 4 picioare de cauciuc<br \/>\nConstruc\u021bie foarte durabil\u0103<br \/>\nDesign igienic<br \/>\nGreutate neta: 17 kg<br \/>\nDimensiunea suprafe\u021bei: L356 x D385 mm<br \/>\nDimensiuni aparat: L360 x D450 x H220 mm<br \/>\nPutere electric\u0103 total\u0103: 2,0 kW<br \/>\nPutere: 230V \/ 50Hz \/ 1 faza 2000W<\/p>\n","protected":false},"excerpt":{"rendered":"<p>Suprafata de prajit riflat\u0103 cu finisaj satinat 36 \u0441\u043c. Termostat de la 50 \u00baC la 300 \u00baC; Indicator de temperatur\u0103; Distribu\u021bie uniform\u0103 \u0219i rapid\u0103 a c\u0103ldurii; St\u0103 pe 4 picioare de cauciuc; Construc\u021bie foarte durabil\u0103; Design igienic; Greutate neta: 17 kg; Dimensiunea suprafe\u021bei: L356 x D385 mm; Dimensiuni aparat: L360 x D450 x H220 mm; Putere electric\u0103 total\u0103: 2,0 kW; Putere: 230V \/ 50Hz \/ 1 faza 2000W.<\/p>\n","protected":false},"featured_media":28607,"template":"","meta":[],"_links":{"self":[{"href":"https:\/\/evotek.md\/ro\/wp-json\/wp\/v2\/product\/28618"}],"collection":[{"href":"https:\/\/evotek.md\/ro\/wp-json\/wp\/v2\/product"}],"about":[{"href":"https:\/\/evotek.md\/ro\/wp-json\/wp\/v2\/types\/product"}],"wp:featuredmedia":[{"embeddable":true,"href":"https:\/\/evotek.md\/ro\/wp-json\/wp\/v2\/media\/28607"}],"wp:attachment":[{"href":"https:\/\/evotek.md\/ro\/wp-json\/wp\/v2\/media?parent=28618"}],"curies":[{"name":"wp","href":"https:\/\/api.w.org\/{rel}","templated":true}]}}